{"id":1277,"date":"2026-01-15T13:53:13","date_gmt":"2026-01-15T13:53:13","guid":{"rendered":"https:\/\/df-abstract.com\/?page_id=1277"},"modified":"2026-02-09T11:09:05","modified_gmt":"2026-02-09T11:09:05","slug":"contact","status":"publish","type":"page","link":"https:\/\/df-abstract.com\/en\/contact\/","title":{"rendered":"contact"},"content":{"rendered":"<p> <\/p>\n\n\n\n<p>DF-ABSTRACT does not communicate on social media.<br>\nexchanges are deliberately conducted by email.<\/p>\n\n\n\n<p>for any request for information, acquisition, or artistic collaboration, you may write to:   <\/p>\n\n\n\n<p><strong>contact@df-abstract.com<\/strong><\/p>\n\n\n\n<p><\/p>","protected":false},"excerpt":{"rendered":"<p>DF-ABSTRACT ne communique pas sur les r\u00e9seaux sociaux. Les \u00e9changes se font volontairement par courrier \u00e9lectronique. pour toute demande d&rsquo;information, acquisition ou collaboration artistique, vous pouvez \u00e9crire \u00e0 : contact@df-abstract.com<\/p>","protected":false},"author":1,"featured_media":0,"parent":0,"menu_order":36,"comment_status":"closed","ping_status":"closed","template":"page-with-title","meta":{"footnotes":""},"class_list":["post-1277","page","type-page","status-publish","hentry"],"_links":{"self":[{"href":"https:\/\/df-abstract.com\/en\/wp-json\/wp\/v2\/pages\/1277","targetHints":{"allow":["GET"]}}],"collection":[{"href":"https:\/\/df-abstract.com\/en\/wp-json\/wp\/v2\/pages"}],"about":[{"href":"https:\/\/df-abstract.com\/en\/wp-json\/wp\/v2\/types\/page"}],"author":[{"embeddable":true,"href":"https:\/\/df-abstract.com\/en\/wp-json\/wp\/v2\/users\/1"}],"replies":[{"embeddable":true,"href":"https:\/\/df-abstract.com\/en\/wp-json\/wp\/v2\/comments?post=1277"}],"version-history":[{"count":16,"href":"https:\/\/df-abstract.com\/en\/wp-json\/wp\/v2\/pages\/1277\/revisions"}],"predecessor-version":[{"id":3741,"href":"https:\/\/df-abstract.com\/en\/wp-json\/wp\/v2\/pages\/1277\/revisions\/3741"}],"wp:attachment":[{"href":"https:\/\/df-abstract.com\/en\/wp-json\/wp\/v2\/media?parent=1277"}],"curies":[{"name":"wp","href":"https:\/\/api.w.org\/{rel}","templated":true}]}}