{"id":1376,"date":"2026-01-15T15:04:16","date_gmt":"2026-01-15T15:04:16","guid":{"rendered":"https:\/\/df-abstract.com\/?page_id=1376"},"modified":"2026-03-14T09:05:59","modified_gmt":"2026-03-14T09:05:59","slug":"isolata","status":"publish","type":"page","link":"https:\/\/df-abstract.com\/en\/isolata\/","title":{"rendered":"<em>isolata<\/em>"},"content":{"rendered":"<div class=\"wp-block-columns is-layout-flex wp-container-core-columns-is-layout-28f84493 wp-block-columns-is-layout-flex\">\n<div class=\"wp-block-column is-layout-flow wp-block-column-is-layout-flow\" style=\"flex-basis:100%\">\n<div class=\"wp-block-group alignwide is-vertical is-layout-flex wp-container-core-group-is-layout-c35747d5 wp-block-group-is-layout-flex\">\n<div class=\"wp-block-group has-global-padding is-layout-constrained wp-container-core-group-is-layout-5e05634a wp-block-group-is-layout-constrained\">\n<p><\/p>\n\n\n\n<div class=\"wp-block-group has-global-padding is-layout-constrained wp-container-core-group-is-layout-9b5fd1f6 wp-block-group-is-layout-constrained\">\n<figure class=\"wp-block-image size-large is-resized\"><img loading=\"lazy\" decoding=\"async\" width=\"683\" height=\"1024\" src=\"https:\/\/df-abstract.com\/wp-content\/uploads\/2026\/01\/Isolata-Prima-683x1024.png\" alt=\"\" class=\"wp-image-1738\" style=\"aspect-ratio:0.6670060281312793;width:289px;height:auto\" srcset=\"https:\/\/df-abstract.com\/wp-content\/uploads\/2026\/01\/Isolata-Prima-683x1024.png 683w, https:\/\/df-abstract.com\/wp-content\/uploads\/2026\/01\/Isolata-Prima-200x300.png 200w, https:\/\/df-abstract.com\/wp-content\/uploads\/2026\/01\/Isolata-Prima-768x1152.png 768w, https:\/\/df-abstract.com\/wp-content\/uploads\/2026\/01\/Isolata-Prima-8x12.png 8w, https:\/\/df-abstract.com\/wp-content\/uploads\/2026\/01\/Isolata-Prima-600x900.png 600w, https:\/\/df-abstract.com\/wp-content\/uploads\/2026\/01\/Isolata-Prima.png 1024w\" sizes=\"auto, (max-width: 683px) 100vw, 683px\" \/><\/figure>\n\n\n\n<p><strong>famille : <em>gravitas<\/em><br>oeuvre :<em> <em>isolata<\/em><\/em><\/strong><\/p>\n\n\n\n<p class=\"translation-block\">a single form remains, detached from any context.<br>\nisolated from flow and relation, it asserts its own weight.<\/p>\n\n\n\n<p class=\"translation-block\">the surrounding void is not absence,,<br>\nbut an active space that reinforces the presence of the structure.<\/p>\n\n\n\n<p class=\"translation-block\"><em>isolata<\/em> questions the persistence of <br>\nwhen no force comes to displace it,<br>\nwhen it remains alone, stable, irreducible.<\/p>\n\n\n\n<h5 class=\"wp-block-heading\">variations<\/h5>\n\n\n\n<figure class=\"wp-block-image size-large is-resized\"><img loading=\"lazy\" decoding=\"async\" width=\"683\" height=\"1024\" src=\"https:\/\/df-abstract.com\/wp-content\/uploads\/2026\/01\/Isolatta-Distillata-683x1024.png\" alt=\"\" class=\"wp-image-1401\" style=\"width:314px;height:auto\" srcset=\"https:\/\/df-abstract.com\/wp-content\/uploads\/2026\/01\/Isolatta-Distillata-683x1024.png 683w, https:\/\/df-abstract.com\/wp-content\/uploads\/2026\/01\/Isolatta-Distillata-200x300.png 200w, https:\/\/df-abstract.com\/wp-content\/uploads\/2026\/01\/Isolatta-Distillata-768x1152.png 768w, https:\/\/df-abstract.com\/wp-content\/uploads\/2026\/01\/Isolatta-Distillata-8x12.png 8w, https:\/\/df-abstract.com\/wp-content\/uploads\/2026\/01\/Isolatta-Distillata-600x900.png 600w, https:\/\/df-abstract.com\/wp-content\/uploads\/2026\/01\/Isolatta-Distillata.png 1024w\" sizes=\"auto, (max-width: 683px) 100vw, 683px\" \/><figcaption class=\"wp-element-caption\"><em>distillata<\/em><\/figcaption><\/figure>\n\n\n\n<figure class=\"wp-block-image size-large is-resized\"><img loading=\"lazy\" decoding=\"async\" width=\"683\" height=\"1024\" src=\"https:\/\/df-abstract.com\/wp-content\/uploads\/2026\/01\/Isolata-Lumen-683x1024.png\" alt=\"\" class=\"wp-image-1403\" style=\"width:317px;height:auto\" srcset=\"https:\/\/df-abstract.com\/wp-content\/uploads\/2026\/01\/Isolata-Lumen-683x1024.png 683w, https:\/\/df-abstract.com\/wp-content\/uploads\/2026\/01\/Isolata-Lumen-200x300.png 200w, https:\/\/df-abstract.com\/wp-content\/uploads\/2026\/01\/Isolata-Lumen-768x1152.png 768w, https:\/\/df-abstract.com\/wp-content\/uploads\/2026\/01\/Isolata-Lumen-8x12.png 8w, https:\/\/df-abstract.com\/wp-content\/uploads\/2026\/01\/Isolata-Lumen-600x900.png 600w, https:\/\/df-abstract.com\/wp-content\/uploads\/2026\/01\/Isolata-Lumen.png 1024w\" sizes=\"auto, (max-width: 683px) 100vw, 683px\" \/><figcaption class=\"wp-element-caption\"><em>lumen<\/em><\/figcaption><\/figure>\n\n\n\n<figure class=\"wp-block-image size-large is-resized\"><img loading=\"lazy\" decoding=\"async\" width=\"683\" height=\"1024\" src=\"https:\/\/df-abstract.com\/wp-content\/uploads\/2026\/01\/Isolata-extrema-2-683x1024.png\" alt=\"\" class=\"wp-image-1894\" style=\"aspect-ratio:0.6669938508617455;width:318px;height:auto\" srcset=\"https:\/\/df-abstract.com\/wp-content\/uploads\/2026\/01\/Isolata-extrema-2-683x1024.png 683w, https:\/\/df-abstract.com\/wp-content\/uploads\/2026\/01\/Isolata-extrema-2-200x300.png 200w, https:\/\/df-abstract.com\/wp-content\/uploads\/2026\/01\/Isolata-extrema-2-768x1152.png 768w, https:\/\/df-abstract.com\/wp-content\/uploads\/2026\/01\/Isolata-extrema-2-8x12.png 8w, https:\/\/df-abstract.com\/wp-content\/uploads\/2026\/01\/Isolata-extrema-2-600x900.png 600w, https:\/\/df-abstract.com\/wp-content\/uploads\/2026\/01\/Isolata-extrema-2.png 1024w\" sizes=\"auto, (max-width: 683px) 100vw, 683px\" \/><figcaption class=\"wp-element-caption\"><em>saturatio<\/em><\/figcaption><\/figure>\n\n\n\n<p class=\"translation-block\">some variations belong to the complete process<br>\nbut are not presented here.<\/p>\n<\/div>\n<\/div>\n\n\n\n<div class=\"wp-block-columns alignwide is-layout-flex wp-container-core-columns-is-layout-28f84493 wp-block-columns-is-layout-flex\">\n<div class=\"wp-block-column is-layout-flow wp-block-column-is-layout-flow\"><\/div>\n<\/div>\n\n\n\n<div style=\"width:100%; text-align:right; margin-top:40px;\">\n<a href=\"https:\/\/df-abstract.com\/en\/tensio\/\" style=\"font-style:italic; opacity:0.8;\">\nnext work \u2192 <em>tensio<\/em>\n<\/a>\n<\/div>\n\n\n\n<div style=\"width:100%; text-align:right; margin-top:40px;\" class=\"translation-block\">\u2192 <em><a href=\"https:\/\/df-abstract.com\/en\/art-geometrique-contemporain\/\">contemporary geometric art<\/a><\/em><\/div>\n\n\n\n<p><\/p>\n<\/div>\n<\/div>\n<\/div>","protected":false},"excerpt":{"rendered":"<p>famille : gravitasoeuvre : isolata une forme unique subsiste, d\u00e9tach\u00e9e de tout contexte.isol\u00e9e du flux et de la relation, elle affirme son poids propre. le vide environnant n\u2019est pas absence,mais un espace actif qui renforce la pr\u00e9sence de la structure. isolata interroge la persistance de la formelorsqu\u2019aucune force ne vient la d\u00e9placer,lorsqu\u2019elle demeure seule, stable, [&hellip;]<\/p>\n","protected":false},"author":1,"featured_media":0,"parent":0,"menu_order":35,"comment_status":"closed","ping_status":"closed","template":"page-with-title","meta":{"footnotes":""},"class_list":["post-1376","page","type-page","status-publish","hentry"],"_links":{"self":[{"href":"https:\/\/df-abstract.com\/en\/wp-json\/wp\/v2\/pages\/1376","targetHints":{"allow":["GET"]}}],"collection":[{"href":"https:\/\/df-abstract.com\/en\/wp-json\/wp\/v2\/pages"}],"about":[{"href":"https:\/\/df-abstract.com\/en\/wp-json\/wp\/v2\/types\/page"}],"author":[{"embeddable":true,"href":"https:\/\/df-abstract.com\/en\/wp-json\/wp\/v2\/users\/1"}],"replies":[{"embeddable":true,"href":"https:\/\/df-abstract.com\/en\/wp-json\/wp\/v2\/comments?post=1376"}],"version-history":[{"count":102,"href":"https:\/\/df-abstract.com\/en\/wp-json\/wp\/v2\/pages\/1376\/revisions"}],"predecessor-version":[{"id":5042,"href":"https:\/\/df-abstract.com\/en\/wp-json\/wp\/v2\/pages\/1376\/revisions\/5042"}],"wp:attachment":[{"href":"https:\/\/df-abstract.com\/en\/wp-json\/wp\/v2\/media?parent=1376"}],"curies":[{"name":"wp","href":"https:\/\/api.w.org\/{rel}","templated":true}]}}