{"id":1500,"date":"2026-01-15T16:44:15","date_gmt":"2026-01-15T16:44:15","guid":{"rendered":"https:\/\/df-abstract.com\/?page_id=1500"},"modified":"2026-03-14T09:13:05","modified_gmt":"2026-03-14T09:13:05","slug":"pulsus-2","status":"publish","type":"page","link":"https:\/\/df-abstract.com\/en\/pulsus-2\/","title":{"rendered":"pulsus"},"content":{"rendered":"<figure class=\"wp-block-image size-full is-resized\"><img loading=\"lazy\" decoding=\"async\" width=\"1536\" height=\"1024\" src=\"https:\/\/df-abstract.com\/wp-content\/uploads\/2026\/01\/Pulsus-code-source.jpg\" alt=\"\" class=\"wp-image-1743\" style=\"aspect-ratio:1.5000376818147563;width:371px;height:auto\" srcset=\"https:\/\/df-abstract.com\/wp-content\/uploads\/2026\/01\/Pulsus-code-source.jpg 1536w, https:\/\/df-abstract.com\/wp-content\/uploads\/2026\/01\/Pulsus-code-source-300x200.jpg 300w, https:\/\/df-abstract.com\/wp-content\/uploads\/2026\/01\/Pulsus-code-source-1024x683.jpg 1024w, https:\/\/df-abstract.com\/wp-content\/uploads\/2026\/01\/Pulsus-code-source-768x512.jpg 768w, https:\/\/df-abstract.com\/wp-content\/uploads\/2026\/01\/Pulsus-code-source-18x12.jpg 18w, https:\/\/df-abstract.com\/wp-content\/uploads\/2026\/01\/Pulsus-code-source-600x400.jpg 600w\" sizes=\"auto, (max-width: 1536px) 100vw, 1536px\" \/><\/figure>\n\n\n\n<p class=\"translation-block\"><strong>family:<\/strong> <strong><em>resonantia<\/em><\/strong><br>\n<strong>work:<\/strong> <strong><em>pulsus<\/em><\/strong><\/p>\n\n\n\n<p>a continuous line is crossed by a single impulse. <\/p>\n\n\n\n<p>intensity emerges, reaches a peak, then dissipates.<\/p>\n\n\n\n<p>rhythm is not decorative:\nit is signal, a measurable variation within a stable state. <\/p>\n\n\n\n<p class=\"translation-block\"><em>pulsus<\/em> translates a moment of internal tension, a beat, an impulse, a brief but structuring event.<\/p>\n\n\n\n<p>the work explores the way in which a shock becomes form.<\/p>\n\n\n\n<h5 class=\"wp-block-heading\">variations<\/h5>\n\n\n\n<figure class=\"wp-block-gallery has-nested-images columns-default is-cropped wp-block-gallery-2 is-layout-flex wp-block-gallery-is-layout-flex\">\n<figure class=\"wp-block-image size-full\"><img loading=\"lazy\" decoding=\"async\" width=\"1536\" height=\"1024\" data-id=\"1456\" src=\"https:\/\/df-abstract.com\/wp-content\/uploads\/2026\/01\/Pulsus-Lumen.png\" alt=\"\" class=\"wp-image-1456\" srcset=\"https:\/\/df-abstract.com\/wp-content\/uploads\/2026\/01\/Pulsus-Lumen.png 1536w, https:\/\/df-abstract.com\/wp-content\/uploads\/2026\/01\/Pulsus-Lumen-300x200.png 300w, https:\/\/df-abstract.com\/wp-content\/uploads\/2026\/01\/Pulsus-Lumen-1024x683.png 1024w, https:\/\/df-abstract.com\/wp-content\/uploads\/2026\/01\/Pulsus-Lumen-768x512.png 768w, https:\/\/df-abstract.com\/wp-content\/uploads\/2026\/01\/Pulsus-Lumen-18x12.png 18w, https:\/\/df-abstract.com\/wp-content\/uploads\/2026\/01\/Pulsus-Lumen-600x400.png 600w\" sizes=\"auto, (max-width: 1536px) 100vw, 1536px\" \/><figcaption class=\"wp-element-caption\"><em>lumen<\/em><\/figcaption><\/figure>\n\n\n\n<figure class=\"wp-block-image size-full\"><img loading=\"lazy\" decoding=\"async\" width=\"1536\" height=\"1024\" data-id=\"1455\" src=\"https:\/\/df-abstract.com\/wp-content\/uploads\/2026\/01\/Pulsus-Extrema.png\" alt=\"\" class=\"wp-image-1455\" srcset=\"https:\/\/df-abstract.com\/wp-content\/uploads\/2026\/01\/Pulsus-Extrema.png 1536w, https:\/\/df-abstract.com\/wp-content\/uploads\/2026\/01\/Pulsus-Extrema-300x200.png 300w, https:\/\/df-abstract.com\/wp-content\/uploads\/2026\/01\/Pulsus-Extrema-1024x683.png 1024w, https:\/\/df-abstract.com\/wp-content\/uploads\/2026\/01\/Pulsus-Extrema-768x512.png 768w, https:\/\/df-abstract.com\/wp-content\/uploads\/2026\/01\/Pulsus-Extrema-18x12.png 18w, https:\/\/df-abstract.com\/wp-content\/uploads\/2026\/01\/Pulsus-Extrema-600x400.png 600w\" sizes=\"auto, (max-width: 1536px) 100vw, 1536px\" \/><figcaption class=\"wp-element-caption\"><em>saturatio<\/em><\/figcaption><\/figure>\n<\/figure>\n\n\n\n<p class=\"has-text-align-right\"><em><a href=\"https:\/\/df-abstract.com\/en\/familles-devocatio\/\" data-type=\"page\" data-id=\"4170\">back to <em>evocatio<\/em> families \u2192<\/a><\/em><\/p>\n\n\n\n<p class=\"has-text-align-right\"><em><a href=\"https:\/\/df-abstract.com\/en\/incisio\/\" data-type=\"page\" data-id=\"2845\">oeuvre suivante \u2192&nbsp;incisio<\/a><\/em><\/p>\n\n\n\n<p class=\"has-text-align-right translation-block\">\u2192 <em><a href=\"https:\/\/df-abstract.com\/en\/art-geometrique-contemporain\/\">contemporary geometric art<\/a><\/em><\/p>","protected":false},"excerpt":{"rendered":"<p>famille : resonantiaoeuvre :pulsus une ligne continue est travers\u00e9e par une impulsion unique. l\u2019intensit\u00e9 surgit, atteint un pic, puis se dissipe. le rythme n\u2019est pas d\u00e9coratif : il est signal, variation mesurable d\u2019un \u00e9tat stable. pulsus traduit un instant de tension interne, un battement, une impulsion, un \u00e9v\u00e9nement bref mais structurant. l\u2019oeuvre explore la mani\u00e8re [&hellip;]<\/p>\n","protected":false},"author":1,"featured_media":0,"parent":0,"menu_order":42,"comment_status":"closed","ping_status":"closed","template":"page-with-title","meta":{"footnotes":""},"class_list":["post-1500","page","type-page","status-publish","hentry"],"_links":{"self":[{"href":"https:\/\/df-abstract.com\/en\/wp-json\/wp\/v2\/pages\/1500","targetHints":{"allow":["GET"]}}],"collection":[{"href":"https:\/\/df-abstract.com\/en\/wp-json\/wp\/v2\/pages"}],"about":[{"href":"https:\/\/df-abstract.com\/en\/wp-json\/wp\/v2\/types\/page"}],"author":[{"embeddable":true,"href":"https:\/\/df-abstract.com\/en\/wp-json\/wp\/v2\/users\/1"}],"replies":[{"embeddable":true,"href":"https:\/\/df-abstract.com\/en\/wp-json\/wp\/v2\/comments?post=1500"}],"version-history":[{"count":57,"href":"https:\/\/df-abstract.com\/en\/wp-json\/wp\/v2\/pages\/1500\/revisions"}],"predecessor-version":[{"id":5049,"href":"https:\/\/df-abstract.com\/en\/wp-json\/wp\/v2\/pages\/1500\/revisions\/5049"}],"wp:attachment":[{"href":"https:\/\/df-abstract.com\/en\/wp-json\/wp\/v2\/media?parent=1500"}],"curies":[{"name":"wp","href":"https:\/\/api.w.org\/{rel}","templated":true}]}}