{"id":1514,"date":"2026-01-15T16:48:57","date_gmt":"2026-01-15T16:48:57","guid":{"rendered":"https:\/\/df-abstract.com\/?page_id=1514"},"modified":"2026-03-14T09:13:56","modified_gmt":"2026-03-14T09:13:56","slug":"incisio","status":"publish","type":"page","link":"https:\/\/df-abstract.com\/en\/incisio\/","title":{"rendered":"incisio"},"content":{"rendered":"<div class=\"wp-block-group is-style-ext-preset--group--natural-1--section has-background-background-color has-background has-global-padding is-layout-constrained wp-container-core-group-is-layout-f72f1611 wp-block-group-is-layout-constrained\" style=\"margin-top:0;margin-bottom:0;padding-top:var(--wp--preset--spacing--70);padding-bottom:var(--wp--preset--spacing--70)\">\n<div class=\"wp-block-group alignwide is-vertical is-layout-flex wp-container-core-group-is-layout-c35747d5 wp-block-group-is-layout-flex\">\n<div class=\"wp-block-group has-global-padding is-layout-constrained wp-container-core-group-is-layout-5e05634a wp-block-group-is-layout-constrained\">\n<div class=\"wp-block-media-text is-stacked-on-mobile is-vertically-aligned-center\" style=\"grid-template-columns:53% auto\"><figure class=\"wp-block-media-text__media\"><img loading=\"lazy\" decoding=\"async\" width=\"1024\" height=\"1024\" src=\"https:\/\/df-abstract.com\/wp-content\/uploads\/2026\/01\/Limen-1024x1024.jpg\" alt=\"\" class=\"wp-image-1450 size-full\" srcset=\"https:\/\/df-abstract.com\/wp-content\/uploads\/2026\/01\/Limen-1024x1024.jpg 1024w, https:\/\/df-abstract.com\/wp-content\/uploads\/2026\/01\/Limen-300x300.jpg 300w, https:\/\/df-abstract.com\/wp-content\/uploads\/2026\/01\/Limen-150x150.jpg 150w, https:\/\/df-abstract.com\/wp-content\/uploads\/2026\/01\/Limen-768x768.jpg 768w, https:\/\/df-abstract.com\/wp-content\/uploads\/2026\/01\/Limen-12x12.jpg 12w, https:\/\/df-abstract.com\/wp-content\/uploads\/2026\/01\/Limen-600x600.jpg 600w, https:\/\/df-abstract.com\/wp-content\/uploads\/2026\/01\/Limen-100x100.jpg 100w, https:\/\/df-abstract.com\/wp-content\/uploads\/2026\/01\/Limen.jpg 1536w\" sizes=\"auto, (max-width: 1024px) 100vw, 1024px\" \/><\/figure><div class=\"wp-block-media-text__content\">\n<p><strong>famille : <em><em>interruptio<\/em><\/em><br>oeuvre : <em>incisio<\/em><\/strong><\/p>\n\n\n\n<p class=\"translation-block\">a continuous surface is crossed by a single incision.<br>\nthe line does not divide space:<br>\nit opens it.<\/p>\n\n\n\n<p class=\"translation-block\">no accumulation, no progression.<br>\nthe gesture is minimal, irreversible.<\/p>\n\n\n\n<p class=\"translation-block\"><em>incisio<\/em> fixes the primary act of rupture, the moment when continuity is breached without preparation, without the possibility of return.<\/p>\n<\/div><\/div>\n<\/div>\n<\/div>\n<\/div>\n\n\n\n<div style=\"width:100%; text-align:right; margin-top:40px; font-style:italic;\">\n<a href=\"https:\/\/df-abstract.com\/en\/anomalia\/\">next work \u2192 <em>anomalia<\/em> <\/a>\n<\/div>\n\n\n\n<p class=\"has-text-align-right translation-block\">\u2192 <em><a href=\"https:\/\/df-abstract.com\/en\/art-geometrique-contemporain\/\">contemporary geometric art<\/a><\/em><\/p>","protected":false},"excerpt":{"rendered":"<p>famille : interruptiooeuvre : incisio une surface continue est travers\u00e9e par une entaille unique.la ligne ne divise pas l\u2019espace :elle l\u2019ouvre. aucune accumulation, aucune progression.le geste est minimal, irr\u00e9versible. incisio fixe l\u2019acte premier de la rupture, l\u2019instant o\u00f9 une continuit\u00e9 est atteinte sans pr\u00e9paration, sans reprise possible. oeuvre suivante \u2192 anomalia \u2192 art g\u00e9om\u00e9trique contemporain<\/p>","protected":false},"author":1,"featured_media":0,"parent":0,"menu_order":32,"comment_status":"closed","ping_status":"closed","template":"page-with-title","meta":{"footnotes":""},"class_list":["post-1514","page","type-page","status-publish","hentry"],"_links":{"self":[{"href":"https:\/\/df-abstract.com\/en\/wp-json\/wp\/v2\/pages\/1514","targetHints":{"allow":["GET"]}}],"collection":[{"href":"https:\/\/df-abstract.com\/en\/wp-json\/wp\/v2\/pages"}],"about":[{"href":"https:\/\/df-abstract.com\/en\/wp-json\/wp\/v2\/types\/page"}],"author":[{"embeddable":true,"href":"https:\/\/df-abstract.com\/en\/wp-json\/wp\/v2\/users\/1"}],"replies":[{"embeddable":true,"href":"https:\/\/df-abstract.com\/en\/wp-json\/wp\/v2\/comments?post=1514"}],"version-history":[{"count":32,"href":"https:\/\/df-abstract.com\/en\/wp-json\/wp\/v2\/pages\/1514\/revisions"}],"predecessor-version":[{"id":5050,"href":"https:\/\/df-abstract.com\/en\/wp-json\/wp\/v2\/pages\/1514\/revisions\/5050"}],"wp:attachment":[{"href":"https:\/\/df-abstract.com\/en\/wp-json\/wp\/v2\/media?parent=1514"}],"curies":[{"name":"wp","href":"https:\/\/api.w.org\/{rel}","templated":true}]}}