{"id":1527,"date":"2026-01-15T16:53:15","date_gmt":"2026-01-15T16:53:15","guid":{"rendered":"https:\/\/df-abstract.com\/?page_id=1527"},"modified":"2026-03-14T09:08:53","modified_gmt":"2026-03-14T09:08:53","slug":"fluxus","status":"publish","type":"page","link":"https:\/\/df-abstract.com\/en\/fluxus\/","title":{"rendered":"<em>fluxus<\/em>"},"content":{"rendered":"<div class=\"wp-block-media-text alignwide is-stacked-on-mobile\" style=\"grid-template-columns:27% auto\"><figure class=\"wp-block-media-text__media\"><img loading=\"lazy\" decoding=\"async\" width=\"683\" height=\"1024\" src=\"https:\/\/df-abstract.com\/wp-content\/uploads\/2026\/01\/fluxus-code-source-683x1024.png\" alt=\"\" class=\"wp-image-1746 size-full\" srcset=\"https:\/\/df-abstract.com\/wp-content\/uploads\/2026\/01\/fluxus-code-source-683x1024.png 683w, https:\/\/df-abstract.com\/wp-content\/uploads\/2026\/01\/fluxus-code-source-200x300.png 200w, https:\/\/df-abstract.com\/wp-content\/uploads\/2026\/01\/fluxus-code-source-768x1152.png 768w, https:\/\/df-abstract.com\/wp-content\/uploads\/2026\/01\/fluxus-code-source-8x12.png 8w, https:\/\/df-abstract.com\/wp-content\/uploads\/2026\/01\/fluxus-code-source-600x900.png 600w, https:\/\/df-abstract.com\/wp-content\/uploads\/2026\/01\/fluxus-code-source.png 1024w\" sizes=\"auto, (max-width: 683px) 100vw, 683px\" \/><\/figure><div class=\"wp-block-media-text__content\">\n<p><strong>famille : <em><em>turbulenta<\/em><\/em><br>oeuvre : <em><em>fluxus<\/em><\/em><br><\/strong><\/p>\n\n\n\n<p class=\"translation-block\">a spiral movement crosses the space and organizes the form.<br>\nthe progression is neither linear nor chaotic:<br>\nit proceeds through resonance, through successive echoes.<\/p>\n\n\n\n<p class=\"translation-block\">elements detach, reorient,<br>\ncarried by a shared dynamic <br>\nthat never breaks its continuity.<\/p>\n\n\n\n<p class=\"translation-block\"><em>fluxus<\/em> does not describe displacement,<br>\nbut the propagation of a state,<br>\nwhere structure becomes vibration <br>\nand form becomes passage.<\/p>\n<\/div><\/div>\n\n\n\n<div style=\"width:100%; text-align:right; margin-top:40px;\">\n<a href=\"https:\/\/df-abstract.com\/en\/vortex\/\" style=\"font-style:italic; opacity:0.8;\">\nnext work \u2192 <em>vortex<\/em>\n<\/a>\n<\/div>\n\n\n\n<p class=\"has-text-align-right\"><em><a href=\"https:\/\/df-abstract.com\/en\/art-geometrique-contemporain\/\" data-type=\"link\" data-id=\"https:\/\/df-abstract.com\/df-abstract-art-geometrique-contemporain-et-structure-visuelle\/\">\u2192 <em>contemporary geometric art<\/em><\/a><\/em><\/p>","protected":false},"excerpt":{"rendered":"<p>famille : turbulentaoeuvre : fluxus un mouvement spiral\u00e9 traverse l\u2019espace et organise la forme.la progression n\u2019est ni lin\u00e9aire ni chaotique :elle proc\u00e8de par r\u00e9sonance, par \u00e9chos successifs. les \u00e9l\u00e9ments se d\u00e9tachent, s\u2019orientent,port\u00e9s par une dynamique communequi ne rompt jamais sa continuit\u00e9. fluxus ne d\u00e9crit pas un d\u00e9placement,mais la propagation d\u2019un \u00e9tat,l\u00e0 o\u00f9 la structure devient [&hellip;]<\/p>\n","protected":false},"author":1,"featured_media":0,"parent":0,"menu_order":28,"comment_status":"closed","ping_status":"closed","template":"page-with-title","meta":{"footnotes":""},"class_list":["post-1527","page","type-page","status-publish","hentry"],"_links":{"self":[{"href":"https:\/\/df-abstract.com\/en\/wp-json\/wp\/v2\/pages\/1527","targetHints":{"allow":["GET"]}}],"collection":[{"href":"https:\/\/df-abstract.com\/en\/wp-json\/wp\/v2\/pages"}],"about":[{"href":"https:\/\/df-abstract.com\/en\/wp-json\/wp\/v2\/types\/page"}],"author":[{"embeddable":true,"href":"https:\/\/df-abstract.com\/en\/wp-json\/wp\/v2\/users\/1"}],"replies":[{"embeddable":true,"href":"https:\/\/df-abstract.com\/en\/wp-json\/wp\/v2\/comments?post=1527"}],"version-history":[{"count":28,"href":"https:\/\/df-abstract.com\/en\/wp-json\/wp\/v2\/pages\/1527\/revisions"}],"predecessor-version":[{"id":5045,"href":"https:\/\/df-abstract.com\/en\/wp-json\/wp\/v2\/pages\/1527\/revisions\/5045"}],"wp:attachment":[{"href":"https:\/\/df-abstract.com\/en\/wp-json\/wp\/v2\/media?parent=1527"}],"curies":[{"name":"wp","href":"https:\/\/api.w.org\/{rel}","templated":true}]}}