{"id":1540,"date":"2026-01-15T16:56:34","date_gmt":"2026-01-15T16:56:34","guid":{"rendered":"https:\/\/df-abstract.com\/?page_id=1540"},"modified":"2026-03-14T09:19:11","modified_gmt":"2026-03-14T09:19:11","slug":"memoria","status":"publish","type":"page","link":"https:\/\/df-abstract.com\/en\/memoria\/","title":{"rendered":"<em>memoria<\/em>"},"content":{"rendered":"<div class=\"wp-block-media-text alignwide is-stacked-on-mobile\" style=\"grid-template-columns:33% auto\"><figure class=\"wp-block-media-text__media\"><img loading=\"lazy\" decoding=\"async\" width=\"1024\" height=\"1024\" src=\"https:\/\/df-abstract.com\/wp-content\/uploads\/2026\/01\/Memoria-code-source.png\" alt=\"\" class=\"wp-image-1747 size-full\" srcset=\"https:\/\/df-abstract.com\/wp-content\/uploads\/2026\/01\/Memoria-code-source.png 1024w, https:\/\/df-abstract.com\/wp-content\/uploads\/2026\/01\/Memoria-code-source-300x300.png 300w, https:\/\/df-abstract.com\/wp-content\/uploads\/2026\/01\/Memoria-code-source-150x150.png 150w, https:\/\/df-abstract.com\/wp-content\/uploads\/2026\/01\/Memoria-code-source-768x768.png 768w, https:\/\/df-abstract.com\/wp-content\/uploads\/2026\/01\/Memoria-code-source-12x12.png 12w, https:\/\/df-abstract.com\/wp-content\/uploads\/2026\/01\/Memoria-code-source-600x600.png 600w, https:\/\/df-abstract.com\/wp-content\/uploads\/2026\/01\/Memoria-code-source-100x100.png 100w\" sizes=\"auto, (max-width: 1024px) 100vw, 1024px\" \/><\/figure><div class=\"wp-block-media-text__content\">\n<p class=\"translation-block\"><strong>family : <em>harmonia<\/em><br>work: <em>memoria<\/em><\/strong><\/p>\n\n\n\n<p class=\"translation-block\">two rectangular forms coexist in a discreet balance.<br>\ntheir resemblance is not identity, but persistence.<\/p>\n\n\n\n<p class=\"translation-block\">the structure does not progress:<br>\nit remains, slightly shifted,<br>\nlike the trace of a prior state.<\/p>\n\n\n\n<p class=\"translation-block\"><em>memoria<\/em> explores the harmony of layered time, where form remains present<br>\nwithout movement or rupture.<\/p>\n<\/div><\/div>\n\n\n\n<div style=\"width:100%; text-align:right; margin-top:40px; font-style:italic;\">\n<a href=\"https:\/\/df-abstract.com\/en\/nexus\/\">next work \u2192 <em>nexus<\/em> <\/a>\n<\/div>\n\n\n\n<p class=\"has-text-align-right\"><em><a href=\"https:\/\/df-abstract.com\/en\/art-geometrique-contemporain\/\" data-type=\"link\" data-id=\"https:\/\/df-abstract.com\/art-geometrique-contemporain\/\">\u2192 <em>contemporary geometric art<\/em><\/a><\/em><\/p>","protected":false},"excerpt":{"rendered":"<p>famille : harmoniaoeuvre : memoria deux formes rectangulaires coexistent dans un \u00e9quilibre discret.leur ressemblance n\u2019est pas identit\u00e9, mais persistance. la structure ne progresse pas :elle demeure, l\u00e9g\u00e8rement d\u00e9cal\u00e9e,comme la trace d\u2019un \u00e9tat ant\u00e9rieur. memoria explore l\u2019harmonie du temps superpos\u00e9, l\u00e0 o\u00f9 la forme reste pr\u00e9sentesans mouvement ni rupture. oeuvre suivante \u2192 nexus \u2192art g\u00e9om\u00e9trique contemporain<\/p>","protected":false},"author":1,"featured_media":0,"parent":0,"menu_order":38,"comment_status":"closed","ping_status":"closed","template":"page-with-title","meta":{"footnotes":""},"class_list":["post-1540","page","type-page","status-publish","hentry"],"_links":{"self":[{"href":"https:\/\/df-abstract.com\/en\/wp-json\/wp\/v2\/pages\/1540","targetHints":{"allow":["GET"]}}],"collection":[{"href":"https:\/\/df-abstract.com\/en\/wp-json\/wp\/v2\/pages"}],"about":[{"href":"https:\/\/df-abstract.com\/en\/wp-json\/wp\/v2\/types\/page"}],"author":[{"embeddable":true,"href":"https:\/\/df-abstract.com\/en\/wp-json\/wp\/v2\/users\/1"}],"replies":[{"embeddable":true,"href":"https:\/\/df-abstract.com\/en\/wp-json\/wp\/v2\/comments?post=1540"}],"version-history":[{"count":29,"href":"https:\/\/df-abstract.com\/en\/wp-json\/wp\/v2\/pages\/1540\/revisions"}],"predecessor-version":[{"id":5056,"href":"https:\/\/df-abstract.com\/en\/wp-json\/wp\/v2\/pages\/1540\/revisions\/5056"}],"wp:attachment":[{"href":"https:\/\/df-abstract.com\/en\/wp-json\/wp\/v2\/media?parent=1540"}],"curies":[{"name":"wp","href":"https:\/\/api.w.org\/{rel}","templated":true}]}}