{"id":1549,"date":"2026-01-15T17:01:51","date_gmt":"2026-01-15T17:01:51","guid":{"rendered":"https:\/\/df-abstract.com\/?page_id=1549"},"modified":"2026-03-14T09:19:55","modified_gmt":"2026-03-14T09:19:55","slug":"nexus-2","status":"publish","type":"page","link":"https:\/\/df-abstract.com\/en\/nexus-2\/","title":{"rendered":"nexus"},"content":{"rendered":"<figure class=\"wp-block-image size-full is-resized\"><img loading=\"lazy\" decoding=\"async\" width=\"1024\" height=\"1024\" src=\"https:\/\/df-abstract.com\/wp-content\/uploads\/2026\/01\/Nexus-2.png\" alt=\"\" class=\"wp-image-2443\" style=\"width:311px;height:auto\" srcset=\"https:\/\/df-abstract.com\/wp-content\/uploads\/2026\/01\/Nexus-2.png 1024w, https:\/\/df-abstract.com\/wp-content\/uploads\/2026\/01\/Nexus-2-300x300.png 300w, https:\/\/df-abstract.com\/wp-content\/uploads\/2026\/01\/Nexus-2-150x150.png 150w, https:\/\/df-abstract.com\/wp-content\/uploads\/2026\/01\/Nexus-2-768x768.png 768w, https:\/\/df-abstract.com\/wp-content\/uploads\/2026\/01\/Nexus-2-12x12.png 12w, https:\/\/df-abstract.com\/wp-content\/uploads\/2026\/01\/Nexus-2-600x600.png 600w, https:\/\/df-abstract.com\/wp-content\/uploads\/2026\/01\/Nexus-2-100x100.png 100w\" sizes=\"auto, (max-width: 1024px) 100vw, 1024px\" \/><\/figure>\n\n\n\n<p class=\"translation-block\"><strong>family:<\/strong> <strong><em>harmonia<\/em><\/strong><br>\n<strong>work:<\/strong> <strong><em>nexus<\/em><\/strong><\/p>\n\n\n\n<p class=\"translation-block\">circular segments assemble without closing.<br>\nthe form exists through its connections,<br>\nthrough the fragmented continuity it maintains.<\/p>\n\n\n\n<p class=\"translation-block\">each element retains its autonomy,<br>\nyet participates in a coherent whole,<br>\nheld together by relation rather than constraint.<\/p>\n\n\n\n<p class=\"translation-block\"><em>nexus<\/em> does not seek perfect unity,<br>\nbut the point of connection,<br>\nwhere harmony emerges from the articulation<br>\nbetween distinct forms.<\/p>\n\n\n\n<h5 class=\"wp-block-heading\">variations<\/h5>\n\n\n\n<figure class=\"wp-block-gallery has-nested-images columns-default is-cropped wp-block-gallery-2 is-layout-flex wp-block-gallery-is-layout-flex\">\n<figure class=\"wp-block-image size-large\"><img loading=\"lazy\" decoding=\"async\" width=\"1024\" height=\"1024\" data-id=\"1452\" src=\"https:\/\/df-abstract.com\/wp-content\/uploads\/2026\/01\/Nexus-fragmenta.png\" alt=\"\" class=\"wp-image-1452\" srcset=\"https:\/\/df-abstract.com\/wp-content\/uploads\/2026\/01\/Nexus-fragmenta.png 1024w, https:\/\/df-abstract.com\/wp-content\/uploads\/2026\/01\/Nexus-fragmenta-300x300.png 300w, https:\/\/df-abstract.com\/wp-content\/uploads\/2026\/01\/Nexus-fragmenta-150x150.png 150w, https:\/\/df-abstract.com\/wp-content\/uploads\/2026\/01\/Nexus-fragmenta-768x768.png 768w, https:\/\/df-abstract.com\/wp-content\/uploads\/2026\/01\/Nexus-fragmenta-12x12.png 12w, https:\/\/df-abstract.com\/wp-content\/uploads\/2026\/01\/Nexus-fragmenta-600x600.png 600w, https:\/\/df-abstract.com\/wp-content\/uploads\/2026\/01\/Nexus-fragmenta-100x100.png 100w\" sizes=\"auto, (max-width: 1024px) 100vw, 1024px\" \/><figcaption class=\"wp-element-caption\"><em>fragmenta 1<\/em><\/figcaption><\/figure>\n\n\n\n<figure class=\"wp-block-image size-large\"><img loading=\"lazy\" decoding=\"async\" width=\"1024\" height=\"1024\" data-id=\"3317\" src=\"https:\/\/df-abstract.com\/wp-content\/uploads\/2026\/02\/fragmenta-2.png\" alt=\"\" class=\"wp-image-3317\" srcset=\"https:\/\/df-abstract.com\/wp-content\/uploads\/2026\/02\/fragmenta-2.png 1024w, https:\/\/df-abstract.com\/wp-content\/uploads\/2026\/02\/fragmenta-2-300x300.png 300w, https:\/\/df-abstract.com\/wp-content\/uploads\/2026\/02\/fragmenta-2-150x150.png 150w, https:\/\/df-abstract.com\/wp-content\/uploads\/2026\/02\/fragmenta-2-768x768.png 768w, https:\/\/df-abstract.com\/wp-content\/uploads\/2026\/02\/fragmenta-2-12x12.png 12w, https:\/\/df-abstract.com\/wp-content\/uploads\/2026\/02\/fragmenta-2-600x600.png 600w, https:\/\/df-abstract.com\/wp-content\/uploads\/2026\/02\/fragmenta-2-100x100.png 100w\" sizes=\"auto, (max-width: 1024px) 100vw, 1024px\" \/><figcaption class=\"wp-element-caption\"><em>fragmenta 2<\/em><\/figcaption><\/figure>\n<\/figure>\n\n\n\n<figure class=\"wp-block-gallery has-nested-images columns-default is-cropped wp-block-gallery-3 is-layout-flex wp-block-gallery-is-layout-flex\">\n<figure class=\"wp-block-image size-large\"><img loading=\"lazy\" decoding=\"async\" width=\"1024\" height=\"1024\" data-id=\"3318\" src=\"https:\/\/df-abstract.com\/wp-content\/uploads\/2026\/02\/fragmenta-3.png\" alt=\"\" class=\"wp-image-3318\" srcset=\"https:\/\/df-abstract.com\/wp-content\/uploads\/2026\/02\/fragmenta-3.png 1024w, https:\/\/df-abstract.com\/wp-content\/uploads\/2026\/02\/fragmenta-3-300x300.png 300w, https:\/\/df-abstract.com\/wp-content\/uploads\/2026\/02\/fragmenta-3-150x150.png 150w, https:\/\/df-abstract.com\/wp-content\/uploads\/2026\/02\/fragmenta-3-768x768.png 768w, https:\/\/df-abstract.com\/wp-content\/uploads\/2026\/02\/fragmenta-3-12x12.png 12w, https:\/\/df-abstract.com\/wp-content\/uploads\/2026\/02\/fragmenta-3-600x600.png 600w, https:\/\/df-abstract.com\/wp-content\/uploads\/2026\/02\/fragmenta-3-100x100.png 100w\" sizes=\"auto, (max-width: 1024px) 100vw, 1024px\" \/><figcaption class=\"wp-element-caption\"><em>fragmenta 3<\/em><\/figcaption><\/figure>\n\n\n\n<figure class=\"wp-block-image size-large\"><img loading=\"lazy\" decoding=\"async\" width=\"1024\" height=\"1024\" data-id=\"3319\" src=\"https:\/\/df-abstract.com\/wp-content\/uploads\/2026\/02\/fragmenta-4.png\" alt=\"\" class=\"wp-image-3319\" srcset=\"https:\/\/df-abstract.com\/wp-content\/uploads\/2026\/02\/fragmenta-4.png 1024w, https:\/\/df-abstract.com\/wp-content\/uploads\/2026\/02\/fragmenta-4-300x300.png 300w, https:\/\/df-abstract.com\/wp-content\/uploads\/2026\/02\/fragmenta-4-150x150.png 150w, https:\/\/df-abstract.com\/wp-content\/uploads\/2026\/02\/fragmenta-4-768x768.png 768w, https:\/\/df-abstract.com\/wp-content\/uploads\/2026\/02\/fragmenta-4-12x12.png 12w, https:\/\/df-abstract.com\/wp-content\/uploads\/2026\/02\/fragmenta-4-600x600.png 600w, https:\/\/df-abstract.com\/wp-content\/uploads\/2026\/02\/fragmenta-4-100x100.png 100w\" sizes=\"auto, (max-width: 1024px) 100vw, 1024px\" \/><figcaption class=\"wp-element-caption\"><em>fragmenta 4<\/em><\/figcaption><\/figure>\n<\/figure>\n\n\n\n<div style=\"width:100%; text-align:right; margin-top:40px; font-style:italic;\">\n<a href=\"https:\/\/df-abstract.com\/en\/familles-devocatio\/\">back to <em>evocatio<\/em> families \u2192<\/a>\n<\/div>\n\n\n\n<p class=\"has-text-align-right translation-block\">\u2192 <em><a href=\"https:\/\/df-abstract.com\/en\/art-geometrique-contemporain\/\">contemporary geometric art<\/a><\/em><\/p>","protected":false},"excerpt":{"rendered":"<p>famille : harmoniaoeuvre : nexus des segments circulaires s\u2019assemblent sans se clore.la forme existe par ses liaisons,par la continuit\u00e9 fragment\u00e9e qu\u2019elle maintient. chaque \u00e9l\u00e9ment conserve son autonomie,mais participe \u00e0 un ensemble coh\u00e9rent,tenu par la relation plus que par la contrainte. nexus ne cherche pas l\u2019unit\u00e9 parfaite,mais le point de connexion,l\u00e0 o\u00f9 l\u2019harmonie na\u00eet de l\u2019articulationentre [&hellip;]<\/p>\n","protected":false},"author":1,"featured_media":0,"parent":0,"menu_order":40,"comment_status":"closed","ping_status":"closed","template":"page-with-title","meta":{"footnotes":""},"class_list":["post-1549","page","type-page","status-publish","hentry"],"_links":{"self":[{"href":"https:\/\/df-abstract.com\/en\/wp-json\/wp\/v2\/pages\/1549","targetHints":{"allow":["GET"]}}],"collection":[{"href":"https:\/\/df-abstract.com\/en\/wp-json\/wp\/v2\/pages"}],"about":[{"href":"https:\/\/df-abstract.com\/en\/wp-json\/wp\/v2\/types\/page"}],"author":[{"embeddable":true,"href":"https:\/\/df-abstract.com\/en\/wp-json\/wp\/v2\/users\/1"}],"replies":[{"embeddable":true,"href":"https:\/\/df-abstract.com\/en\/wp-json\/wp\/v2\/comments?post=1549"}],"version-history":[{"count":87,"href":"https:\/\/df-abstract.com\/en\/wp-json\/wp\/v2\/pages\/1549\/revisions"}],"predecessor-version":[{"id":5057,"href":"https:\/\/df-abstract.com\/en\/wp-json\/wp\/v2\/pages\/1549\/revisions\/5057"}],"wp:attachment":[{"href":"https:\/\/df-abstract.com\/en\/wp-json\/wp\/v2\/media?parent=1549"}],"curies":[{"name":"wp","href":"https:\/\/api.w.org\/{rel}","templated":true}]}}