{"id":1732,"date":"2026-01-17T16:09:36","date_gmt":"2026-01-17T16:09:36","guid":{"rendered":"https:\/\/df-abstract.com\/?page_id=1732"},"modified":"2026-04-02T13:53:21","modified_gmt":"2026-04-02T13:53:21","slug":"resonantia-art-abstrait-geometrique","status":"publish","type":"page","link":"https:\/\/df-abstract.com\/en\/resonantia-art-abstrait-geometrique\/","title":{"rendered":"<em>resonantia<\/em> \u2013 vibration and propagation in geometric abstract art"},"content":{"rendered":"<p class=\"translation-block\"><em>resonantia<\/em> explores the perceptual propagation of an initial tension in contemporary geometric abstract art.<\/p>\n\n\n\n<p>principle: wave, propagation, vibration<\/p>\n\n\n\n<p class=\"translation-block\"><em>resonantia<\/em> brings together the <em>evocatio<\/em> arising from a strongly structuring signal, most often musical.<\/p>\n\n\n\n<p>rhythm, repetition, ascent or rupture constitute the raw material of the process, not as narrative, but as structure.<\/p>\n\n\n\n<p>in this approach to geometric abstract art, the final form does not represent the signal: it is its visual resonance.<\/p>\n\n\n\n<p>an initial geometry acts as a focal point of propagation, generating responses, shifts and internal echoes within the composition itself.<\/p>\n\n\n\n<p>here, nothing is isolated.<\/p>\n\n\n\n<p>each tension transforms and reverberates elsewhere, creating invisible yet perceptible correspondences.<\/p>\n\n\n\n<p><em><em>resonantia<\/em><\/em> <em>resonantia<\/em> does not show the origin of the signal, but the persistence of its effects.<\/p>\n\n\n\n<div class=\"wp-block-columns is-layout-flex wp-container-core-columns-is-layout-28f84493 wp-block-columns-is-layout-flex\">\n<div class=\"wp-block-column is-layout-flow wp-block-column-is-layout-flow\">\n<figure class=\"wp-block-image aligncenter size-large is-resized\"><a href=\"https:\/\/df-abstract.com\/en\/verticalis\/\"><img loading=\"lazy\" decoding=\"async\" width=\"683\" height=\"1024\" src=\"https:\/\/df-abstract.com\/wp-content\/uploads\/2026\/01\/Verticalis-verticale-683x1024.png\" alt=\"verticalis \u0153uvre abstraite g\u00e9om\u00e9trique DF-ABSTRACT resonantia vibration et propagation\" class=\"wp-image-2091\" style=\"width:433px;height:auto\" srcset=\"https:\/\/df-abstract.com\/wp-content\/uploads\/2026\/01\/Verticalis-verticale-683x1024.png 683w, https:\/\/df-abstract.com\/wp-content\/uploads\/2026\/01\/Verticalis-verticale-200x300.png 200w, https:\/\/df-abstract.com\/wp-content\/uploads\/2026\/01\/Verticalis-verticale-768x1152.png 768w, https:\/\/df-abstract.com\/wp-content\/uploads\/2026\/01\/Verticalis-verticale-8x12.png 8w, https:\/\/df-abstract.com\/wp-content\/uploads\/2026\/01\/Verticalis-verticale-600x900.png 600w, https:\/\/df-abstract.com\/wp-content\/uploads\/2026\/01\/Verticalis-verticale.png 1024w\" sizes=\"auto, (max-width: 683px) 100vw, 683px\" \/><\/a><figcaption class=\"wp-element-caption\"><em>verticalis<\/em><\/figcaption><\/figure>\n<\/div>\n<\/div>\n\n\n\n<figure class=\"wp-block-image aligncenter is-resized\"><a href=\"https:\/\/df-abstract.com\/en\/pulsus\/\"><img loading=\"lazy\" decoding=\"async\" width=\"1024\" height=\"683\" src=\"https:\/\/df-abstract.com\/wp-content\/uploads\/2026\/01\/Pulsus-code-source-1024x683.jpg\" alt=\"pulsus \u0153uvre abstraite g\u00e9om\u00e9trique DF-ABSTRACT resonantia vibration et propagation\" class=\"wp-image-1743\" style=\"width:433px;height:auto\" srcset=\"https:\/\/df-abstract.com\/wp-content\/uploads\/2026\/01\/Pulsus-code-source-1024x683.jpg 1024w, https:\/\/df-abstract.com\/wp-content\/uploads\/2026\/01\/Pulsus-code-source-300x200.jpg 300w, https:\/\/df-abstract.com\/wp-content\/uploads\/2026\/01\/Pulsus-code-source-768x512.jpg 768w, https:\/\/df-abstract.com\/wp-content\/uploads\/2026\/01\/Pulsus-code-source-18x12.jpg 18w, https:\/\/df-abstract.com\/wp-content\/uploads\/2026\/01\/Pulsus-code-source-600x400.jpg 600w, https:\/\/df-abstract.com\/wp-content\/uploads\/2026\/01\/Pulsus-code-source.jpg 1536w\" sizes=\"auto, (max-width: 1024px) 100vw, 1024px\" \/><\/a><figcaption class=\"wp-element-caption\"><em>pulsus<\/em><\/figcaption><\/figure>","protected":false},"excerpt":{"rendered":"<p>resonantia explore la propagation perceptive d&rsquo;une tension initiale dans l\u2019art abstrait g\u00e9om\u00e9trique contemporain. principe : onde, propagation, vibration resonantia regroupe les evocatio issues d\u2019un signal fortement structurant, le plus souvent musical. rythme, r\u00e9p\u00e9tition, mont\u00e9e ou rupture constituent la mati\u00e8re premi\u00e8re du processus, non comme narration, mais comme structure. dans cette approche de l\u2019art abstrait g\u00e9om\u00e9trique [&hellip;]<\/p>\n","protected":false},"author":1,"featured_media":0,"parent":0,"menu_order":50,"comment_status":"closed","ping_status":"closed","template":"page-with-title","meta":{"footnotes":""},"class_list":["post-1732","page","type-page","status-publish","hentry"],"_links":{"self":[{"href":"https:\/\/df-abstract.com\/en\/wp-json\/wp\/v2\/pages\/1732","targetHints":{"allow":["GET"]}}],"collection":[{"href":"https:\/\/df-abstract.com\/en\/wp-json\/wp\/v2\/pages"}],"about":[{"href":"https:\/\/df-abstract.com\/en\/wp-json\/wp\/v2\/types\/page"}],"author":[{"embeddable":true,"href":"https:\/\/df-abstract.com\/en\/wp-json\/wp\/v2\/users\/1"}],"replies":[{"embeddable":true,"href":"https:\/\/df-abstract.com\/en\/wp-json\/wp\/v2\/comments?post=1732"}],"version-history":[{"count":65,"href":"https:\/\/df-abstract.com\/en\/wp-json\/wp\/v2\/pages\/1732\/revisions"}],"predecessor-version":[{"id":5099,"href":"https:\/\/df-abstract.com\/en\/wp-json\/wp\/v2\/pages\/1732\/revisions\/5099"}],"wp:attachment":[{"href":"https:\/\/df-abstract.com\/en\/wp-json\/wp\/v2\/media?parent=1732"}],"curies":[{"name":"wp","href":"https:\/\/api.w.org\/{rel}","templated":true}]}}