{"id":1820,"date":"2026-01-18T14:07:13","date_gmt":"2026-01-18T14:07:13","guid":{"rendered":"https:\/\/df-abstract.com\/?page_id=1820"},"modified":"2026-04-02T14:36:51","modified_gmt":"2026-04-02T14:36:51","slug":"interruptio-art-abstrait-geometrique","status":"publish","type":"page","link":"https:\/\/df-abstract.com\/en\/interruptio-art-abstrait-geometrique\/","title":{"rendered":"<em>interruptio<\/em> \u2013 rupture and discontinuity in geometric abstract art"},"content":{"rendered":"<p class=\"translation-block\"><em>interruptio<\/em> is the family of rupture in contemporary geometric abstract art.<\/p>\n\n\n\n<p><br>it questions the exact moment when a system stops extending, when continuity is broken without transition or resolution.<\/p>\n\n\n\n<p class=\"translation-block\">the <em>evocatio<\/em> of <em>interruptio<\/em> are built on sharp discontinuities: clean cuts, absences, geometric silences, suspended zones.<\/p>\n\n\n\n<p>form no longer evolves. it stops, fragments, or partially withdraws.<\/p>\n\n\n\n<p><br>in this approach to geometric abstract art, what matters is not what is shown, but what is missing.<\/p>\n\n\n\n<p><br>the work becomes a threshold: before and after exist, but are never given simultaneously.<\/p>\n\n\n\n<p class=\"translation-block\"><em>interruptio<\/em> is a family of conceptual tension, where geometry reveals the limit of the perceptible.<\/p>\n\n\n\n<figure class=\"wp-block-image aligncenter size-large is-resized\"><a href=\"https:\/\/df-abstract.com\/en\/incisio\/\"><img loading=\"lazy\" decoding=\"async\" width=\"1024\" height=\"1024\" src=\"https:\/\/df-abstract.com\/wp-content\/uploads\/2026\/01\/Limen-1024x1024.jpg\" alt=\"incisio \u0153uvre abstraite g\u00e9om\u00e9trique DF-ABSTRACT interruptio rupture et discontinuit\u00e9\" class=\"wp-image-1450\" style=\"width:271px;height:auto\" srcset=\"https:\/\/df-abstract.com\/wp-content\/uploads\/2026\/01\/Limen-1024x1024.jpg 1024w, https:\/\/df-abstract.com\/wp-content\/uploads\/2026\/01\/Limen-300x300.jpg 300w, https:\/\/df-abstract.com\/wp-content\/uploads\/2026\/01\/Limen-150x150.jpg 150w, https:\/\/df-abstract.com\/wp-content\/uploads\/2026\/01\/Limen-768x768.jpg 768w, https:\/\/df-abstract.com\/wp-content\/uploads\/2026\/01\/Limen-12x12.jpg 12w, https:\/\/df-abstract.com\/wp-content\/uploads\/2026\/01\/Limen-600x600.jpg 600w, https:\/\/df-abstract.com\/wp-content\/uploads\/2026\/01\/Limen-100x100.jpg 100w, https:\/\/df-abstract.com\/wp-content\/uploads\/2026\/01\/Limen.jpg 1536w\" sizes=\"auto, (max-width: 1024px) 100vw, 1024px\" \/><\/a><figcaption class=\"wp-element-caption\"><em>incisio<\/em><\/figcaption><\/figure>\n\n\n\n<div class=\"wp-block-columns is-layout-flex wp-container-core-columns-is-layout-28f84493 wp-block-columns-is-layout-flex\">\n<div class=\"wp-block-column is-layout-flow wp-block-column-is-layout-flow\" style=\"flex-basis:100%\">\n<figure class=\"wp-block-image aligncenter size-large is-resized\"><a href=\"https:\/\/df-abstract.com\/en\/anomalia\/\"><img loading=\"lazy\" decoding=\"async\" width=\"683\" height=\"1024\" src=\"https:\/\/df-abstract.com\/wp-content\/uploads\/2026\/01\/Expedition-33-Prima-683x1024.png\" alt=\"anomalia \u0153uvre abstraite g\u00e9om\u00e9trique DF-ABSTRACT interruptio rupture et discontinuit\u00e9\" class=\"wp-image-1953\" style=\"aspect-ratio:0.6669975186104219;width:279px;height:auto\" srcset=\"https:\/\/df-abstract.com\/wp-content\/uploads\/2026\/01\/Expedition-33-Prima-683x1024.png 683w, https:\/\/df-abstract.com\/wp-content\/uploads\/2026\/01\/Expedition-33-Prima-200x300.png 200w, https:\/\/df-abstract.com\/wp-content\/uploads\/2026\/01\/Expedition-33-Prima-768x1152.png 768w, https:\/\/df-abstract.com\/wp-content\/uploads\/2026\/01\/Expedition-33-Prima-8x12.png 8w, https:\/\/df-abstract.com\/wp-content\/uploads\/2026\/01\/Expedition-33-Prima-600x900.png 600w, https:\/\/df-abstract.com\/wp-content\/uploads\/2026\/01\/Expedition-33-Prima.png 1024w\" sizes=\"auto, (max-width: 683px) 100vw, 683px\" \/><\/a><figcaption class=\"wp-element-caption\"><em>anomalia<\/em><\/figcaption><\/figure>\n\n\n\n<figure class=\"wp-block-image aligncenter size-large is-resized\"><a href=\"https:\/\/df-abstract.com\/en\/cesura-3\/\"><img loading=\"lazy\" decoding=\"async\" width=\"683\" height=\"1024\" src=\"https:\/\/df-abstract.com\/wp-content\/uploads\/2026\/01\/Cesura-683x1024.png\" alt=\"cesura \u0153uvre abstraite g\u00e9om\u00e9trique DF-ABSTRACT interruptio rupture et discontinuit\u00e9\" class=\"wp-image-2446\" style=\"aspect-ratio:0.6669952820223928;width:269px;height:auto\" srcset=\"https:\/\/df-abstract.com\/wp-content\/uploads\/2026\/01\/Cesura-683x1024.png 683w, https:\/\/df-abstract.com\/wp-content\/uploads\/2026\/01\/Cesura-200x300.png 200w, https:\/\/df-abstract.com\/wp-content\/uploads\/2026\/01\/Cesura-768x1152.png 768w, https:\/\/df-abstract.com\/wp-content\/uploads\/2026\/01\/Cesura-8x12.png 8w, https:\/\/df-abstract.com\/wp-content\/uploads\/2026\/01\/Cesura-600x900.png 600w, https:\/\/df-abstract.com\/wp-content\/uploads\/2026\/01\/Cesura.png 1024w\" sizes=\"auto, (max-width: 683px) 100vw, 683px\" \/><\/a><figcaption class=\"wp-element-caption\"><em><em>cesura<\/em><\/em><\/figcaption><\/figure>\n<\/div>\n<\/div>","protected":false},"excerpt":{"rendered":"<p>interruptio est la famille de la rupture dans l\u2019art abstrait g\u00e9om\u00e9trique contemporain. elle interroge le moment pr\u00e9cis o\u00f9 un syst\u00e8me cesse de se prolonger, o\u00f9 la continuit\u00e9 est bris\u00e9e sans transition ni r\u00e9solution. les evocatio d\u2019interruptio sont construites sur des discontinuit\u00e9s franches : coupures nettes, absences, silences g\u00e9om\u00e9triques, zones suspendues. la forme n\u2019\u00e9volue plus . [&hellip;]<\/p>\n","protected":false},"author":1,"featured_media":0,"parent":0,"menu_order":34,"comment_status":"closed","ping_status":"closed","template":"page-with-title","meta":{"footnotes":""},"class_list":["post-1820","page","type-page","status-publish","hentry"],"_links":{"self":[{"href":"https:\/\/df-abstract.com\/en\/wp-json\/wp\/v2\/pages\/1820","targetHints":{"allow":["GET"]}}],"collection":[{"href":"https:\/\/df-abstract.com\/en\/wp-json\/wp\/v2\/pages"}],"about":[{"href":"https:\/\/df-abstract.com\/en\/wp-json\/wp\/v2\/types\/page"}],"author":[{"embeddable":true,"href":"https:\/\/df-abstract.com\/en\/wp-json\/wp\/v2\/users\/1"}],"replies":[{"embeddable":true,"href":"https:\/\/df-abstract.com\/en\/wp-json\/wp\/v2\/comments?post=1820"}],"version-history":[{"count":71,"href":"https:\/\/df-abstract.com\/en\/wp-json\/wp\/v2\/pages\/1820\/revisions"}],"predecessor-version":[{"id":5104,"href":"https:\/\/df-abstract.com\/en\/wp-json\/wp\/v2\/pages\/1820\/revisions\/5104"}],"wp:attachment":[{"href":"https:\/\/df-abstract.com\/en\/wp-json\/wp\/v2\/media?parent=1820"}],"curies":[{"name":"wp","href":"https:\/\/api.w.org\/{rel}","templated":true}]}}