{"id":1832,"date":"2026-01-18T14:17:22","date_gmt":"2026-01-18T14:17:22","guid":{"rendered":"https:\/\/df-abstract.com\/?page_id=1832"},"modified":"2026-04-02T14:51:49","modified_gmt":"2026-04-02T14:51:49","slug":"harmonia-art-abstrait-geometrique","status":"publish","type":"page","link":"https:\/\/df-abstract.com\/en\/harmonia-art-abstrait-geometrique\/","title":{"rendered":"<em>harmonia<\/em> \u2013 balance and tension in geometric abstract art"},"content":{"rendered":"<p class=\"translation-block\"><em>harmonia<\/em> brings together the <em>evocatio<\/em> brings together the evocatio based on balance and internal coherence in contemporary geometric abstract art. based on balance and internal coherence in contemporary geometric abstract art.<\/p>\n\n\n\n<p>forces are contained, distributed, stabilized within a precise relationship between forms, axes and proportions.<\/p>\n\n\n\n<p>unlike decorative harmony, <em>harmonia<\/em> is never soft nor illustrative.<\/p>\n\n\n\n<p>it results from a silent negotiation between opposing tensions, reaching a state of active stability. in this approach to geometric abstract art, compositions offer immediate readability, yet reveal, through prolonged observation, a controlled structural complexity.<\/p>\n\n\n\n<p>nothing is left to chance, nothing is excessive.<\/p>\n\n\n\n<p class=\"translation-block\"><em>harmonia<\/em> does not soothe: it holds.<\/p>\n\n\n\n<div class=\"wp-block-columns is-layout-flex wp-container-core-columns-is-layout-28f84493 wp-block-columns-is-layout-flex\">\n<div class=\"wp-block-column is-layout-flow wp-block-column-is-layout-flow\" style=\"flex-basis:33.33%\">\n<figure class=\"wp-block-image size-large\"><img loading=\"lazy\" decoding=\"async\" width=\"683\" height=\"1024\" src=\"https:\/\/df-abstract.com\/wp-content\/uploads\/2026\/01\/003-683x1024.png\" alt=\"\u0153uvre d\u2019art g\u00e9om\u00e9trique contemporain DF-ABSTRACT harmonia \u00e9quilibre et structure evocatio medius composition g\u00e9om\u00e9trique abstraite\" class=\"wp-image-857\" srcset=\"https:\/\/df-abstract.com\/wp-content\/uploads\/2026\/01\/003-683x1024.png 683w, https:\/\/df-abstract.com\/wp-content\/uploads\/2026\/01\/003-200x300.png 200w, https:\/\/df-abstract.com\/wp-content\/uploads\/2026\/01\/003-768x1152.png 768w, https:\/\/df-abstract.com\/wp-content\/uploads\/2026\/01\/003-8x12.png 8w, https:\/\/df-abstract.com\/wp-content\/uploads\/2026\/01\/003-600x900.png 600w, https:\/\/df-abstract.com\/wp-content\/uploads\/2026\/01\/003.png 1024w\" sizes=\"auto, (max-width: 683px) 100vw, 683px\" \/><figcaption class=\"wp-element-caption\"><em>medius<\/em> <\/figcaption><\/figure>\n<\/div>\n\n\n\n<div class=\"wp-block-column is-layout-flow wp-block-column-is-layout-flow\" style=\"flex-basis:66.66%\">\n<figure class=\"wp-block-image size-large is-resized\"><img loading=\"lazy\" decoding=\"async\" width=\"1024\" height=\"1024\" src=\"https:\/\/df-abstract.com\/wp-content\/uploads\/2026\/01\/3-1024x1024.jpg\" alt=\"\u0153uvre d\u2019art g\u00e9om\u00e9trique contemporain DF-ABSTRACT harmonia  \u00e9quilibre et structure evocatio circum composition circulaire abstraite\" class=\"wp-image-484\" style=\"width:343px;height:auto\" srcset=\"https:\/\/df-abstract.com\/wp-content\/uploads\/2026\/01\/3-1024x1024.jpg 1024w, https:\/\/df-abstract.com\/wp-content\/uploads\/2026\/01\/3-300x300.jpg 300w, https:\/\/df-abstract.com\/wp-content\/uploads\/2026\/01\/3-150x150.jpg 150w, https:\/\/df-abstract.com\/wp-content\/uploads\/2026\/01\/3-768x768.jpg 768w, https:\/\/df-abstract.com\/wp-content\/uploads\/2026\/01\/3-12x12.jpg 12w, https:\/\/df-abstract.com\/wp-content\/uploads\/2026\/01\/3-600x600.jpg 600w, https:\/\/df-abstract.com\/wp-content\/uploads\/2026\/01\/3-100x100.jpg 100w, https:\/\/df-abstract.com\/wp-content\/uploads\/2026\/01\/3.jpg 1536w\" sizes=\"auto, (max-width: 1024px) 100vw, 1024px\" \/><figcaption class=\"wp-element-caption\"><em>circum <\/em>                                     <\/figcaption><\/figure>\n<\/div>\n<\/div>\n\n\n\n<div class=\"wp-block-columns is-layout-flex wp-container-core-columns-is-layout-28f84493 wp-block-columns-is-layout-flex\">\n<div class=\"wp-block-column is-layout-flow wp-block-column-is-layout-flow\" style=\"flex-basis:33.33%\">\n<figure class=\"wp-block-image size-large\"><img loading=\"lazy\" decoding=\"async\" width=\"683\" height=\"1024\" src=\"https:\/\/df-abstract.com\/wp-content\/uploads\/2026\/01\/Soft-themes-Spiralus-683x1024.png\" alt=\"\u0153uvre d\u2019art g\u00e9om\u00e9trique contemporain DF-ABSTRACT harmonia \u00e9quilibre et structure evocatio coniunctio structure spiral\u00e9e double\" class=\"wp-image-1740\" srcset=\"https:\/\/df-abstract.com\/wp-content\/uploads\/2026\/01\/Soft-themes-Spiralus-683x1024.png 683w, https:\/\/df-abstract.com\/wp-content\/uploads\/2026\/01\/Soft-themes-Spiralus-200x300.png 200w, https:\/\/df-abstract.com\/wp-content\/uploads\/2026\/01\/Soft-themes-Spiralus-768x1152.png 768w, https:\/\/df-abstract.com\/wp-content\/uploads\/2026\/01\/Soft-themes-Spiralus-8x12.png 8w, https:\/\/df-abstract.com\/wp-content\/uploads\/2026\/01\/Soft-themes-Spiralus-600x900.png 600w, https:\/\/df-abstract.com\/wp-content\/uploads\/2026\/01\/Soft-themes-Spiralus.png 1024w\" sizes=\"auto, (max-width: 683px) 100vw, 683px\" \/><figcaption class=\"wp-element-caption\"><em><em>coniunctio<\/em> <\/em><\/figcaption><\/figure>\n<\/div>\n\n\n\n<div class=\"wp-block-column is-layout-flow wp-block-column-is-layout-flow\" style=\"flex-basis:66.66%\">\n<figure class=\"wp-block-image size-full is-resized\"><img loading=\"lazy\" decoding=\"async\" width=\"1024\" height=\"1024\" src=\"https:\/\/df-abstract.com\/wp-content\/uploads\/2026\/01\/Memoria-code-source.png\" alt=\"\u0153uvre d\u2019art g\u00e9om\u00e9trique contemporain DF-ABSTRACT harmonia \u00e9quilibre et structure evocatio memoria structure carr\u00e9e superpos\u00e9e\" class=\"wp-image-1747\" style=\"width:348px;height:auto\" srcset=\"https:\/\/df-abstract.com\/wp-content\/uploads\/2026\/01\/Memoria-code-source.png 1024w, https:\/\/df-abstract.com\/wp-content\/uploads\/2026\/01\/Memoria-code-source-300x300.png 300w, https:\/\/df-abstract.com\/wp-content\/uploads\/2026\/01\/Memoria-code-source-150x150.png 150w, https:\/\/df-abstract.com\/wp-content\/uploads\/2026\/01\/Memoria-code-source-768x768.png 768w, https:\/\/df-abstract.com\/wp-content\/uploads\/2026\/01\/Memoria-code-source-12x12.png 12w, https:\/\/df-abstract.com\/wp-content\/uploads\/2026\/01\/Memoria-code-source-600x600.png 600w, https:\/\/df-abstract.com\/wp-content\/uploads\/2026\/01\/Memoria-code-source-100x100.png 100w\" sizes=\"auto, (max-width: 1024px) 100vw, 1024px\" \/><figcaption class=\"wp-element-caption\"><em><em>memoria<\/em> <\/em>                                <\/figcaption><\/figure>\n<\/div>\n<\/div>\n\n\n\n<div class=\"wp-block-columns is-layout-flex wp-container-core-columns-is-layout-28f84493 wp-block-columns-is-layout-flex\">\n<div class=\"wp-block-column is-layout-flow wp-block-column-is-layout-flow\">\n<figure class=\"wp-block-image aligncenter size-full is-resized\"><img loading=\"lazy\" decoding=\"async\" width=\"1024\" height=\"1024\" src=\"https:\/\/df-abstract.com\/wp-content\/uploads\/2026\/01\/Nexus-jpeg.jpeg\" alt=\"\u0153uvre d\u2019art g\u00e9om\u00e9trique contemporain DF-ABSTRACT harmonia \u00e9quilibre et structure  evocatio nexus composition circulaire\" class=\"wp-image-3864\" style=\"width:358px;height:auto\" srcset=\"https:\/\/df-abstract.com\/wp-content\/uploads\/2026\/01\/Nexus-jpeg.jpeg 1024w, https:\/\/df-abstract.com\/wp-content\/uploads\/2026\/01\/Nexus-jpeg-300x300.jpeg 300w, https:\/\/df-abstract.com\/wp-content\/uploads\/2026\/01\/Nexus-jpeg-150x150.jpeg 150w, https:\/\/df-abstract.com\/wp-content\/uploads\/2026\/01\/Nexus-jpeg-768x768.jpeg 768w, https:\/\/df-abstract.com\/wp-content\/uploads\/2026\/01\/Nexus-jpeg-12x12.jpeg 12w, https:\/\/df-abstract.com\/wp-content\/uploads\/2026\/01\/Nexus-jpeg-600x600.jpeg 600w, https:\/\/df-abstract.com\/wp-content\/uploads\/2026\/01\/Nexus-jpeg-100x100.jpeg 100w\" sizes=\"auto, (max-width: 1024px) 100vw, 1024px\" \/><figcaption class=\"wp-element-caption\"> <em>nexus <\/em><\/figcaption><\/figure>\n<\/div>\n<\/div>","protected":false},"excerpt":{"rendered":"<p>harmonia regroupe les evocatio fond\u00e9es sur l\u2019\u00e9quilibre et la coh\u00e9rence interne dans l\u2019art abstrait g\u00e9om\u00e9trique contemporain. les forces y sont contenues, distribu\u00e9es, stabilis\u00e9es dans un rapport juste entre formes, axes et proportions. contrairement \u00e0 une harmonie d\u00e9corative, harmonia n\u2019est jamais molle ni illustrative. elle r\u00e9sulte d\u2019une n\u00e9gociation silencieuse entre tensions oppos\u00e9es, parvenues \u00e0 un \u00e9tat [&hellip;]<\/p>\n","protected":false},"author":1,"featured_media":0,"parent":0,"menu_order":31,"comment_status":"closed","ping_status":"closed","template":"page-with-title","meta":{"footnotes":""},"class_list":["post-1832","page","type-page","status-publish","hentry"],"_links":{"self":[{"href":"https:\/\/df-abstract.com\/en\/wp-json\/wp\/v2\/pages\/1832","targetHints":{"allow":["GET"]}}],"collection":[{"href":"https:\/\/df-abstract.com\/en\/wp-json\/wp\/v2\/pages"}],"about":[{"href":"https:\/\/df-abstract.com\/en\/wp-json\/wp\/v2\/types\/page"}],"author":[{"embeddable":true,"href":"https:\/\/df-abstract.com\/en\/wp-json\/wp\/v2\/users\/1"}],"replies":[{"embeddable":true,"href":"https:\/\/df-abstract.com\/en\/wp-json\/wp\/v2\/comments?post=1832"}],"version-history":[{"count":88,"href":"https:\/\/df-abstract.com\/en\/wp-json\/wp\/v2\/pages\/1832\/revisions"}],"predecessor-version":[{"id":5111,"href":"https:\/\/df-abstract.com\/en\/wp-json\/wp\/v2\/pages\/1832\/revisions\/5111"}],"wp:attachment":[{"href":"https:\/\/df-abstract.com\/en\/wp-json\/wp\/v2\/media?parent=1832"}],"curies":[{"name":"wp","href":"https:\/\/api.w.org\/{rel}","templated":true}]}}