{"id":1858,"date":"2026-01-18T15:12:49","date_gmt":"2026-01-18T15:12:49","guid":{"rendered":"https:\/\/df-abstract.com\/?page_id=1858"},"modified":"2026-04-02T13:51:58","modified_gmt":"2026-04-02T13:51:58","slug":"turbulenta-art-abstrait-geometrique","status":"publish","type":"page","link":"https:\/\/df-abstract.com\/en\/turbulenta-art-abstrait-geometrique\/","title":{"rendered":"<em>turbulenta<\/em> \u2013 flux and instability in geometric abstract art"},"content":{"rendered":"<p class=\"translation-block\"><em>turbulenta<\/em> explores unstable regimes in contemporary geometric abstract art.<\/p>\n\n\n\n<p class=\"translation-block\">the <em>evocatio<\/em> of this family translate fields of forces in imbalance, disrupted flows, internal dynamics where nothing stabilizes permanently. forms are subjected to multiple pressures: torsions, spirals, accelerations, or ruptures of trajectory.<\/p>\n\n\n\n<p>here, geometry does not impose order, it resists.<\/p>\n\n\n\n<p>in this approach to geometric abstract art, reading is never immediate: the eye is drawn into a continuous, sometimes uncomfortable movement, revealing a permanent tension between structure and chaos.<\/p>\n\n\n\n<p class=\"translation-block\"><em>turbulenta<\/em> does not represent disorder, but energy before dissipation.<\/p>\n\n\n\n<figure class=\"wp-block-image aligncenter size-large is-resized\"><a href=\"https:\/\/df-abstract-m7rrpfnd68.live-website.com\/fluxus\/\" target=\"_blank\" rel=\"noopener\"><img loading=\"lazy\" decoding=\"async\" width=\"683\" height=\"1024\" src=\"https:\/\/df-abstract.com\/wp-content\/uploads\/2026\/01\/fluxus-code-source-683x1024.png\" alt=\"fluxus \u0153uvre abstraite g\u00e9om\u00e9trique DF-ABSTRACT turbulenta flux dynamique\" class=\"wp-image-1746\" style=\"width:403px;height:auto\" srcset=\"https:\/\/df-abstract.com\/wp-content\/uploads\/2026\/01\/fluxus-code-source-683x1024.png 683w, https:\/\/df-abstract.com\/wp-content\/uploads\/2026\/01\/fluxus-code-source-200x300.png 200w, https:\/\/df-abstract.com\/wp-content\/uploads\/2026\/01\/fluxus-code-source-768x1152.png 768w, https:\/\/df-abstract.com\/wp-content\/uploads\/2026\/01\/fluxus-code-source-8x12.png 8w, https:\/\/df-abstract.com\/wp-content\/uploads\/2026\/01\/fluxus-code-source-600x900.png 600w, https:\/\/df-abstract.com\/wp-content\/uploads\/2026\/01\/fluxus-code-source.png 1024w\" sizes=\"auto, (max-width: 683px) 100vw, 683px\" \/><\/a><figcaption class=\"wp-element-caption\"><em><em>fluxus<\/em><\/em><\/figcaption><\/figure>\n\n\n\n<figure class=\"wp-block-image aligncenter size-full is-resized\"><a href=\"https:\/\/df-abstract-m7rrpfnd68.live-website.com\/vortex\/\" target=\"_blank\" rel=\"noopener\"><img loading=\"lazy\" decoding=\"async\" width=\"1024\" height=\"1024\" src=\"https:\/\/df-abstract.com\/wp-content\/uploads\/2026\/01\/file_00000000f8a471f48f56d45c272c832d.png\" alt=\"vortex \u0153uvre abstraite g\u00e9om\u00e9trique DF-ABSTRACT turbulenta flux dynamique\" class=\"wp-image-310\" style=\"width:404px;height:auto\" srcset=\"https:\/\/df-abstract.com\/wp-content\/uploads\/2026\/01\/file_00000000f8a471f48f56d45c272c832d.png 1024w, https:\/\/df-abstract.com\/wp-content\/uploads\/2026\/01\/file_00000000f8a471f48f56d45c272c832d-300x300.png 300w, https:\/\/df-abstract.com\/wp-content\/uploads\/2026\/01\/file_00000000f8a471f48f56d45c272c832d-150x150.png 150w, https:\/\/df-abstract.com\/wp-content\/uploads\/2026\/01\/file_00000000f8a471f48f56d45c272c832d-768x768.png 768w, https:\/\/df-abstract.com\/wp-content\/uploads\/2026\/01\/file_00000000f8a471f48f56d45c272c832d-12x12.png 12w, https:\/\/df-abstract.com\/wp-content\/uploads\/2026\/01\/file_00000000f8a471f48f56d45c272c832d-600x600.png 600w, https:\/\/df-abstract.com\/wp-content\/uploads\/2026\/01\/file_00000000f8a471f48f56d45c272c832d-100x100.png 100w\" sizes=\"auto, (max-width: 1024px) 100vw, 1024px\" \/><\/a><figcaption class=\"wp-element-caption\"><em>vortex<\/em><\/figcaption><\/figure>\n\n\n\n<figure class=\"wp-block-image aligncenter size-large is-resized\"><a href=\"https:\/\/df-abstract.com\/en\/incursus-2\/\"><img loading=\"lazy\" decoding=\"async\" width=\"683\" height=\"1024\" src=\"https:\/\/df-abstract.com\/wp-content\/uploads\/2026\/01\/Incursus-683x1024.jpg\" alt=\"incursus \u0153uvre abstraite g\u00e9om\u00e9trique DF-ABSTRACT turbulenta flux dynamique\" class=\"wp-image-2445\" style=\"aspect-ratio:0.6669975186104219;width:404px;height:auto\" srcset=\"https:\/\/df-abstract.com\/wp-content\/uploads\/2026\/01\/Incursus-683x1024.jpg 683w, https:\/\/df-abstract.com\/wp-content\/uploads\/2026\/01\/Incursus-200x300.jpg 200w, https:\/\/df-abstract.com\/wp-content\/uploads\/2026\/01\/Incursus-768x1152.jpg 768w, https:\/\/df-abstract.com\/wp-content\/uploads\/2026\/01\/Incursus-8x12.jpg 8w, https:\/\/df-abstract.com\/wp-content\/uploads\/2026\/01\/Incursus-600x900.jpg 600w, https:\/\/df-abstract.com\/wp-content\/uploads\/2026\/01\/Incursus.jpg 1024w\" sizes=\"auto, (max-width: 683px) 100vw, 683px\" \/><\/a><figcaption class=\"wp-element-caption\"><em>incursus<\/em><\/figcaption><\/figure>","protected":false},"excerpt":{"rendered":"<p>turbulenta explore les r\u00e9gimes instables dans l\u2019art abstrait g\u00e9om\u00e9trique contemporain . les evocatio de cette famille traduisent des champs de forces en d\u00e9s\u00e9quilibre, des flux contrari\u00e9s, des dynamiques internes o\u00f9 rien ne se stabilise durablement. les formes y sont soumises \u00e0 des pressions multiples : torsions, spirales, acc\u00e9l\u00e9rations ou ruptures de trajectoire. ici, la g\u00e9om\u00e9trie [&hellip;]<\/p>\n","protected":false},"author":1,"featured_media":0,"parent":0,"menu_order":55,"comment_status":"closed","ping_status":"closed","template":"page-with-title","meta":{"footnotes":""},"class_list":["post-1858","page","type-page","status-publish","hentry"],"_links":{"self":[{"href":"https:\/\/df-abstract.com\/en\/wp-json\/wp\/v2\/pages\/1858","targetHints":{"allow":["GET"]}}],"collection":[{"href":"https:\/\/df-abstract.com\/en\/wp-json\/wp\/v2\/pages"}],"about":[{"href":"https:\/\/df-abstract.com\/en\/wp-json\/wp\/v2\/types\/page"}],"author":[{"embeddable":true,"href":"https:\/\/df-abstract.com\/en\/wp-json\/wp\/v2\/users\/1"}],"replies":[{"embeddable":true,"href":"https:\/\/df-abstract.com\/en\/wp-json\/wp\/v2\/comments?post=1858"}],"version-history":[{"count":50,"href":"https:\/\/df-abstract.com\/en\/wp-json\/wp\/v2\/pages\/1858\/revisions"}],"predecessor-version":[{"id":5098,"href":"https:\/\/df-abstract.com\/en\/wp-json\/wp\/v2\/pages\/1858\/revisions\/5098"}],"wp:attachment":[{"href":"https:\/\/df-abstract.com\/en\/wp-json\/wp\/v2\/media?parent=1858"}],"curies":[{"name":"wp","href":"https:\/\/api.w.org\/{rel}","templated":true}]}}