{"id":2062,"date":"2026-01-19T16:24:52","date_gmt":"2026-01-19T16:24:52","guid":{"rendered":"https:\/\/df-abstract.com\/?page_id=2062"},"modified":"2026-01-19T16:24:53","modified_gmt":"2026-01-19T16:24:53","slug":"recherche-%c2%b7-latence","status":"publish","type":"page","link":"https:\/\/df-abstract.com\/en\/recherche-%c2%b7-latence\/","title":{"rendered":"Recherche \u00b7 Latence"},"content":{"rendered":"<p>Il existe un temps<br>o\u00f9 rien n\u2019est encore d\u00e9cid\u00e9.<\/p>\n\n\n\n<p>Le regard est l\u00e0,<br>la direction aussi,<br>mais le mouvement n\u2019a pas lieu.<\/p>\n\n\n\n<p>Ce travail explore cet \u00e9tat.<br>La latence du sens<\/p>","protected":false},"excerpt":{"rendered":"<p>Il existe un tempso\u00f9 rien n\u2019est encore d\u00e9cid\u00e9. Le regard est l\u00e0,la direction aussi,mais le mouvement n\u2019a pas lieu. Ce travail explore cet \u00e9tat.La latence du sens<\/p>","protected":false},"author":1,"featured_media":0,"parent":0,"menu_order":45,"comment_status":"closed","ping_status":"closed","template":"page-with-title","meta":{"footnotes":""},"class_list":["post-2062","page","type-page","status-publish","hentry"],"_links":{"self":[{"href":"https:\/\/df-abstract.com\/en\/wp-json\/wp\/v2\/pages\/2062","targetHints":{"allow":["GET"]}}],"collection":[{"href":"https:\/\/df-abstract.com\/en\/wp-json\/wp\/v2\/pages"}],"about":[{"href":"https:\/\/df-abstract.com\/en\/wp-json\/wp\/v2\/types\/page"}],"author":[{"embeddable":true,"href":"https:\/\/df-abstract.com\/en\/wp-json\/wp\/v2\/users\/1"}],"replies":[{"embeddable":true,"href":"https:\/\/df-abstract.com\/en\/wp-json\/wp\/v2\/comments?post=2062"}],"version-history":[{"count":2,"href":"https:\/\/df-abstract.com\/en\/wp-json\/wp\/v2\/pages\/2062\/revisions"}],"predecessor-version":[{"id":2064,"href":"https:\/\/df-abstract.com\/en\/wp-json\/wp\/v2\/pages\/2062\/revisions\/2064"}],"wp:attachment":[{"href":"https:\/\/df-abstract.com\/en\/wp-json\/wp\/v2\/media?parent=2062"}],"curies":[{"name":"wp","href":"https:\/\/api.w.org\/{rel}","templated":true}]}}