{"id":2374,"date":"2026-01-22T13:39:37","date_gmt":"2026-01-22T13:39:37","guid":{"rendered":"https:\/\/df-abstract.com\/?page_id=2374"},"modified":"2026-03-14T09:15:16","modified_gmt":"2026-03-14T09:15:16","slug":"anomalia","status":"publish","type":"page","link":"https:\/\/df-abstract.com\/en\/anomalia\/","title":{"rendered":"anomalia"},"content":{"rendered":"<figure class=\"wp-block-image aligncenter size-large is-resized\"><img loading=\"lazy\" decoding=\"async\" width=\"683\" height=\"1024\" src=\"https:\/\/df-abstract.com\/wp-content\/uploads\/2026\/01\/Expedition-33-Prima-683x1024.png\" alt=\"\" class=\"wp-image-1953\" style=\"aspect-ratio:0.6670087224217548;width:375px;height:auto\" srcset=\"https:\/\/df-abstract.com\/wp-content\/uploads\/2026\/01\/Expedition-33-Prima-683x1024.png 683w, https:\/\/df-abstract.com\/wp-content\/uploads\/2026\/01\/Expedition-33-Prima-200x300.png 200w, https:\/\/df-abstract.com\/wp-content\/uploads\/2026\/01\/Expedition-33-Prima-768x1152.png 768w, https:\/\/df-abstract.com\/wp-content\/uploads\/2026\/01\/Expedition-33-Prima-8x12.png 8w, https:\/\/df-abstract.com\/wp-content\/uploads\/2026\/01\/Expedition-33-Prima-600x900.png 600w, https:\/\/df-abstract.com\/wp-content\/uploads\/2026\/01\/Expedition-33-Prima.png 1024w\" sizes=\"auto, (max-width: 683px) 100vw, 683px\" \/><\/figure>\n\n\n\n<p><strong>famille : <em><em>interruptio<\/em><\/em><br>oeuvre : <em>anomalia<\/em><\/strong><\/p>\n\n\n\n<p class=\"translation-block\">a regular series of units aligns in a stable order.<br>\none element deviates,<br>\nintroducing a minimal yet irreversible variation.<\/p>\n\n\n\n<p class=\"translation-block\">the structure is not broken:<br>\nit is disturbed.<br>\nthe anomaly does not destroy the whole,<br>\nit reveals it.<\/p>\n\n\n\n<p class=\"translation-block\"><em>anomalia<\/em> does not show rupture,<br>\nbut the moment when order ceases to be neutral,<br>\nwhere a single difference is enough<br>\nto render the structure unstable.<\/p>\n\n\n\n<h5 class=\"wp-block-heading\">variation<\/h5>\n\n\n\n<figure class=\"wp-block-image aligncenter size-large is-resized\"><img loading=\"lazy\" decoding=\"async\" width=\"683\" height=\"1024\" src=\"https:\/\/df-abstract.com\/wp-content\/uploads\/2026\/01\/ExP33-Extrema-683x1024.png\" alt=\"\" class=\"wp-image-1892\" style=\"width:363px;height:auto\" srcset=\"https:\/\/df-abstract.com\/wp-content\/uploads\/2026\/01\/ExP33-Extrema-683x1024.png 683w, https:\/\/df-abstract.com\/wp-content\/uploads\/2026\/01\/ExP33-Extrema-200x300.png 200w, https:\/\/df-abstract.com\/wp-content\/uploads\/2026\/01\/ExP33-Extrema-768x1152.png 768w, https:\/\/df-abstract.com\/wp-content\/uploads\/2026\/01\/ExP33-Extrema-8x12.png 8w, https:\/\/df-abstract.com\/wp-content\/uploads\/2026\/01\/ExP33-Extrema-600x900.png 600w, https:\/\/df-abstract.com\/wp-content\/uploads\/2026\/01\/ExP33-Extrema.png 1024w\" sizes=\"auto, (max-width: 683px) 100vw, 683px\" \/><figcaption class=\"wp-element-caption\"><em><em>anomalia saturatio <\/em><\/em><\/figcaption><\/figure>\n\n\n\n<div style=\"width:100%; text-align:right; margin-top:40px; font-style:italic;\">\n<a href=\"https:\/\/df-abstract.com\/en\/cesura-3\/\">next work \u2192 <em>cesura<\/em> <\/a>\n<\/div>\n\n\n\n<p class=\"has-text-align-right translation-block\">\u2192 <em><a href=\"https:\/\/df-abstract.com\/en\/art-geometrique-contemporain\/\">contemporary geometric art<\/a><\/em><\/p>","protected":false},"excerpt":{"rendered":"<p>famille : interruptiooeuvre : anomalia une s\u00e9rie r\u00e9guli\u00e8re d\u2019unit\u00e9s s\u2019aligne dans un ordre stable.un \u00e9l\u00e9ment d\u00e9vie,introduisant une variation minime mais irr\u00e9versible. la structure n\u2019est pas rompue :elle est perturb\u00e9e.l\u2019anomalie ne d\u00e9truit pas l\u2019ensemble,elle le r\u00e9v\u00e8le. anomalia ne montre pas la rupture,mais l\u2019instant o\u00f9 l\u2019ordre cesse d\u2019\u00eatre neutre,l\u00e0 o\u00f9 une diff\u00e9rence suffit\u00e0 rendre la structure instable. [&hellip;]<\/p>\n","protected":false},"author":1,"featured_media":0,"parent":0,"menu_order":18,"comment_status":"closed","ping_status":"closed","template":"page-with-title","meta":{"footnotes":""},"class_list":["post-2374","page","type-page","status-publish","hentry"],"_links":{"self":[{"href":"https:\/\/df-abstract.com\/en\/wp-json\/wp\/v2\/pages\/2374","targetHints":{"allow":["GET"]}}],"collection":[{"href":"https:\/\/df-abstract.com\/en\/wp-json\/wp\/v2\/pages"}],"about":[{"href":"https:\/\/df-abstract.com\/en\/wp-json\/wp\/v2\/types\/page"}],"author":[{"embeddable":true,"href":"https:\/\/df-abstract.com\/en\/wp-json\/wp\/v2\/users\/1"}],"replies":[{"embeddable":true,"href":"https:\/\/df-abstract.com\/en\/wp-json\/wp\/v2\/comments?post=2374"}],"version-history":[{"count":51,"href":"https:\/\/df-abstract.com\/en\/wp-json\/wp\/v2\/pages\/2374\/revisions"}],"predecessor-version":[{"id":5051,"href":"https:\/\/df-abstract.com\/en\/wp-json\/wp\/v2\/pages\/2374\/revisions\/5051"}],"wp:attachment":[{"href":"https:\/\/df-abstract.com\/en\/wp-json\/wp\/v2\/media?parent=2374"}],"curies":[{"name":"wp","href":"https:\/\/api.w.org\/{rel}","templated":true}]}}