{"id":2450,"date":"2026-01-25T15:22:02","date_gmt":"2026-01-25T15:22:02","guid":{"rendered":"https:\/\/df-abstract.com\/?page_id=2450"},"modified":"2026-03-14T09:10:32","modified_gmt":"2026-03-14T09:10:32","slug":"incursus-2","status":"publish","type":"page","link":"https:\/\/df-abstract.com\/en\/incursus-2\/","title":{"rendered":"incursus"},"content":{"rendered":"<figure class=\"wp-block-image is-resized\"><img loading=\"lazy\" decoding=\"async\" width=\"683\" height=\"1024\" src=\"https:\/\/df-abstract.com\/wp-content\/uploads\/2026\/01\/Incursus-683x1024.jpg\" alt=\"\" class=\"wp-image-2445\" style=\"aspect-ratio:0.6669965363681346;width:320px;height:auto\" srcset=\"https:\/\/df-abstract.com\/wp-content\/uploads\/2026\/01\/Incursus-683x1024.jpg 683w, https:\/\/df-abstract.com\/wp-content\/uploads\/2026\/01\/Incursus-200x300.jpg 200w, https:\/\/df-abstract.com\/wp-content\/uploads\/2026\/01\/Incursus-768x1152.jpg 768w, https:\/\/df-abstract.com\/wp-content\/uploads\/2026\/01\/Incursus-8x12.jpg 8w, https:\/\/df-abstract.com\/wp-content\/uploads\/2026\/01\/Incursus-600x900.jpg 600w, https:\/\/df-abstract.com\/wp-content\/uploads\/2026\/01\/Incursus.jpg 1024w\" sizes=\"auto, (max-width: 683px) 100vw, 683px\" \/><\/figure>\n\n\n\n<p><strong>famille : <em><em>turbulenta<\/em><\/em><br>oeuvre : <em>incursus<\/em><\/strong><\/p>\n\n\n\n<p class=\"translation-block\">incandescent flows surge and collide within a dark field.<br>\ntrajectories multiply, intersect, tear apart.<\/p>\n\n\n\n<p>form no longer organizes movement: it undergoes pressure, excess, collision.<\/p>\n\n\n\n<p class=\"translation-block\"><em>incursus<\/em> fixes the paroxysm,<br>\nthe moment when saturated energy can no longer unfold <br>\nand condenses into pure tension.<\/p>\n\n\n\n<h6 class=\"wp-block-heading\"><strong>variation<\/strong><\/h6>\n\n\n\n<p>                            <em>saturatio<\/em><\/p>\n\n\n\n<figure class=\"wp-block-image size-large is-resized\"><img loading=\"lazy\" decoding=\"async\" width=\"683\" height=\"1024\" src=\"https:\/\/df-abstract.com\/wp-content\/uploads\/2026\/02\/Explosion-de-lumiere-doree-683x1024.png\" alt=\"\" class=\"wp-image-3459\" style=\"aspect-ratio:0.6669975186104219;width:315px;height:auto\" srcset=\"https:\/\/df-abstract.com\/wp-content\/uploads\/2026\/02\/Explosion-de-lumiere-doree-683x1024.png 683w, https:\/\/df-abstract.com\/wp-content\/uploads\/2026\/02\/Explosion-de-lumiere-doree-200x300.png 200w, https:\/\/df-abstract.com\/wp-content\/uploads\/2026\/02\/Explosion-de-lumiere-doree-768x1152.png 768w, https:\/\/df-abstract.com\/wp-content\/uploads\/2026\/02\/Explosion-de-lumiere-doree-8x12.png 8w, https:\/\/df-abstract.com\/wp-content\/uploads\/2026\/02\/Explosion-de-lumiere-doree-600x900.png 600w, https:\/\/df-abstract.com\/wp-content\/uploads\/2026\/02\/Explosion-de-lumiere-doree.png 1024w\" sizes=\"auto, (max-width: 683px) 100vw, 683px\" \/><\/figure>\n\n\n\n<p class=\"has-text-align-left\"><\/p>\n\n\n\n<div style=\"width:100%; text-align:right; margin-top:40px; font-style:italic;\">\n<a href=\"https:\/\/df-abstract.com\/en\/familles-devocatio\/\">back to <em>evocatio<\/em> families \u2192<\/a>\n<\/div>\n\n\n\n<p class=\"has-text-align-right\"><em><a href=\"https:\/\/df-abstract.com\/en\/verticalis\/\" data-type=\"link\" data-id=\"https:\/\/df-abstract.com\/verticalis\/\">next work\u00a0\u2192\u00a0verticalis<\/a><\/em><\/p>\n\n\n\n<p class=\"has-text-align-right translation-block\">\u2192 <em><a href=\"https:\/\/df-abstract.com\/en\/art-geometrique-contemporain\/\">contemporary geometric art<\/a><\/em><\/p>","protected":false},"excerpt":{"rendered":"<p>famille : turbulentaoeuvre : incursus des flux incandescents surgissent et s\u2019entrechoquent dans un champ noir.les trajectoires se multiplient, se croisent, se d\u00e9chirent. la forme n\u2019organise plus le mouvement: elle en subit la pression, l\u2019exc\u00e8s, la collision. incursus fixe le paroxysme,l\u2019instant o\u00f9 l\u2019\u00e9nergie satur\u00e9e ne peut plus se d\u00e9ployeret se condense en tension pure. variation saturatio [&hellip;]<\/p>\n","protected":false},"author":1,"featured_media":0,"parent":0,"menu_order":33,"comment_status":"closed","ping_status":"closed","template":"page-with-title","meta":{"footnotes":""},"class_list":["post-2450","page","type-page","status-publish","hentry"],"_links":{"self":[{"href":"https:\/\/df-abstract.com\/en\/wp-json\/wp\/v2\/pages\/2450","targetHints":{"allow":["GET"]}}],"collection":[{"href":"https:\/\/df-abstract.com\/en\/wp-json\/wp\/v2\/pages"}],"about":[{"href":"https:\/\/df-abstract.com\/en\/wp-json\/wp\/v2\/types\/page"}],"author":[{"embeddable":true,"href":"https:\/\/df-abstract.com\/en\/wp-json\/wp\/v2\/users\/1"}],"replies":[{"embeddable":true,"href":"https:\/\/df-abstract.com\/en\/wp-json\/wp\/v2\/comments?post=2450"}],"version-history":[{"count":38,"href":"https:\/\/df-abstract.com\/en\/wp-json\/wp\/v2\/pages\/2450\/revisions"}],"predecessor-version":[{"id":5047,"href":"https:\/\/df-abstract.com\/en\/wp-json\/wp\/v2\/pages\/2450\/revisions\/5047"}],"wp:attachment":[{"href":"https:\/\/df-abstract.com\/en\/wp-json\/wp\/v2\/media?parent=2450"}],"curies":[{"name":"wp","href":"https:\/\/api.w.org\/{rel}","templated":true}]}}