{"id":2776,"date":"2026-01-31T12:40:27","date_gmt":"2026-01-31T12:40:27","guid":{"rendered":"https:\/\/df-abstract.com\/?page_id=2776"},"modified":"2026-03-14T09:16:00","modified_gmt":"2026-03-14T09:16:00","slug":"cesura-3","status":"publish","type":"page","link":"https:\/\/df-abstract.com\/en\/cesura-3\/","title":{"rendered":"<em>cesura<\/em>"},"content":{"rendered":"<div class=\"wp-block-media-text is-stacked-on-mobile\"><figure class=\"wp-block-media-text__media\"><img loading=\"lazy\" decoding=\"async\" width=\"683\" height=\"1024\" src=\"https:\/\/df-abstract.com\/wp-content\/uploads\/2026\/01\/Cesura-683x1024.png\" alt=\"\" class=\"wp-image-2446 size-full\" srcset=\"https:\/\/df-abstract.com\/wp-content\/uploads\/2026\/01\/Cesura-683x1024.png 683w, https:\/\/df-abstract.com\/wp-content\/uploads\/2026\/01\/Cesura-200x300.png 200w, https:\/\/df-abstract.com\/wp-content\/uploads\/2026\/01\/Cesura-768x1152.png 768w, https:\/\/df-abstract.com\/wp-content\/uploads\/2026\/01\/Cesura-8x12.png 8w, https:\/\/df-abstract.com\/wp-content\/uploads\/2026\/01\/Cesura-600x900.png 600w, https:\/\/df-abstract.com\/wp-content\/uploads\/2026\/01\/Cesura.png 1024w\" sizes=\"auto, (max-width: 683px) 100vw, 683px\" \/><\/figure><div class=\"wp-block-media-text__content\">\n<p class=\"translation-block\"><strong>family :<em> interruptio<\/em><br>work : <em>cesura<\/em><\/strong><br><\/p>\n\n\n\n<p class=\"translation-block\">a vertical progression unfolds in silence.<br>\ntension accumulates, then abruptly stops.<\/p>\n\n\n\n<p class=\"translation-block\">light contracts into a final point,<br>\nmarking the caesura, clear and irreversible<\/p>\n\n\n\n<p class=\"translation-block\"><em>cesura<\/em> fixes the moment of threshold:<br>\nthe one where continuity ceases,<br>\nwithout transition, without return.<\/p>\n<\/div><\/div>\n\n\n\n<div style=\"width:100%; text-align:right; margin-top:40px; font-style:italic;\">\n<a href=\"https:\/\/df-abstract.com\/en\/familles-devocatio\/\">back to <em>evocatio<\/em> families \u2192<\/a>\n<\/div>\n\n\n\n<p class=\"has-text-align-right\"><em><a href=\"https:\/\/df-abstract.com\/en\/medius\/\" data-type=\"page\" data-id=\"4758\">next work\u00a0\u2192 medius&nbsp;&nbsp;<\/a><\/em><\/p>\n\n\n\n<p class=\"has-text-align-right translation-block\">\u2192 <em><a href=\"https:\/\/df-abstract.com\/en\/art-geometrique-contemporain\/\">contemporary geometric art<\/a><\/em><\/p>","protected":false},"excerpt":{"rendered":"<p>famille : interruptiooeuvre : cesura une progression verticale se d\u00e9ploie dans le silence.la tension s\u2019accumule, puis s\u2019interrompt brutalement. la lumi\u00e8re se contracte en un point final,marquant la c\u00e9sure, nette et irr\u00e9versible. cesura fixe l\u2019instant du seuil :celui o\u00f9 la continuit\u00e9 cesse,sans transition, sans retour. retour aux familles d&rsquo;evocatio \u2192 oeuvre suivante&nbsp;\u2192 medius&nbsp;&nbsp; \u2192 art g\u00e9om\u00e9trique [&hellip;]<\/p>\n","protected":false},"author":1,"featured_media":0,"parent":0,"menu_order":15,"comment_status":"closed","ping_status":"closed","template":"page-with-title","meta":{"footnotes":""},"class_list":["post-2776","page","type-page","status-publish","hentry"],"_links":{"self":[{"href":"https:\/\/df-abstract.com\/en\/wp-json\/wp\/v2\/pages\/2776","targetHints":{"allow":["GET"]}}],"collection":[{"href":"https:\/\/df-abstract.com\/en\/wp-json\/wp\/v2\/pages"}],"about":[{"href":"https:\/\/df-abstract.com\/en\/wp-json\/wp\/v2\/types\/page"}],"author":[{"embeddable":true,"href":"https:\/\/df-abstract.com\/en\/wp-json\/wp\/v2\/users\/1"}],"replies":[{"embeddable":true,"href":"https:\/\/df-abstract.com\/en\/wp-json\/wp\/v2\/comments?post=2776"}],"version-history":[{"count":23,"href":"https:\/\/df-abstract.com\/en\/wp-json\/wp\/v2\/pages\/2776\/revisions"}],"predecessor-version":[{"id":5052,"href":"https:\/\/df-abstract.com\/en\/wp-json\/wp\/v2\/pages\/2776\/revisions\/5052"}],"wp:attachment":[{"href":"https:\/\/df-abstract.com\/en\/wp-json\/wp\/v2\/media?parent=2776"}],"curies":[{"name":"wp","href":"https:\/\/api.w.org\/{rel}","templated":true}]}}