{"id":2797,"date":"2026-01-31T13:03:13","date_gmt":"2026-01-31T13:03:13","guid":{"rendered":"https:\/\/df-abstract.com\/?page_id=2797"},"modified":"2026-03-14T09:07:56","modified_gmt":"2026-03-14T09:07:56","slug":"inertia-2","status":"publish","type":"page","link":"https:\/\/df-abstract.com\/en\/inertia-2\/","title":{"rendered":"inertia"},"content":{"rendered":"<div class=\"wp-block-media-text is-stacked-on-mobile\"><figure class=\"wp-block-media-text__media\"><img loading=\"lazy\" decoding=\"async\" width=\"683\" height=\"1024\" src=\"https:\/\/df-abstract.com\/wp-content\/uploads\/2026\/01\/inertia-683x1024.png\" alt=\"\" class=\"wp-image-1893 size-full\" srcset=\"https:\/\/df-abstract.com\/wp-content\/uploads\/2026\/01\/inertia-683x1024.png 683w, https:\/\/df-abstract.com\/wp-content\/uploads\/2026\/01\/inertia-200x300.png 200w, https:\/\/df-abstract.com\/wp-content\/uploads\/2026\/01\/inertia-768x1152.png 768w, https:\/\/df-abstract.com\/wp-content\/uploads\/2026\/01\/inertia-8x12.png 8w, https:\/\/df-abstract.com\/wp-content\/uploads\/2026\/01\/inertia-600x900.png 600w, https:\/\/df-abstract.com\/wp-content\/uploads\/2026\/01\/inertia.png 1024w\" sizes=\"auto, (max-width: 683px) 100vw, 683px\" \/><\/figure><div class=\"wp-block-media-text__content\">\n<p><strong>famille : <em>gravitas<\/em><br>oeuvre : <em>inertia<\/em><\/strong><br><\/p>\n\n\n\n<p class=\"translation-block\">a dense and fragmented structure<br> occupies the space.<br>\nforms interlock, overlap, and resist movement.<\/p>\n\n\n\n<p class=\"translation-block\">energy is present, but contained,<br>\nheld at the core of the matter.<\/p>\n\n\n\n<p class=\"translation-block\"><em>inertia<\/em> does not describe immobility,<br>\nbut the persistence of a state,<br>\nthe weight of a form that remains <br>\nas long as no force comes to break it.<\/p>\n<\/div><\/div>\n\n\n\n<div style=\"width:100%; text-align:right; margin-top:40px; font-style:italic;\">\n<a href=\"https:\/\/df-abstract.com\/en\/familles-devocatio\/\">back to <em>evocatio<\/em> families \u2192<\/a>\n<\/div>\n\n\n\n<p class=\"has-text-align-right\"><em><a href=\"https:\/\/df-abstract.com\/en\/fluxus\/\" data-type=\"link\" data-id=\"https:\/\/df-abstract.com\/fluxus\/\">\u2192 <em>next work \u2192 fluxus<\/em><\/a><\/em><\/p>\n\n\n\n<p class=\"has-text-align-right\"><em><a href=\"https:\/\/df-abstract.com\/en\/art-geometrique-contemporain\/\" data-type=\"link\" data-id=\"https:\/\/df-abstract.com\/df-abstract-art-geometrique-contemporain-et-structure-visuelle\/\">\u2192 <em>contemporary geometric art<\/em><\/a><\/em><\/p>","protected":false},"excerpt":{"rendered":"<p>famille : gravitasoeuvre : inertia une structure dense et fragment\u00e9e&nbsp; &nbsp; &nbsp; occupe l\u2019espace.les formes s\u2019imbriquent, se&nbsp; &nbsp; &nbsp; &nbsp; &nbsp; &nbsp; &nbsp; &nbsp; &nbsp; superposent, r\u00e9sistent au mouvement. l\u2019\u00e9nergie est pr\u00e9sente, mais contenue,retenue au c\u0153ur de la mati\u00e8re. inertia ne d\u00e9crit pas l\u2019immobilit\u00e9,mais la persistance d\u2019un \u00e9tat,le poids d\u2019une forme qui demeuretant qu\u2019aucune force [&hellip;]<\/p>\n","protected":false},"author":1,"featured_media":0,"parent":0,"menu_order":13,"comment_status":"closed","ping_status":"closed","template":"page-with-title","meta":{"footnotes":""},"class_list":["post-2797","page","type-page","status-publish","hentry"],"_links":{"self":[{"href":"https:\/\/df-abstract.com\/en\/wp-json\/wp\/v2\/pages\/2797","targetHints":{"allow":["GET"]}}],"collection":[{"href":"https:\/\/df-abstract.com\/en\/wp-json\/wp\/v2\/pages"}],"about":[{"href":"https:\/\/df-abstract.com\/en\/wp-json\/wp\/v2\/types\/page"}],"author":[{"embeddable":true,"href":"https:\/\/df-abstract.com\/en\/wp-json\/wp\/v2\/users\/1"}],"replies":[{"embeddable":true,"href":"https:\/\/df-abstract.com\/en\/wp-json\/wp\/v2\/comments?post=2797"}],"version-history":[{"count":19,"href":"https:\/\/df-abstract.com\/en\/wp-json\/wp\/v2\/pages\/2797\/revisions"}],"predecessor-version":[{"id":5044,"href":"https:\/\/df-abstract.com\/en\/wp-json\/wp\/v2\/pages\/2797\/revisions\/5044"}],"wp:attachment":[{"href":"https:\/\/df-abstract.com\/en\/wp-json\/wp\/v2\/media?parent=2797"}],"curies":[{"name":"wp","href":"https:\/\/api.w.org\/{rel}","templated":true}]}}