{"id":3482,"date":"2026-02-07T04:51:45","date_gmt":"2026-02-07T04:51:45","guid":{"rendered":"https:\/\/df-abstract.com\/?page_id=3482"},"modified":"2026-02-09T14:18:46","modified_gmt":"2026-02-09T14:18:46","slug":"politique-cookies","status":"publish","type":"page","link":"https:\/\/df-abstract.com\/en\/politique-cookies\/","title":{"rendered":"Cookie policy"},"content":{"rendered":"<p>The DF-ABSTRACT website uses only technical cookies strictly necessary for its operation.<\/p>\n\n\n\n<p>These cookies allow in particular:<\/p>\n\n\n\n<ul class=\"wp-block-list\">\n<li>Management of the shopping cart<\/li>\n\n\n\n<li>Maintenance of the user session<\/li>\n\n\n\n<li>Security and proper functioning of the website<\/li>\n<\/ul>\n\n\n\n<p>DF-ABSTRACT does not use any advertising, statistical, or profiling cookies.<\/p>\n\n\n\n<p>No personal data is used for marketing purposes.<\/p>\n\n\n\n<p>Technical cookies do not require prior consent in accordance with applicable regulations.<\/p>\n\n\n\n<p>You may configure your browser to block these cookies. However, certain features of the website may no longer function properly.<\/p>\n\n\n\n<p>The list of cookies used may evolve depending on technical updates to the website.<\/p>","protected":false},"excerpt":{"rendered":"<p>Le site DF-ABSTRACT utilise uniquement des cookies techniques strictement n\u00e9cessaires \u00e0 son fonctionnement. Ces cookies permettent notamment : DF-ABSTRACT n\u2019utilise aucun cookie publicitaire, statistique ou de profilage. Aucune donn\u00e9e personnelle n\u2019est exploit\u00e9e \u00e0 des fins marketing. Les cookies techniques ne n\u00e9cessitent pas de consentement pr\u00e9alable conform\u00e9ment \u00e0 la r\u00e9glementation en vigueur. Vous pouvez configurer votre [&hellip;]<\/p>\n","protected":false},"author":1,"featured_media":0,"parent":0,"menu_order":9,"comment_status":"closed","ping_status":"closed","template":"page-with-title","meta":{"footnotes":""},"class_list":["post-3482","page","type-page","status-publish","hentry"],"_links":{"self":[{"href":"https:\/\/df-abstract.com\/en\/wp-json\/wp\/v2\/pages\/3482","targetHints":{"allow":["GET"]}}],"collection":[{"href":"https:\/\/df-abstract.com\/en\/wp-json\/wp\/v2\/pages"}],"about":[{"href":"https:\/\/df-abstract.com\/en\/wp-json\/wp\/v2\/types\/page"}],"author":[{"embeddable":true,"href":"https:\/\/df-abstract.com\/en\/wp-json\/wp\/v2\/users\/1"}],"replies":[{"embeddable":true,"href":"https:\/\/df-abstract.com\/en\/wp-json\/wp\/v2\/comments?post=3482"}],"version-history":[{"count":10,"href":"https:\/\/df-abstract.com\/en\/wp-json\/wp\/v2\/pages\/3482\/revisions"}],"predecessor-version":[{"id":3833,"href":"https:\/\/df-abstract.com\/en\/wp-json\/wp\/v2\/pages\/3482\/revisions\/3833"}],"wp:attachment":[{"href":"https:\/\/df-abstract.com\/en\/wp-json\/wp\/v2\/media?parent=3482"}],"curies":[{"name":"wp","href":"https:\/\/api.w.org\/{rel}","templated":true}]}}