{"id":3515,"date":"2026-02-07T11:44:42","date_gmt":"2026-02-07T11:44:42","guid":{"rendered":"https:\/\/df-abstract.com\/?page_id=3515"},"modified":"2026-02-09T14:38:48","modified_gmt":"2026-02-09T14:38:48","slug":"informations-legales","status":"publish","type":"page","link":"https:\/\/df-abstract.com\/en\/informations-legales\/","title":{"rendered":"Legal information"},"content":{"rendered":"<p>this section brings together all legal, editorial, and ethical information governing the DF-ABSTRACT website and the dissemination of the works.<\/p>\n\n\n\n<p><br><a href=\"https:\/\/df-abstract.com\/en\/mentions-legales\/\" data-type=\"page\" data-id=\"3469\">Legal notice<\/a><\/p>\n\n\n\n<p><br><a href=\"https:\/\/df-abstract.com\/en\/conditions-generales-de-vente\/\" data-type=\"page\" data-id=\"2753\">General terms and conditions of sale (GTC)<\/a><\/p>\n\n\n\n<p><br><a href=\"https:\/\/df-abstract.com\/en\/conditions-dutilisation-cgu\/\" data-type=\"page\" data-id=\"3510\">General terms of use (GTU)<\/a><\/p>\n\n\n\n<p><br><a href=\"https:\/\/df-abstract.com\/en\/privacy-policy\/\" data-type=\"page\" data-id=\"3489\">Privacy policy<\/a><\/p>\n\n\n\n<p><br><a href=\"https:\/\/df-abstract.com\/en\/politique-cookies\/\" data-type=\"page\" data-id=\"3482\">Cookie policy<\/a><\/p>\n\n\n\n<p><br><a href=\"https:\/\/df-abstract.com\/en\/charte-df-abstract\/\" data-type=\"page\" data-id=\"3595\">DF-ABSTRACT editorial and artistic charter<\/a><\/p>","protected":false},"excerpt":{"rendered":"<p>Cette section regroupe l\u2019ensemble des informations juridiques, \u00e9ditoriales et \u00e9thiques encadrant le site DF-ABSTRACT et la diffusion des \u0153uvres. Mentions l\u00e9gales Conditions G\u00e9n\u00e9rales de Vente (CGV) Conditions g\u00e9n\u00e9rales d\u2019utilisation (CGU) Politique de confidentialit\u00e9 Politique cookies Charte \u00e9ditoriale et artistique DF-ABSTRACT<\/p>","protected":false},"author":1,"featured_media":0,"parent":0,"menu_order":7,"comment_status":"closed","ping_status":"closed","template":"page-with-title","meta":{"footnotes":""},"class_list":["post-3515","page","type-page","status-publish","hentry"],"_links":{"self":[{"href":"https:\/\/df-abstract.com\/en\/wp-json\/wp\/v2\/pages\/3515","targetHints":{"allow":["GET"]}}],"collection":[{"href":"https:\/\/df-abstract.com\/en\/wp-json\/wp\/v2\/pages"}],"about":[{"href":"https:\/\/df-abstract.com\/en\/wp-json\/wp\/v2\/types\/page"}],"author":[{"embeddable":true,"href":"https:\/\/df-abstract.com\/en\/wp-json\/wp\/v2\/users\/1"}],"replies":[{"embeddable":true,"href":"https:\/\/df-abstract.com\/en\/wp-json\/wp\/v2\/comments?post=3515"}],"version-history":[{"count":26,"href":"https:\/\/df-abstract.com\/en\/wp-json\/wp\/v2\/pages\/3515\/revisions"}],"predecessor-version":[{"id":3863,"href":"https:\/\/df-abstract.com\/en\/wp-json\/wp\/v2\/pages\/3515\/revisions\/3863"}],"wp:attachment":[{"href":"https:\/\/df-abstract.com\/en\/wp-json\/wp\/v2\/media?parent=3515"}],"curies":[{"name":"wp","href":"https:\/\/api.w.org\/{rel}","templated":true}]}}