{"id":36,"date":"2026-01-10T09:28:22","date_gmt":"2026-01-10T09:28:22","guid":{"rendered":"https:\/\/df-abstract.com\/accueil\/"},"modified":"2026-04-02T08:40:26","modified_gmt":"2026-04-02T08:40:26","slug":"accueil","status":"publish","type":"page","link":"https:\/\/df-abstract.com\/en\/","title":{"rendered":"Accueil"},"content":{"rendered":"<h1 class=\"wp-block-heading seo-hidden\">DF-ABSTRACT &#8211; Art abstrait g\u00e9om\u00e9trique contemporain<\/h1>\n\n\n\n<h2 class=\"wp-block-heading has-text-align-center\"><strong>evocatio<\/strong><\/h2>\n\n\n\n<h2 class=\"wp-block-heading alignwide has-text-align-center subtitle-seo\">contemporary geometric abstract art<\/h2>\n\n\n\n<h3 class=\"wp-block-heading has-text-align-center mobile-hide\">projet d&rsquo;art abstrait g\u00e9om\u00e9trique contemporain<\/h3>\n\n\n\n<p class=\"has-text-align-center\"><strong>A corpus of abstract forms conceived as a spatial language.<\/strong><\/p>\n\n\n\n<p><strong>DF-ABSTRACT is a contemporary geometric abstract art project developed in France.<\/strong><\/p>\n\n\n\n<p class=\"translation-block\">DF-ABSTRACT explores the transformation of perceptual states into formal structures.\nmovement, tension, orientation: not as symbols, but as states.<\/p>\n\n\n\n<p class=\"translation-block\">each  <em>evocatio<\/em> translates a source, sometimes musical, sometimes silent, into geometric balance.<\/p>\n\n\n\n<p><\/p>\n\n\n\n<div class=\"wp-block-group alignfull is-style-ext-preset--group--natural-1--section has-background-background-color has-background has-global-padding is-layout-constrained wp-block-group-is-layout-constrained\" style=\"margin-top:0;margin-bottom:0;padding-top:var(--wp--preset--spacing--50);padding-bottom:var(--wp--preset--spacing--70)\">\n<div class=\"wp-block-columns alignwide are-vertically-aligned-top is-layout-flex wp-container-core-columns-is-layout-08c01c1c wp-block-columns-is-layout-flex\">\n<div class=\"wp-block-column is-vertically-aligned-top is-layout-flow wp-block-column-is-layout-flow\">\n<div class=\"wp-block-columns is-layout-flex wp-container-core-columns-is-layout-28f84493 wp-block-columns-is-layout-flex\">\n<div class=\"wp-block-column is-layout-flow wp-block-column-is-layout-flow\" style=\"flex-basis:100%\">\n<figure class=\"wp-block-image aligncenter is-resized is-style-ext-preset--image--natural-1--image-1--content-left is-style-ext-preset--image--natural-1--image-1--content-left--3\"><img loading=\"lazy\" decoding=\"async\" width=\"1536\" height=\"1536\" src=\"https:\/\/df-abstract.com\/wp-content\/uploads\/2026\/01\/3.jpg\" alt=\"oeuvre d'art abstrait g\u00e9om\u00e9trique contemporain DF-ABSTRACT evocatio\" class=\"wp-image-484\" style=\"width:553px;height:auto\" srcset=\"https:\/\/df-abstract.com\/wp-content\/uploads\/2026\/01\/3.jpg 1536w, https:\/\/df-abstract.com\/wp-content\/uploads\/2026\/01\/3-300x300.jpg 300w, https:\/\/df-abstract.com\/wp-content\/uploads\/2026\/01\/3-1024x1024.jpg 1024w, https:\/\/df-abstract.com\/wp-content\/uploads\/2026\/01\/3-150x150.jpg 150w, https:\/\/df-abstract.com\/wp-content\/uploads\/2026\/01\/3-768x768.jpg 768w, https:\/\/df-abstract.com\/wp-content\/uploads\/2026\/01\/3-12x12.jpg 12w, https:\/\/df-abstract.com\/wp-content\/uploads\/2026\/01\/3-600x600.jpg 600w, https:\/\/df-abstract.com\/wp-content\/uploads\/2026\/01\/3-100x100.jpg 100w\" sizes=\"auto, (max-width: 1536px) 100vw, 1536px\" \/><\/figure>\n\n\n\n<div style=\"height:6px\" aria-hidden=\"true\" class=\"wp-block-spacer\"><\/div>\n\n\n\n<div class=\"wp-block-columns is-layout-flex wp-container-core-columns-is-layout-28f84493 wp-block-columns-is-layout-flex\">\n<div class=\"wp-block-column is-layout-flow wp-block-column-is-layout-flow\"><\/div>\n\n\n\n<div class=\"wp-block-column is-layout-flow wp-block-column-is-layout-flow\">\n<div class=\"wp-block-buttons is-content-justification-center is-layout-flex wp-container-core-buttons-is-layout-72caf8c6 wp-block-buttons-is-layout-flex\">\n<div class=\"wp-block-button translation-block\"><a class=\"wp-block-button__link wp-element-button\" href=\"https:\/\/df-abstract.com\/en\/evocatio\/\" target=\"_self\">enter evocatio <\/em><\/a><\/div>\n<\/div>\n<\/div>\n\n\n\n<div class=\"wp-block-column is-layout-flow wp-block-column-is-layout-flow\"><\/div>\n<\/div>\n<\/div>\n<\/div>\n<\/div>\n<\/div>\n\n\n\n<p><a href=\"https:\/\/df-abstract.com\/en\/explorer-df-abstract\/\" data-type=\"page\" data-id=\"4276\">Explore DF-ABSTRACT \u2192<\/a><\/p>\n<\/div>","protected":false},"excerpt":{"rendered":"<p>DF-ABSTRACT &#8211; Art abstrait g\u00e9om\u00e9trique contemporain evocatio art abstrait g\u00e9om\u00e9trique contemporain projet d&rsquo;art abstrait g\u00e9om\u00e9trique contemporain corpus de formes abstraites pens\u00e9 comme un langage spatial. DF-ABSTRACT est un projet d\u2019art abstrait g\u00e9om\u00e9trique contemporain d\u00e9velopp\u00e9 en France. DF-ABSTRACT explore la transformation d\u2019\u00e9tats perceptifs en structures formelles.mouvement, tension, orientation : non comme des symboles, mais comme des [&hellip;]<\/p>\n","protected":false},"author":1,"featured_media":0,"parent":0,"menu_order":17,"comment_status":"closed","ping_status":"closed","template":"no-title-sticky-header","meta":{"footnotes":""},"class_list":["post-36","page","type-page","status-publish","hentry"],"_links":{"self":[{"href":"https:\/\/df-abstract.com\/en\/wp-json\/wp\/v2\/pages\/36","targetHints":{"allow":["GET"]}}],"collection":[{"href":"https:\/\/df-abstract.com\/en\/wp-json\/wp\/v2\/pages"}],"about":[{"href":"https:\/\/df-abstract.com\/en\/wp-json\/wp\/v2\/types\/page"}],"author":[{"embeddable":true,"href":"https:\/\/df-abstract.com\/en\/wp-json\/wp\/v2\/users\/1"}],"replies":[{"embeddable":true,"href":"https:\/\/df-abstract.com\/en\/wp-json\/wp\/v2\/comments?post=36"}],"version-history":[{"count":251,"href":"https:\/\/df-abstract.com\/en\/wp-json\/wp\/v2\/pages\/36\/revisions"}],"predecessor-version":[{"id":5069,"href":"https:\/\/df-abstract.com\/en\/wp-json\/wp\/v2\/pages\/36\/revisions\/5069"}],"wp:attachment":[{"href":"https:\/\/df-abstract.com\/en\/wp-json\/wp\/v2\/media?parent=36"}],"curies":[{"name":"wp","href":"https:\/\/api.w.org\/{rel}","templated":true}]}}