{"id":382,"date":"2026-01-13T15:39:09","date_gmt":"2026-01-13T15:39:09","guid":{"rendered":"https:\/\/df-abstract.com\/?page_id=382"},"modified":"2026-03-14T09:09:40","modified_gmt":"2026-03-14T09:09:40","slug":"vortex","status":"publish","type":"page","link":"https:\/\/df-abstract.com\/en\/vortex\/","title":{"rendered":"vortex"},"content":{"rendered":"<div class=\"wp-block-group alignfull is-style-ext-preset--group--natural-1--section has-background-background-color has-background has-global-padding is-layout-constrained wp-container-core-group-is-layout-f72f1611 wp-block-group-is-layout-constrained\" style=\"margin-top:0;margin-bottom:0;padding-top:var(--wp--preset--spacing--70);padding-bottom:var(--wp--preset--spacing--70)\">\n<div class=\"wp-block-group alignwide is-vertical is-layout-flex wp-container-core-group-is-layout-c35747d5 wp-block-group-is-layout-flex\">\n<div class=\"wp-block-group has-global-padding is-layout-constrained wp-container-core-group-is-layout-5e05634a wp-block-group-is-layout-constrained\">\n<figure class=\"wp-block-image size-full is-resized\"><img loading=\"lazy\" decoding=\"async\" width=\"1024\" height=\"1024\" src=\"https:\/\/df-abstract.com\/wp-content\/uploads\/2026\/01\/file_00000000f8a471f48f56d45c272c832d.png\" alt=\"\" class=\"wp-image-310\" style=\"width:250px;height:auto\" srcset=\"https:\/\/df-abstract.com\/wp-content\/uploads\/2026\/01\/file_00000000f8a471f48f56d45c272c832d.png 1024w, https:\/\/df-abstract.com\/wp-content\/uploads\/2026\/01\/file_00000000f8a471f48f56d45c272c832d-300x300.png 300w, https:\/\/df-abstract.com\/wp-content\/uploads\/2026\/01\/file_00000000f8a471f48f56d45c272c832d-150x150.png 150w, https:\/\/df-abstract.com\/wp-content\/uploads\/2026\/01\/file_00000000f8a471f48f56d45c272c832d-768x768.png 768w, https:\/\/df-abstract.com\/wp-content\/uploads\/2026\/01\/file_00000000f8a471f48f56d45c272c832d-12x12.png 12w, https:\/\/df-abstract.com\/wp-content\/uploads\/2026\/01\/file_00000000f8a471f48f56d45c272c832d-600x600.png 600w, https:\/\/df-abstract.com\/wp-content\/uploads\/2026\/01\/file_00000000f8a471f48f56d45c272c832d-100x100.png 100w\" sizes=\"auto, (max-width: 1024px) 100vw, 1024px\" \/><\/figure>\n\n\n\n<p><strong>famille : <em><em>turbulenta<\/em><\/em><br>oeuvre : <em>vortex<\/em><\/strong><\/p>\n\n\n\n<p class=\"translation-block\">angular segments coil around an empty center..<br>\nthe rotation is continuous, structured by a rigorous alternation of opposing forces.<\/p>\n\n\n\n<p>movement does not disperse: it converges, held in place by a constraining geometry.<\/p>\n\n\n\n<p class=\"translation-block\"><em>vortex<\/em> does not show chaos, but the stable form it can produce, where turbulence becomes system without ever losing its intensity.<\/p>\n\n\n\n<h6 class=\"wp-block-heading\"><strong>variations<\/strong><\/h6>\n\n\n\n<figure class=\"wp-block-gallery has-nested-images columns-default is-cropped wp-block-gallery-3 is-layout-flex wp-block-gallery-is-layout-flex\">\n<figure class=\"wp-block-image size-large\"><img loading=\"lazy\" decoding=\"async\" width=\"1024\" height=\"1024\" data-id=\"598\" src=\"https:\/\/df-abstract.com\/wp-content\/uploads\/2026\/01\/001-Fragmenta.png\" alt=\"\" class=\"wp-image-598\" srcset=\"https:\/\/df-abstract.com\/wp-content\/uploads\/2026\/01\/001-Fragmenta.png 1024w, https:\/\/df-abstract.com\/wp-content\/uploads\/2026\/01\/001-Fragmenta-300x300.png 300w, https:\/\/df-abstract.com\/wp-content\/uploads\/2026\/01\/001-Fragmenta-150x150.png 150w, https:\/\/df-abstract.com\/wp-content\/uploads\/2026\/01\/001-Fragmenta-768x768.png 768w, https:\/\/df-abstract.com\/wp-content\/uploads\/2026\/01\/001-Fragmenta-12x12.png 12w, https:\/\/df-abstract.com\/wp-content\/uploads\/2026\/01\/001-Fragmenta-600x600.png 600w, https:\/\/df-abstract.com\/wp-content\/uploads\/2026\/01\/001-Fragmenta-100x100.png 100w\" sizes=\"auto, (max-width: 1024px) 100vw, 1024px\" \/><figcaption class=\"wp-element-caption\"><em><em>fragmenta<\/em><\/em><\/figcaption><\/figure>\n\n\n\n<figure class=\"wp-block-image size-large\"><img loading=\"lazy\" decoding=\"async\" width=\"1024\" height=\"1024\" data-id=\"556\" src=\"https:\/\/df-abstract.com\/wp-content\/uploads\/2026\/01\/001-Nigra.png\" alt=\"\" class=\"wp-image-556\" srcset=\"https:\/\/df-abstract.com\/wp-content\/uploads\/2026\/01\/001-Nigra.png 1024w, https:\/\/df-abstract.com\/wp-content\/uploads\/2026\/01\/001-Nigra-300x300.png 300w, https:\/\/df-abstract.com\/wp-content\/uploads\/2026\/01\/001-Nigra-150x150.png 150w, https:\/\/df-abstract.com\/wp-content\/uploads\/2026\/01\/001-Nigra-768x768.png 768w, https:\/\/df-abstract.com\/wp-content\/uploads\/2026\/01\/001-Nigra-12x12.png 12w, https:\/\/df-abstract.com\/wp-content\/uploads\/2026\/01\/001-Nigra-600x600.png 600w, https:\/\/df-abstract.com\/wp-content\/uploads\/2026\/01\/001-Nigra-100x100.png 100w\" sizes=\"auto, (max-width: 1024px) 100vw, 1024px\" \/><figcaption class=\"wp-element-caption\"><em><em>nigra<\/em><\/em><\/figcaption><\/figure>\n\n\n\n<figure class=\"wp-block-image size-large\"><img loading=\"lazy\" decoding=\"async\" width=\"1024\" height=\"1024\" data-id=\"555\" src=\"https:\/\/df-abstract.com\/wp-content\/uploads\/2026\/01\/001-Lumen.png\" alt=\"\" class=\"wp-image-555\" srcset=\"https:\/\/df-abstract.com\/wp-content\/uploads\/2026\/01\/001-Lumen.png 1024w, https:\/\/df-abstract.com\/wp-content\/uploads\/2026\/01\/001-Lumen-300x300.png 300w, https:\/\/df-abstract.com\/wp-content\/uploads\/2026\/01\/001-Lumen-150x150.png 150w, https:\/\/df-abstract.com\/wp-content\/uploads\/2026\/01\/001-Lumen-768x768.png 768w, https:\/\/df-abstract.com\/wp-content\/uploads\/2026\/01\/001-Lumen-12x12.png 12w, https:\/\/df-abstract.com\/wp-content\/uploads\/2026\/01\/001-Lumen-600x600.png 600w, https:\/\/df-abstract.com\/wp-content\/uploads\/2026\/01\/001-Lumen-100x100.png 100w\" sizes=\"auto, (max-width: 1024px) 100vw, 1024px\" \/><figcaption class=\"wp-element-caption\"><em>lumen<\/em><\/figcaption><\/figure>\n\n\n\n<figure class=\"wp-block-image size-full\"><img loading=\"lazy\" decoding=\"async\" width=\"1024\" height=\"1024\" data-id=\"825\" src=\"https:\/\/df-abstract.com\/wp-content\/uploads\/2026\/01\/001-Structura.png\" alt=\"\" class=\"wp-image-825\" srcset=\"https:\/\/df-abstract.com\/wp-content\/uploads\/2026\/01\/001-Structura.png 1024w, https:\/\/df-abstract.com\/wp-content\/uploads\/2026\/01\/001-Structura-300x300.png 300w, https:\/\/df-abstract.com\/wp-content\/uploads\/2026\/01\/001-Structura-150x150.png 150w, https:\/\/df-abstract.com\/wp-content\/uploads\/2026\/01\/001-Structura-768x768.png 768w, https:\/\/df-abstract.com\/wp-content\/uploads\/2026\/01\/001-Structura-12x12.png 12w, https:\/\/df-abstract.com\/wp-content\/uploads\/2026\/01\/001-Structura-600x600.png 600w, https:\/\/df-abstract.com\/wp-content\/uploads\/2026\/01\/001-Structura-100x100.png 100w\" sizes=\"auto, (max-width: 1024px) 100vw, 1024px\" \/><figcaption class=\"wp-element-caption\"><em><em>structura<\/em><\/em><\/figcaption><\/figure>\n\n\n\n<figure class=\"wp-block-image size-large\"><img loading=\"lazy\" decoding=\"async\" width=\"1024\" height=\"1024\" data-id=\"554\" src=\"https:\/\/df-abstract.com\/wp-content\/uploads\/2026\/01\/001-Distillata.png\" alt=\"\" class=\"wp-image-554\" srcset=\"https:\/\/df-abstract.com\/wp-content\/uploads\/2026\/01\/001-Distillata.png 1024w, https:\/\/df-abstract.com\/wp-content\/uploads\/2026\/01\/001-Distillata-300x300.png 300w, https:\/\/df-abstract.com\/wp-content\/uploads\/2026\/01\/001-Distillata-150x150.png 150w, https:\/\/df-abstract.com\/wp-content\/uploads\/2026\/01\/001-Distillata-768x768.png 768w, https:\/\/df-abstract.com\/wp-content\/uploads\/2026\/01\/001-Distillata-12x12.png 12w, https:\/\/df-abstract.com\/wp-content\/uploads\/2026\/01\/001-Distillata-600x600.png 600w, https:\/\/df-abstract.com\/wp-content\/uploads\/2026\/01\/001-Distillata-100x100.png 100w\" sizes=\"auto, (max-width: 1024px) 100vw, 1024px\" \/><figcaption class=\"wp-element-caption\"><em>distillata<\/em><\/figcaption><\/figure>\n\n\n\n<figure class=\"wp-block-image size-large\"><img loading=\"lazy\" decoding=\"async\" width=\"1024\" height=\"1024\" data-id=\"597\" src=\"https:\/\/df-abstract.com\/wp-content\/uploads\/2026\/01\/001-Extrema.png\" alt=\"\" class=\"wp-image-597\" srcset=\"https:\/\/df-abstract.com\/wp-content\/uploads\/2026\/01\/001-Extrema.png 1024w, https:\/\/df-abstract.com\/wp-content\/uploads\/2026\/01\/001-Extrema-300x300.png 300w, https:\/\/df-abstract.com\/wp-content\/uploads\/2026\/01\/001-Extrema-150x150.png 150w, https:\/\/df-abstract.com\/wp-content\/uploads\/2026\/01\/001-Extrema-768x768.png 768w, https:\/\/df-abstract.com\/wp-content\/uploads\/2026\/01\/001-Extrema-12x12.png 12w, https:\/\/df-abstract.com\/wp-content\/uploads\/2026\/01\/001-Extrema-600x600.png 600w, https:\/\/df-abstract.com\/wp-content\/uploads\/2026\/01\/001-Extrema-100x100.png 100w\" sizes=\"auto, (max-width: 1024px) 100vw, 1024px\" \/><figcaption class=\"wp-element-caption\"><em>saturatio<\/em><\/figcaption><\/figure>\n<\/figure>\n<\/div>\n<\/div>\n\n\n\n<p class=\"has-text-align-right\"><em><a href=\"https:\/\/df-abstract.com\/en\/incursus-2\/\" data-type=\"link\" data-id=\"https:\/\/df-abstract.com\/incursus-2\/\">next work \u2192 <em>incursus<\/em><\/a><\/em><\/p>\n\n\n\n<p class=\"has-text-align-right translation-block\">\u2192 <em><a href=\"https:\/\/df-abstract.com\/en\/art-geometrique-contemporain\/\">contemporary geometric art<\/a><\/em><\/p>\n<\/div>","protected":false},"excerpt":{"rendered":"<p>famille : turbulentaoeuvre : vortex des segments angulaires s\u2019enroulent autour d\u2019un centre vide.la rotation est continue, structur\u00e9e par une alternance rigoureuse de forces oppos\u00e9es. le mouvement ne se disperse pas : il converge, maintenu par une g\u00e9om\u00e9trie contraignante. vortex ne montre pas le chaos, mais la forme stable qu\u2019il peut produire, l\u00e0 o\u00f9 la turbulence [&hellip;]<\/p>\n","protected":false},"author":1,"featured_media":0,"parent":0,"menu_order":58,"comment_status":"closed","ping_status":"closed","template":"page-with-title","meta":{"footnotes":""},"class_list":["post-382","page","type-page","status-publish","hentry"],"_links":{"self":[{"href":"https:\/\/df-abstract.com\/en\/wp-json\/wp\/v2\/pages\/382","targetHints":{"allow":["GET"]}}],"collection":[{"href":"https:\/\/df-abstract.com\/en\/wp-json\/wp\/v2\/pages"}],"about":[{"href":"https:\/\/df-abstract.com\/en\/wp-json\/wp\/v2\/types\/page"}],"author":[{"embeddable":true,"href":"https:\/\/df-abstract.com\/en\/wp-json\/wp\/v2\/users\/1"}],"replies":[{"embeddable":true,"href":"https:\/\/df-abstract.com\/en\/wp-json\/wp\/v2\/comments?post=382"}],"version-history":[{"count":72,"href":"https:\/\/df-abstract.com\/en\/wp-json\/wp\/v2\/pages\/382\/revisions"}],"predecessor-version":[{"id":5046,"href":"https:\/\/df-abstract.com\/en\/wp-json\/wp\/v2\/pages\/382\/revisions\/5046"}],"wp:attachment":[{"href":"https:\/\/df-abstract.com\/en\/wp-json\/wp\/v2\/media?parent=382"}],"curies":[{"name":"wp","href":"https:\/\/api.w.org\/{rel}","templated":true}]}}