{"id":4276,"date":"2026-02-14T16:00:05","date_gmt":"2026-02-14T16:00:05","guid":{"rendered":"https:\/\/df-abstract.com\/?page_id=4276"},"modified":"2026-03-14T09:21:36","modified_gmt":"2026-03-14T09:21:36","slug":"explorer-df-abstract","status":"publish","type":"page","link":"https:\/\/df-abstract.com\/en\/explorer-df-abstract\/","title":{"rendered":"Explore DF-ABSTRACT \u2192"},"content":{"rendered":"<p><em><a href=\"https:\/\/df-abstract.com\/en\/art-geometrique-contemporain\/\" data-type=\"link\" data-id=\"https:\/\/df-abstract.com\/art-geometrique-contemporain\/\">contemporary geometric art<\/a><\/em><\/p>\n\n\n\n<p><em><a href=\"https:\/\/df-abstract.com\/en\/structure-langage-geometrique-contemporain\/\" data-type=\"page\" data-id=\"2797\">structure<\/a><\/em><\/p>\n\n\n\n<p><em><a href=\"https:\/\/df-abstract.com\/en\/genese-art-geometrique-contemporain\/\" data-type=\"link\" data-id=\"https:\/\/df-abstract.com\/genese-art-geometrique-contemporain\/\">genesis<\/a><\/em><\/p>\n\n\n\n<p><em><a href=\"https:\/\/df-abstract.com\/en\/langage-geometrique-contemporain\/\" data-type=\"link\" data-id=\"https:\/\/df-abstract.com\/langage-geometrique-contemporain\/\">research<\/a><\/em><\/p>\n\n\n\n<p><a href=\"https:\/\/df-abstract.com\/en\/exposition-virtuelle-1\/\" data-type=\"page\" data-id=\"3924\"><em>virtual exhibition<\/em><\/a><\/p>\n\n\n\n<p><em><a href=\"https:\/\/df-abstract.com\/en\/editions\/\" data-type=\"page\" data-id=\"4170\">editions<\/a><\/em>&nbsp;<\/p>\n\n\n\n<p><em><a href=\"https:\/\/df-abstract.com\/en\/panier\/\" data-type=\"page\" data-id=\"3060\">cart<\/a><\/em><\/p>","protected":false},"excerpt":{"rendered":"<p>art g\u00e9om\u00e9trique contemporain structure gen\u00e8se recherche exposition virtuelle \u00e9ditions&nbsp; cart<\/p>","protected":false},"author":1,"featured_media":0,"parent":0,"menu_order":3,"comment_status":"closed","ping_status":"closed","template":"page-with-title","meta":{"footnotes":""},"class_list":["post-4276","page","type-page","status-publish","hentry"],"_links":{"self":[{"href":"https:\/\/df-abstract.com\/en\/wp-json\/wp\/v2\/pages\/4276","targetHints":{"allow":["GET"]}}],"collection":[{"href":"https:\/\/df-abstract.com\/en\/wp-json\/wp\/v2\/pages"}],"about":[{"href":"https:\/\/df-abstract.com\/en\/wp-json\/wp\/v2\/types\/page"}],"author":[{"embeddable":true,"href":"https:\/\/df-abstract.com\/en\/wp-json\/wp\/v2\/users\/1"}],"replies":[{"embeddable":true,"href":"https:\/\/df-abstract.com\/en\/wp-json\/wp\/v2\/comments?post=4276"}],"version-history":[{"count":29,"href":"https:\/\/df-abstract.com\/en\/wp-json\/wp\/v2\/pages\/4276\/revisions"}],"predecessor-version":[{"id":5058,"href":"https:\/\/df-abstract.com\/en\/wp-json\/wp\/v2\/pages\/4276\/revisions\/5058"}],"wp:attachment":[{"href":"https:\/\/df-abstract.com\/en\/wp-json\/wp\/v2\/media?parent=4276"}],"curies":[{"name":"wp","href":"https:\/\/api.w.org\/{rel}","templated":true}]}}