{"id":787,"date":"2026-01-14T10:07:37","date_gmt":"2026-01-14T10:07:37","guid":{"rendered":"https:\/\/df-abstract.com\/?page_id=787"},"modified":"2026-03-14T09:17:43","modified_gmt":"2026-03-14T09:17:43","slug":"circum","status":"publish","type":"page","link":"https:\/\/df-abstract.com\/en\/circum\/","title":{"rendered":"circum"},"content":{"rendered":"<figure class=\"wp-block-image size-full is-resized\"><img loading=\"lazy\" decoding=\"async\" width=\"1536\" height=\"1536\" src=\"https:\/\/df-abstract.com\/wp-content\/uploads\/2026\/01\/3.jpg\" alt=\"\" class=\"wp-image-484\" style=\"width:311px;height:auto\" srcset=\"https:\/\/df-abstract.com\/wp-content\/uploads\/2026\/01\/3.jpg 1536w, https:\/\/df-abstract.com\/wp-content\/uploads\/2026\/01\/3-300x300.jpg 300w, https:\/\/df-abstract.com\/wp-content\/uploads\/2026\/01\/3-1024x1024.jpg 1024w, https:\/\/df-abstract.com\/wp-content\/uploads\/2026\/01\/3-150x150.jpg 150w, https:\/\/df-abstract.com\/wp-content\/uploads\/2026\/01\/3-768x768.jpg 768w, https:\/\/df-abstract.com\/wp-content\/uploads\/2026\/01\/3-12x12.jpg 12w, https:\/\/df-abstract.com\/wp-content\/uploads\/2026\/01\/3-600x600.jpg 600w, https:\/\/df-abstract.com\/wp-content\/uploads\/2026\/01\/3-100x100.jpg 100w\" sizes=\"auto, (max-width: 1536px) 100vw, 1536px\" \/><\/figure>\n\n\n\n<p class=\"translation-block\"><strong>family:<\/strong> <strong><em>harmonia<\/em><\/strong><br>\n<strong>work:<\/strong> <strong><em>circum<\/em><\/strong><\/p>\n\n\n\n<p>concentric arcs organize space around an absent center. <\/p>\n\n\n\n<p>the form progresses through incomplete circles,<br>\nestablishing a balance never entirely closed. <\/p>\n\n\n\n<p>the rhythm is constant, measured,<br>\ncarried by a gentle tension between repetition and variation.<\/p>\n\n\n\n<p class=\"translation-block\"><em>circum<\/em> describes neither movement nor rupture,<br>\nbut the original state of a harmony in becoming,<br>\nwhere structure emerges from relation<br>\nrather than constraint.<\/p>\n\n\n\n<h5 class=\"wp-block-heading\">variations<\/h5>\n\n\n\n<figure class=\"wp-block-gallery has-nested-images columns-default is-cropped wp-block-gallery-2 is-layout-flex wp-block-gallery-is-layout-flex\">\n<figure class=\"wp-block-image size-full\"><img loading=\"lazy\" decoding=\"async\" width=\"1024\" height=\"1024\" data-id=\"771\" src=\"https:\/\/df-abstract.com\/wp-content\/uploads\/2026\/01\/002-Fragmenta.png\" alt=\"\" class=\"wp-image-771\" srcset=\"https:\/\/df-abstract.com\/wp-content\/uploads\/2026\/01\/002-Fragmenta.png 1024w, https:\/\/df-abstract.com\/wp-content\/uploads\/2026\/01\/002-Fragmenta-300x300.png 300w, https:\/\/df-abstract.com\/wp-content\/uploads\/2026\/01\/002-Fragmenta-150x150.png 150w, https:\/\/df-abstract.com\/wp-content\/uploads\/2026\/01\/002-Fragmenta-768x768.png 768w, https:\/\/df-abstract.com\/wp-content\/uploads\/2026\/01\/002-Fragmenta-12x12.png 12w, https:\/\/df-abstract.com\/wp-content\/uploads\/2026\/01\/002-Fragmenta-600x600.png 600w, https:\/\/df-abstract.com\/wp-content\/uploads\/2026\/01\/002-Fragmenta-100x100.png 100w\" sizes=\"auto, (max-width: 1024px) 100vw, 1024px\" \/><figcaption class=\"wp-element-caption\"><em><em>fragmenta<\/em><\/em><\/figcaption><\/figure>\n\n\n\n<figure class=\"wp-block-image size-full\"><img loading=\"lazy\" decoding=\"async\" width=\"1024\" height=\"1024\" data-id=\"769\" src=\"https:\/\/df-abstract.com\/wp-content\/uploads\/2026\/01\/002-Nigra.png\" alt=\"\" class=\"wp-image-769\" srcset=\"https:\/\/df-abstract.com\/wp-content\/uploads\/2026\/01\/002-Nigra.png 1024w, https:\/\/df-abstract.com\/wp-content\/uploads\/2026\/01\/002-Nigra-300x300.png 300w, https:\/\/df-abstract.com\/wp-content\/uploads\/2026\/01\/002-Nigra-150x150.png 150w, https:\/\/df-abstract.com\/wp-content\/uploads\/2026\/01\/002-Nigra-768x768.png 768w, https:\/\/df-abstract.com\/wp-content\/uploads\/2026\/01\/002-Nigra-12x12.png 12w, https:\/\/df-abstract.com\/wp-content\/uploads\/2026\/01\/002-Nigra-600x600.png 600w, https:\/\/df-abstract.com\/wp-content\/uploads\/2026\/01\/002-Nigra-100x100.png 100w\" sizes=\"auto, (max-width: 1024px) 100vw, 1024px\" \/><figcaption class=\"wp-element-caption\"><em><em>nigra<\/em><\/em><\/figcaption><\/figure>\n<\/figure>\n\n\n\n<figure class=\"wp-block-gallery has-nested-images columns-default is-cropped wp-block-gallery-3 is-layout-flex wp-block-gallery-is-layout-flex\">\n<figure class=\"wp-block-image size-full\"><img loading=\"lazy\" decoding=\"async\" width=\"1024\" height=\"1024\" data-id=\"768\" src=\"https:\/\/df-abstract.com\/wp-content\/uploads\/2026\/01\/002-Lumen.png\" alt=\"\" class=\"wp-image-768\" srcset=\"https:\/\/df-abstract.com\/wp-content\/uploads\/2026\/01\/002-Lumen.png 1024w, https:\/\/df-abstract.com\/wp-content\/uploads\/2026\/01\/002-Lumen-300x300.png 300w, https:\/\/df-abstract.com\/wp-content\/uploads\/2026\/01\/002-Lumen-150x150.png 150w, https:\/\/df-abstract.com\/wp-content\/uploads\/2026\/01\/002-Lumen-768x768.png 768w, https:\/\/df-abstract.com\/wp-content\/uploads\/2026\/01\/002-Lumen-12x12.png 12w, https:\/\/df-abstract.com\/wp-content\/uploads\/2026\/01\/002-Lumen-600x600.png 600w, https:\/\/df-abstract.com\/wp-content\/uploads\/2026\/01\/002-Lumen-100x100.png 100w\" sizes=\"auto, (max-width: 1024px) 100vw, 1024px\" \/><figcaption class=\"wp-element-caption\"><em>lumen<\/em><\/figcaption><\/figure>\n\n\n\n<figure class=\"wp-block-image size-full\"><img loading=\"lazy\" decoding=\"async\" width=\"1024\" height=\"1024\" data-id=\"824\" src=\"https:\/\/df-abstract.com\/wp-content\/uploads\/2026\/01\/002-Structura.png\" alt=\"\" class=\"wp-image-824\" srcset=\"https:\/\/df-abstract.com\/wp-content\/uploads\/2026\/01\/002-Structura.png 1024w, https:\/\/df-abstract.com\/wp-content\/uploads\/2026\/01\/002-Structura-300x300.png 300w, https:\/\/df-abstract.com\/wp-content\/uploads\/2026\/01\/002-Structura-150x150.png 150w, https:\/\/df-abstract.com\/wp-content\/uploads\/2026\/01\/002-Structura-768x768.png 768w, https:\/\/df-abstract.com\/wp-content\/uploads\/2026\/01\/002-Structura-12x12.png 12w, https:\/\/df-abstract.com\/wp-content\/uploads\/2026\/01\/002-Structura-600x600.png 600w, https:\/\/df-abstract.com\/wp-content\/uploads\/2026\/01\/002-Structura-100x100.png 100w\" sizes=\"auto, (max-width: 1024px) 100vw, 1024px\" \/><figcaption class=\"wp-element-caption\"><em><em>structura<\/em><\/em><\/figcaption><\/figure>\n<\/figure>\n\n\n\n<figure class=\"wp-block-gallery has-nested-images columns-default is-cropped wp-block-gallery-4 is-layout-flex wp-block-gallery-is-layout-flex\">\n<figure class=\"wp-block-image size-large\"><img loading=\"lazy\" decoding=\"async\" width=\"1024\" height=\"1024\" data-id=\"770\" src=\"https:\/\/df-abstract.com\/wp-content\/uploads\/2026\/01\/002-Distillata.png\" alt=\"\" class=\"wp-image-770\" srcset=\"https:\/\/df-abstract.com\/wp-content\/uploads\/2026\/01\/002-Distillata.png 1024w, https:\/\/df-abstract.com\/wp-content\/uploads\/2026\/01\/002-Distillata-300x300.png 300w, https:\/\/df-abstract.com\/wp-content\/uploads\/2026\/01\/002-Distillata-150x150.png 150w, https:\/\/df-abstract.com\/wp-content\/uploads\/2026\/01\/002-Distillata-768x768.png 768w, https:\/\/df-abstract.com\/wp-content\/uploads\/2026\/01\/002-Distillata-12x12.png 12w, https:\/\/df-abstract.com\/wp-content\/uploads\/2026\/01\/002-Distillata-600x600.png 600w, https:\/\/df-abstract.com\/wp-content\/uploads\/2026\/01\/002-Distillata-100x100.png 100w\" sizes=\"auto, (max-width: 1024px) 100vw, 1024px\" \/><figcaption class=\"wp-element-caption\"><em>distillata<\/em><\/figcaption><\/figure>\n\n\n\n<figure class=\"wp-block-image size-large\"><img loading=\"lazy\" decoding=\"async\" width=\"1024\" height=\"1024\" data-id=\"767\" src=\"https:\/\/df-abstract.com\/wp-content\/uploads\/2026\/01\/002-Extrema.png\" alt=\"\" class=\"wp-image-767\" srcset=\"https:\/\/df-abstract.com\/wp-content\/uploads\/2026\/01\/002-Extrema.png 1024w, https:\/\/df-abstract.com\/wp-content\/uploads\/2026\/01\/002-Extrema-300x300.png 300w, https:\/\/df-abstract.com\/wp-content\/uploads\/2026\/01\/002-Extrema-150x150.png 150w, https:\/\/df-abstract.com\/wp-content\/uploads\/2026\/01\/002-Extrema-768x768.png 768w, https:\/\/df-abstract.com\/wp-content\/uploads\/2026\/01\/002-Extrema-12x12.png 12w, https:\/\/df-abstract.com\/wp-content\/uploads\/2026\/01\/002-Extrema-600x600.png 600w, https:\/\/df-abstract.com\/wp-content\/uploads\/2026\/01\/002-Extrema-100x100.png 100w\" sizes=\"auto, (max-width: 1024px) 100vw, 1024px\" \/><figcaption class=\"wp-element-caption\"><em>saturatio<\/em><\/figcaption><\/figure>\n<\/figure>\n\n\n\n<p class=\"has-text-align-right\"><em><a href=\"https:\/\/df-abstract.com\/en\/coniunctio\/\" data-type=\"page\" data-id=\"2405\">next work \u2192 coniunctio<\/a><\/em><\/p>\n\n\n\n<p class=\"has-text-align-right translation-block\">\u2192 <em><a href=\"https:\/\/df-abstract.com\/en\/art-geometrique-contemporain\/\">contemporary geometric art<\/a><\/em><\/p>","protected":false},"excerpt":{"rendered":"<p>famille : harmoniaoeuvre : circum des arcs concentriques organisent l\u2019espace autour d\u2019un centre absent. la forme progresse par cercles incomplets, instaurant un \u00e9quilibre jamais totalement referm\u00e9. le rythme est constant, mesur\u00e9, port\u00e9 par une tension douce entre r\u00e9p\u00e9tition et variation. circum ne d\u00e9crit ni un mouvement ni une rupture, mais l\u2019\u00e9tat originel d\u2019une harmonie en [&hellip;]<\/p>\n","protected":false},"author":1,"featured_media":0,"parent":0,"menu_order":24,"comment_status":"closed","ping_status":"closed","template":"page-with-title","meta":{"footnotes":""},"class_list":["post-787","page","type-page","status-publish","hentry"],"_links":{"self":[{"href":"https:\/\/df-abstract.com\/en\/wp-json\/wp\/v2\/pages\/787","targetHints":{"allow":["GET"]}}],"collection":[{"href":"https:\/\/df-abstract.com\/en\/wp-json\/wp\/v2\/pages"}],"about":[{"href":"https:\/\/df-abstract.com\/en\/wp-json\/wp\/v2\/types\/page"}],"author":[{"embeddable":true,"href":"https:\/\/df-abstract.com\/en\/wp-json\/wp\/v2\/users\/1"}],"replies":[{"embeddable":true,"href":"https:\/\/df-abstract.com\/en\/wp-json\/wp\/v2\/comments?post=787"}],"version-history":[{"count":99,"href":"https:\/\/df-abstract.com\/en\/wp-json\/wp\/v2\/pages\/787\/revisions"}],"predecessor-version":[{"id":5054,"href":"https:\/\/df-abstract.com\/en\/wp-json\/wp\/v2\/pages\/787\/revisions\/5054"}],"wp:attachment":[{"href":"https:\/\/df-abstract.com\/en\/wp-json\/wp\/v2\/media?parent=787"}],"curies":[{"name":"wp","href":"https:\/\/api.w.org\/{rel}","templated":true}]}}