{"id":838,"date":"2026-01-14T10:34:02","date_gmt":"2026-01-14T10:34:02","guid":{"rendered":"https:\/\/df-abstract.com\/?page_id=838"},"modified":"2026-03-14T09:16:47","modified_gmt":"2026-03-14T09:16:47","slug":"medius","status":"publish","type":"page","link":"https:\/\/df-abstract.com\/en\/medius\/","title":{"rendered":"medius"},"content":{"rendered":"<div class=\"wp-block-group alignwide is-vertical is-content-justification-center is-layout-flex wp-container-core-group-is-layout-c9ee0c5a wp-block-group-is-layout-flex\">\n<div class=\"wp-block-group has-global-padding is-layout-constrained wp-container-core-group-is-layout-5e05634a wp-block-group-is-layout-constrained\">\n<figure class=\"wp-block-image size-full is-resized\"><img loading=\"lazy\" decoding=\"async\" width=\"1024\" height=\"1536\" src=\"https:\/\/df-abstract.com\/wp-content\/uploads\/2026\/01\/003.png\" alt=\"\" class=\"wp-image-857\" style=\"width:314px;height:auto\" srcset=\"https:\/\/df-abstract.com\/wp-content\/uploads\/2026\/01\/003.png 1024w, https:\/\/df-abstract.com\/wp-content\/uploads\/2026\/01\/003-200x300.png 200w, https:\/\/df-abstract.com\/wp-content\/uploads\/2026\/01\/003-683x1024.png 683w, https:\/\/df-abstract.com\/wp-content\/uploads\/2026\/01\/003-768x1152.png 768w, https:\/\/df-abstract.com\/wp-content\/uploads\/2026\/01\/003-8x12.png 8w, https:\/\/df-abstract.com\/wp-content\/uploads\/2026\/01\/003-600x900.png 600w\" sizes=\"auto, (max-width: 1024px) 100vw, 1024px\" \/><\/figure>\n\n\n\n<p class=\"translation-block\"><strong>family :<em> harmonia<\/em><br>work: <em>medius<\/em><\/strong><\/p>\n\n\n\n<p class=\"translation-block\">opposing forms organize themselves around a central point.<br>\ncurves and surfaces respond to one another,<br>\nheld by a force of balance.<\/p>\n\n\n\n<p class=\"translation-block\">the center does not impose:<br>\nit connects, stabilizes, mediates.<br>\neach element finds its place without domination.<\/p>\n\n\n\n<p class=\"translation-block\"><em>medius<\/em> seeks neither rupture nor movement,<br>\nbut a state of accord, the moment when form exists through the relation<br>\nit maintains between the poles.<\/p>\n\n\n\n<h6 class=\"wp-block-heading\"><strong>Variations<\/strong><\/h6>\n\n\n\n<figure class=\"wp-block-gallery has-nested-images columns-default is-cropped wp-block-gallery-2 is-layout-flex wp-block-gallery-is-layout-flex\">\n<figure class=\"wp-block-image size-large\"><img loading=\"lazy\" decoding=\"async\" width=\"683\" height=\"1024\" data-id=\"773\" src=\"https:\/\/df-abstract.com\/wp-content\/uploads\/2026\/01\/003-Fragmenta-683x1024.png\" alt=\"\" class=\"wp-image-773\" srcset=\"https:\/\/df-abstract.com\/wp-content\/uploads\/2026\/01\/003-Fragmenta-683x1024.png 683w, https:\/\/df-abstract.com\/wp-content\/uploads\/2026\/01\/003-Fragmenta-200x300.png 200w, https:\/\/df-abstract.com\/wp-content\/uploads\/2026\/01\/003-Fragmenta-768x1152.png 768w, https:\/\/df-abstract.com\/wp-content\/uploads\/2026\/01\/003-Fragmenta-8x12.png 8w, https:\/\/df-abstract.com\/wp-content\/uploads\/2026\/01\/003-Fragmenta-600x900.png 600w, https:\/\/df-abstract.com\/wp-content\/uploads\/2026\/01\/003-Fragmenta.png 1024w\" sizes=\"auto, (max-width: 683px) 100vw, 683px\" \/><figcaption class=\"wp-element-caption\"><em><em>fragmenta<\/em><\/em><\/figcaption><\/figure>\n\n\n\n<figure class=\"wp-block-image size-large\"><img loading=\"lazy\" decoding=\"async\" width=\"683\" height=\"1024\" data-id=\"772\" src=\"https:\/\/df-abstract.com\/wp-content\/uploads\/2026\/01\/003-Distillata-683x1024.png\" alt=\"\" class=\"wp-image-772\" srcset=\"https:\/\/df-abstract.com\/wp-content\/uploads\/2026\/01\/003-Distillata-683x1024.png 683w, https:\/\/df-abstract.com\/wp-content\/uploads\/2026\/01\/003-Distillata-200x300.png 200w, https:\/\/df-abstract.com\/wp-content\/uploads\/2026\/01\/003-Distillata-768x1152.png 768w, https:\/\/df-abstract.com\/wp-content\/uploads\/2026\/01\/003-Distillata-8x12.png 8w, https:\/\/df-abstract.com\/wp-content\/uploads\/2026\/01\/003-Distillata-600x900.png 600w, https:\/\/df-abstract.com\/wp-content\/uploads\/2026\/01\/003-Distillata.png 1024w\" sizes=\"auto, (max-width: 683px) 100vw, 683px\" \/><figcaption class=\"wp-element-caption\"><em><em>nigra<\/em><\/em><\/figcaption><\/figure>\n<\/figure>\n\n\n\n<figure class=\"wp-block-gallery has-nested-images columns-default is-cropped wp-block-gallery-3 is-layout-flex wp-block-gallery-is-layout-flex\">\n<figure class=\"wp-block-image size-large\"><img loading=\"lazy\" decoding=\"async\" width=\"683\" height=\"1024\" data-id=\"775\" src=\"https:\/\/df-abstract.com\/wp-content\/uploads\/2026\/01\/003-Lumen-683x1024.png\" alt=\"\" class=\"wp-image-775\" srcset=\"https:\/\/df-abstract.com\/wp-content\/uploads\/2026\/01\/003-Lumen-683x1024.png 683w, https:\/\/df-abstract.com\/wp-content\/uploads\/2026\/01\/003-Lumen-200x300.png 200w, https:\/\/df-abstract.com\/wp-content\/uploads\/2026\/01\/003-Lumen-768x1152.png 768w, https:\/\/df-abstract.com\/wp-content\/uploads\/2026\/01\/003-Lumen-8x12.png 8w, https:\/\/df-abstract.com\/wp-content\/uploads\/2026\/01\/003-Lumen-600x900.png 600w, https:\/\/df-abstract.com\/wp-content\/uploads\/2026\/01\/003-Lumen.png 1024w\" sizes=\"auto, (max-width: 683px) 100vw, 683px\" \/><figcaption class=\"wp-element-caption\"><em>lumen<\/em><\/figcaption><\/figure>\n\n\n\n<figure class=\"wp-block-image size-large\"><img loading=\"lazy\" decoding=\"async\" width=\"683\" height=\"1024\" data-id=\"774\" src=\"https:\/\/df-abstract.com\/wp-content\/uploads\/2026\/01\/003-Extrema-683x1024.png\" alt=\"\" class=\"wp-image-774\" srcset=\"https:\/\/df-abstract.com\/wp-content\/uploads\/2026\/01\/003-Extrema-683x1024.png 683w, https:\/\/df-abstract.com\/wp-content\/uploads\/2026\/01\/003-Extrema-200x300.png 200w, https:\/\/df-abstract.com\/wp-content\/uploads\/2026\/01\/003-Extrema-768x1152.png 768w, https:\/\/df-abstract.com\/wp-content\/uploads\/2026\/01\/003-Extrema-8x12.png 8w, https:\/\/df-abstract.com\/wp-content\/uploads\/2026\/01\/003-Extrema-600x900.png 600w, https:\/\/df-abstract.com\/wp-content\/uploads\/2026\/01\/003-Extrema.png 1024w\" sizes=\"auto, (max-width: 683px) 100vw, 683px\" \/><figcaption class=\"wp-element-caption\"><em>saturatio<\/em><\/figcaption><\/figure>\n<\/figure>\n<\/div>\n<\/div>\n\n\n\n<div style=\"width:100%; text-align:right; margin-top:40px; font-style:italic;\">\n<a href=\"https:\/\/df-abstract.com\/en\/circum\/\">next work \u2192 circum <\/a>\n<\/div>\n\n\n\n<p class=\"has-text-align-right\"><em><a href=\"https:\/\/df-abstract.com\/en\/art-geometrique-contemporain\/\" data-type=\"page\" data-id=\"4969\">\u2192 <em>contemporary geometric art<\/em><\/a><\/em><\/p>","protected":false},"excerpt":{"rendered":"<p>famille : harmoniaoeuvre : medius des formes oppos\u00e9es s\u2019organisent autour d\u2019un point central.courbes et surfaces se r\u00e9pondent,retenues par une force d\u2019\u00e9quilibre. le centre n\u2019impose pas :il relie, stabilise, m\u00e9diatise.chaque \u00e9l\u00e9ment trouve sa place sans domination. medius ne cherche ni la rupture ni le mouvement,mais l\u2019\u00e9tat d\u2019accord, l\u2019instant o\u00f9 la forme existe par la relationqu\u2019elle maintient [&hellip;]<\/p>\n","protected":false},"author":1,"featured_media":0,"parent":0,"menu_order":37,"comment_status":"closed","ping_status":"closed","template":"page-with-title","meta":{"footnotes":""},"class_list":["post-838","page","type-page","status-publish","hentry"],"_links":{"self":[{"href":"https:\/\/df-abstract.com\/en\/wp-json\/wp\/v2\/pages\/838","targetHints":{"allow":["GET"]}}],"collection":[{"href":"https:\/\/df-abstract.com\/en\/wp-json\/wp\/v2\/pages"}],"about":[{"href":"https:\/\/df-abstract.com\/en\/wp-json\/wp\/v2\/types\/page"}],"author":[{"embeddable":true,"href":"https:\/\/df-abstract.com\/en\/wp-json\/wp\/v2\/users\/1"}],"replies":[{"embeddable":true,"href":"https:\/\/df-abstract.com\/en\/wp-json\/wp\/v2\/comments?post=838"}],"version-history":[{"count":50,"href":"https:\/\/df-abstract.com\/en\/wp-json\/wp\/v2\/pages\/838\/revisions"}],"predecessor-version":[{"id":5053,"href":"https:\/\/df-abstract.com\/en\/wp-json\/wp\/v2\/pages\/838\/revisions\/5053"}],"wp:attachment":[{"href":"https:\/\/df-abstract.com\/en\/wp-json\/wp\/v2\/media?parent=838"}],"curies":[{"name":"wp","href":"https:\/\/api.w.org\/{rel}","templated":true}]}}