{"id":850,"date":"2026-01-14T11:17:08","date_gmt":"2026-01-14T11:17:08","guid":{"rendered":"https:\/\/df-abstract.com\/?page_id=850"},"modified":"2026-03-14T09:07:00","modified_gmt":"2026-03-14T09:07:00","slug":"tensio","status":"publish","type":"page","link":"https:\/\/df-abstract.com\/en\/tensio\/","title":{"rendered":"<em>tensio<\/em>"},"content":{"rendered":"<div class=\"wp-block-group alignwide is-vertical is-layout-flex wp-container-core-group-is-layout-c35747d5 wp-block-group-is-layout-flex\">\n<div class=\"wp-block-group has-global-padding is-layout-constrained wp-container-core-group-is-layout-5e05634a wp-block-group-is-layout-constrained\">\n<figure class=\"wp-block-image size-full is-resized\"><img loading=\"lazy\" decoding=\"async\" width=\"1024\" height=\"1536\" src=\"https:\/\/df-abstract.com\/wp-content\/uploads\/2026\/01\/004-Code-Source.png\" alt=\"\" class=\"wp-image-854\" style=\"width:209px;height:auto\" srcset=\"https:\/\/df-abstract.com\/wp-content\/uploads\/2026\/01\/004-Code-Source.png 1024w, https:\/\/df-abstract.com\/wp-content\/uploads\/2026\/01\/004-Code-Source-200x300.png 200w, https:\/\/df-abstract.com\/wp-content\/uploads\/2026\/01\/004-Code-Source-683x1024.png 683w, https:\/\/df-abstract.com\/wp-content\/uploads\/2026\/01\/004-Code-Source-768x1152.png 768w, https:\/\/df-abstract.com\/wp-content\/uploads\/2026\/01\/004-Code-Source-8x12.png 8w, https:\/\/df-abstract.com\/wp-content\/uploads\/2026\/01\/004-Code-Source-600x900.png 600w\" sizes=\"auto, (max-width: 1024px) 100vw, 1024px\" \/><\/figure>\n\n\n\n<p><strong>famille : <em>gravitas<\/em><\/strong><br><strong>oeuvre :<em> <em>tensio<\/em><\/em><\/strong><\/p>\n\n\n\n<p class=\"translation-block\">a regular grid occupies the space, stable and repetitive.<br>\na vertical fissure crosses it, introducing an irreversible constraint.<\/p>\n\n\n\n<p class=\"translation-block\">the structure does not yield: it absorbs.<br>\ntension concentrates along the fault line, without propagation or collapse.<\/p>\n\n\n\n<p class=\"translation-block\"><em>tensio<\/em> does not show rupture, but the critical state that precedes it,<br>\nwhere form still holds under a pressure that has become visible.<\/p>\n\n\n\n<p>the work evokes a persistent, collective energy in which movement becomes inevitable.<\/p>\n\n\n\n<h6 class=\"wp-block-heading\"><strong>variations<\/strong><\/h6>\n\n\n\n<figure class=\"wp-block-gallery has-nested-images columns-default is-cropped wp-block-gallery-2 is-layout-flex wp-block-gallery-is-layout-flex\">\n<figure class=\"wp-block-image size-large\"><img loading=\"lazy\" decoding=\"async\" width=\"683\" height=\"1024\" data-id=\"777\" src=\"https:\/\/df-abstract.com\/wp-content\/uploads\/2026\/01\/004-Fragmenta-683x1024.png\" alt=\"\" class=\"wp-image-777\" srcset=\"https:\/\/df-abstract.com\/wp-content\/uploads\/2026\/01\/004-Fragmenta-683x1024.png 683w, https:\/\/df-abstract.com\/wp-content\/uploads\/2026\/01\/004-Fragmenta-200x300.png 200w, https:\/\/df-abstract.com\/wp-content\/uploads\/2026\/01\/004-Fragmenta-768x1152.png 768w, https:\/\/df-abstract.com\/wp-content\/uploads\/2026\/01\/004-Fragmenta-8x12.png 8w, https:\/\/df-abstract.com\/wp-content\/uploads\/2026\/01\/004-Fragmenta-600x900.png 600w, https:\/\/df-abstract.com\/wp-content\/uploads\/2026\/01\/004-Fragmenta.png 1024w\" sizes=\"auto, (max-width: 683px) 100vw, 683px\" \/><figcaption class=\"wp-element-caption\"><em><em>fragmenta<\/em><\/em><\/figcaption><\/figure>\n\n\n\n<figure class=\"wp-block-image size-large\"><img loading=\"lazy\" decoding=\"async\" width=\"683\" height=\"1024\" data-id=\"856\" src=\"https:\/\/df-abstract.com\/wp-content\/uploads\/2026\/01\/004-Nigra-683x1024.png\" alt=\"\" class=\"wp-image-856\" srcset=\"https:\/\/df-abstract.com\/wp-content\/uploads\/2026\/01\/004-Nigra-683x1024.png 683w, https:\/\/df-abstract.com\/wp-content\/uploads\/2026\/01\/004-Nigra-200x300.png 200w, https:\/\/df-abstract.com\/wp-content\/uploads\/2026\/01\/004-Nigra-768x1152.png 768w, https:\/\/df-abstract.com\/wp-content\/uploads\/2026\/01\/004-Nigra-8x12.png 8w, https:\/\/df-abstract.com\/wp-content\/uploads\/2026\/01\/004-Nigra-600x900.png 600w, https:\/\/df-abstract.com\/wp-content\/uploads\/2026\/01\/004-Nigra.png 1024w\" sizes=\"auto, (max-width: 683px) 100vw, 683px\" \/><figcaption class=\"wp-element-caption\"><em><em>nigra<\/em><\/em><\/figcaption><\/figure>\n\n\n\n<figure class=\"wp-block-image size-large\"><img loading=\"lazy\" decoding=\"async\" width=\"683\" height=\"1024\" data-id=\"778\" src=\"https:\/\/df-abstract.com\/wp-content\/uploads\/2026\/01\/004-Lumen-683x1024.png\" alt=\"\" class=\"wp-image-778\" srcset=\"https:\/\/df-abstract.com\/wp-content\/uploads\/2026\/01\/004-Lumen-683x1024.png 683w, https:\/\/df-abstract.com\/wp-content\/uploads\/2026\/01\/004-Lumen-200x300.png 200w, https:\/\/df-abstract.com\/wp-content\/uploads\/2026\/01\/004-Lumen-768x1152.png 768w, https:\/\/df-abstract.com\/wp-content\/uploads\/2026\/01\/004-Lumen-8x12.png 8w, https:\/\/df-abstract.com\/wp-content\/uploads\/2026\/01\/004-Lumen-600x900.png 600w, https:\/\/df-abstract.com\/wp-content\/uploads\/2026\/01\/004-Lumen.png 1024w\" sizes=\"auto, (max-width: 683px) 100vw, 683px\" \/><figcaption class=\"wp-element-caption\"><em>lumen<\/em><\/figcaption><\/figure>\n\n\n\n<figure class=\"wp-block-image size-full\"><img loading=\"lazy\" decoding=\"async\" width=\"1024\" height=\"1024\" data-id=\"881\" src=\"https:\/\/df-abstract.com\/wp-content\/uploads\/2026\/01\/001-Structura-2.png\" alt=\"\" class=\"wp-image-881\" srcset=\"https:\/\/df-abstract.com\/wp-content\/uploads\/2026\/01\/001-Structura-2.png 1024w, https:\/\/df-abstract.com\/wp-content\/uploads\/2026\/01\/001-Structura-2-300x300.png 300w, https:\/\/df-abstract.com\/wp-content\/uploads\/2026\/01\/001-Structura-2-150x150.png 150w, https:\/\/df-abstract.com\/wp-content\/uploads\/2026\/01\/001-Structura-2-768x768.png 768w, https:\/\/df-abstract.com\/wp-content\/uploads\/2026\/01\/001-Structura-2-12x12.png 12w, https:\/\/df-abstract.com\/wp-content\/uploads\/2026\/01\/001-Structura-2-600x600.png 600w, https:\/\/df-abstract.com\/wp-content\/uploads\/2026\/01\/001-Structura-2-100x100.png 100w\" sizes=\"auto, (max-width: 1024px) 100vw, 1024px\" \/><figcaption class=\"wp-element-caption\"><em><em>structura<\/em><\/em><\/figcaption><\/figure>\n\n\n\n<figure class=\"wp-block-image size-large\"><img loading=\"lazy\" decoding=\"async\" width=\"683\" height=\"1024\" data-id=\"776\" src=\"https:\/\/df-abstract.com\/wp-content\/uploads\/2026\/01\/004-Distillata-683x1024.png\" alt=\"\" class=\"wp-image-776\" srcset=\"https:\/\/df-abstract.com\/wp-content\/uploads\/2026\/01\/004-Distillata-683x1024.png 683w, https:\/\/df-abstract.com\/wp-content\/uploads\/2026\/01\/004-Distillata-200x300.png 200w, https:\/\/df-abstract.com\/wp-content\/uploads\/2026\/01\/004-Distillata-768x1152.png 768w, https:\/\/df-abstract.com\/wp-content\/uploads\/2026\/01\/004-Distillata-8x12.png 8w, https:\/\/df-abstract.com\/wp-content\/uploads\/2026\/01\/004-Distillata-600x900.png 600w, https:\/\/df-abstract.com\/wp-content\/uploads\/2026\/01\/004-Distillata.png 1024w\" sizes=\"auto, (max-width: 683px) 100vw, 683px\" \/><figcaption class=\"wp-element-caption\"><em>distillata<\/em><\/figcaption><\/figure>\n\n\n\n<figure class=\"wp-block-image size-full\"><img loading=\"lazy\" decoding=\"async\" width=\"1024\" height=\"1024\" data-id=\"826\" src=\"https:\/\/df-abstract.com\/wp-content\/uploads\/2026\/01\/004-Extrema-1.png\" alt=\"\" class=\"wp-image-826\" srcset=\"https:\/\/df-abstract.com\/wp-content\/uploads\/2026\/01\/004-Extrema-1.png 1024w, https:\/\/df-abstract.com\/wp-content\/uploads\/2026\/01\/004-Extrema-1-300x300.png 300w, https:\/\/df-abstract.com\/wp-content\/uploads\/2026\/01\/004-Extrema-1-150x150.png 150w, https:\/\/df-abstract.com\/wp-content\/uploads\/2026\/01\/004-Extrema-1-768x768.png 768w, https:\/\/df-abstract.com\/wp-content\/uploads\/2026\/01\/004-Extrema-1-12x12.png 12w, https:\/\/df-abstract.com\/wp-content\/uploads\/2026\/01\/004-Extrema-1-600x600.png 600w, https:\/\/df-abstract.com\/wp-content\/uploads\/2026\/01\/004-Extrema-1-100x100.png 100w\" sizes=\"auto, (max-width: 1024px) 100vw, 1024px\" \/><figcaption class=\"wp-element-caption\"><em>saturatio<\/em><\/figcaption><\/figure>\n<\/figure>\n<\/div>\n\n\n\n<p><\/p>\n<\/div>\n\n\n\n<p class=\"has-text-align-right\"><em><a href=\"https:\/\/df-abstract.com\/en\/inertia-2\/\" data-type=\"page\" data-id=\"2797\">next work \u2192 <em>inertia<\/em><\/a><\/em><\/p>\n\n\n\n<p class=\"has-text-align-right translation-block\">\u2192 <em><a href=\"https:\/\/df-abstract.com\/en\/art-geometrique-contemporain\/\">contemporary geometric art<\/a><\/em><\/p>","protected":false},"excerpt":{"rendered":"<p>famille : gravitasoeuvre : tensio une trame r\u00e9guli\u00e8re occupe l\u2019espace, stable et r\u00e9p\u00e9titive.une fissure verticale la traverse, introduisant une contrainte irr\u00e9versible. la structure ne c\u00e8de pas : elle encaisse.la tension se concentre le long de la faille, sans propagation ni effondrement. tensio ne montre pas la rupture, mais l\u2019\u00e9tat critique qui la pr\u00e9c\u00e8de,l\u00e0 o\u00f9 la [&hellip;]<\/p>\n","protected":false},"author":1,"featured_media":0,"parent":0,"menu_order":54,"comment_status":"closed","ping_status":"closed","template":"page-with-title","meta":{"footnotes":""},"class_list":["post-850","page","type-page","status-publish","hentry"],"_links":{"self":[{"href":"https:\/\/df-abstract.com\/en\/wp-json\/wp\/v2\/pages\/850","targetHints":{"allow":["GET"]}}],"collection":[{"href":"https:\/\/df-abstract.com\/en\/wp-json\/wp\/v2\/pages"}],"about":[{"href":"https:\/\/df-abstract.com\/en\/wp-json\/wp\/v2\/types\/page"}],"author":[{"embeddable":true,"href":"https:\/\/df-abstract.com\/en\/wp-json\/wp\/v2\/users\/1"}],"replies":[{"embeddable":true,"href":"https:\/\/df-abstract.com\/en\/wp-json\/wp\/v2\/comments?post=850"}],"version-history":[{"count":46,"href":"https:\/\/df-abstract.com\/en\/wp-json\/wp\/v2\/pages\/850\/revisions"}],"predecessor-version":[{"id":5043,"href":"https:\/\/df-abstract.com\/en\/wp-json\/wp\/v2\/pages\/850\/revisions\/5043"}],"wp:attachment":[{"href":"https:\/\/df-abstract.com\/en\/wp-json\/wp\/v2\/media?parent=850"}],"curies":[{"name":"wp","href":"https:\/\/api.w.org\/{rel}","templated":true}]}}