{"id":2318,"date":"2026-01-22T09:26:00","date_gmt":"2026-01-22T09:26:00","guid":{"rendered":"https:\/\/df-abstract.com\/?post_type=product&#038;p=2318"},"modified":"2026-02-24T09:14:12","modified_gmt":"2026-02-24T09:14:12","slug":"evocatio-anomalia","status":"publish","type":"product","link":"https:\/\/df-abstract.com\/en\/editions\/evocatio-anomalia\/","title":{"rendered":"<em>evocatio anomalia<\/em>"},"content":{"rendered":"<p><strong data-start=\"995\" data-end=\"1024\"><em>evocatio \u00ab anomalia \u00bb<\/em><\/strong><\/p>\n<p class=\"translation-block\">\u2022 limited edition:<br>\neach version, medium, and format is issued as an independent print run.<br>\n\u2022 each piece is numbered, signed, and accompanied by a certificate of authenticity, in accordance with the DF-ABSTRACT charter.<br>\n\u2022 quantities vary depending on the selected variation.<\/p>\n<figure id=\"attachment_4788\" aria-describedby=\"caption-attachment-4788\" style=\"width: 200px\" class=\"wp-caption alignnone\"><img loading=\"lazy\" decoding=\"async\" class=\"wp-image-4788 size-medium\" src=\"https:\/\/df-abstract.com\/wp-content\/uploads\/2026\/02\/file_000000000b5c72469d64bc6546a1c992-200x300.png\" alt=\"\" width=\"200\" height=\"300\" srcset=\"https:\/\/df-abstract.com\/wp-content\/uploads\/2026\/02\/file_000000000b5c72469d64bc6546a1c992-200x300.png 200w, https:\/\/df-abstract.com\/wp-content\/uploads\/2026\/02\/file_000000000b5c72469d64bc6546a1c992-683x1024.png 683w, https:\/\/df-abstract.com\/wp-content\/uploads\/2026\/02\/file_000000000b5c72469d64bc6546a1c992-768x1152.png 768w, https:\/\/df-abstract.com\/wp-content\/uploads\/2026\/02\/file_000000000b5c72469d64bc6546a1c992-8x12.png 8w, https:\/\/df-abstract.com\/wp-content\/uploads\/2026\/02\/file_000000000b5c72469d64bc6546a1c992-600x900.png 600w, https:\/\/df-abstract.com\/wp-content\/uploads\/2026\/02\/file_000000000b5c72469d64bc6546a1c992.png 1024w\" sizes=\"auto, (max-width: 200px) 100vw, 200px\" \/><figcaption id=\"caption-attachment-4788\" class=\"wp-caption-text\">mock-up: non-contractual presentation (indicative proportions)<\/figcaption><\/figure>","protected":false},"excerpt":{"rendered":"<p><em>anomalia<\/em>\u00a0 introduit une rupture minimale dans une s\u00e9quence ordonn\u00e9e.<br data-start=\"256\" data-end=\"259\" \/>un \u00e9l\u00e9ment d\u00e9vie, s\u2019\u00e9carte du rythme, et suffit \u00e0 d\u00e9s\u00e9quilibrer l\u2019ensemble.<\/p>\n<p data-start=\"340\" data-end=\"414\">l\u2019\u00e9v\u00e9nement n\u2019est pas spectaculaire : il est discret, mais irr\u00e9versible.<\/p>","protected":false},"featured_media":1953,"template":"","meta":[],"product_brand":[],"product_cat":[106,40],"product_tag":[41,42,83],"class_list":{"0":"post-2318","1":"product","2":"type-product","3":"status-publish","4":"has-post-thumbnail","6":"product_cat-interruptio","7":"product_cat-evocatio","8":"product_tag-df-abstract","9":"product_tag-evocatio","10":"product_tag-anomalia","12":"first","13":"instock","14":"shipping-taxable","15":"purchasable","16":"product-type-variable"},"_links":{"self":[{"href":"https:\/\/df-abstract.com\/en\/wp-json\/wp\/v2\/product\/2318","targetHints":{"allow":["GET"]}}],"collection":[{"href":"https:\/\/df-abstract.com\/en\/wp-json\/wp\/v2\/product"}],"about":[{"href":"https:\/\/df-abstract.com\/en\/wp-json\/wp\/v2\/types\/product"}],"wp:featuredmedia":[{"embeddable":true,"href":"https:\/\/df-abstract.com\/en\/wp-json\/wp\/v2\/media\/1953"}],"wp:attachment":[{"href":"https:\/\/df-abstract.com\/en\/wp-json\/wp\/v2\/media?parent=2318"}],"wp:term":[{"taxonomy":"product_brand","embeddable":true,"href":"https:\/\/df-abstract.com\/en\/wp-json\/wp\/v2\/product_brand?post=2318"},{"taxonomy":"product_cat","embeddable":true,"href":"https:\/\/df-abstract.com\/en\/wp-json\/wp\/v2\/product_cat?post=2318"},{"taxonomy":"product_tag","embeddable":true,"href":"https:\/\/df-abstract.com\/en\/wp-json\/wp\/v2\/product_tag?post=2318"}],"curies":[{"name":"wp","href":"https:\/\/api.w.org\/{rel}","templated":true}]}}