{"id":2322,"date":"2026-01-22T09:26:01","date_gmt":"2026-01-22T09:26:01","guid":{"rendered":"https:\/\/df-abstract.com\/?post_type=product&#038;p=2322"},"modified":"2026-02-22T13:13:45","modified_gmt":"2026-02-22T13:13:45","slug":"evocatio-nexus","status":"publish","type":"product","link":"https:\/\/df-abstract.com\/en\/editions\/evocatio-nexus\/","title":{"rendered":"<em>evocatio nexus<\/em>"},"content":{"rendered":"<p><strong data-start=\"995\" data-end=\"1024\"><em>evocatio \u00ab nexus \u00bb<\/em><\/strong><\/p>\n<p class=\"translation-block\">\u2022 limited edition:<br>\neach version, medium, and format is issued as an independent print run.<br>\n\u2022 each piece is numbered, signed, and accompanied by a certificate of authenticity, in accordance with the DF-ABSTRACT charter.<br>\n\u2022 quantities vary depending on the selected variation.<\/p>\n<figure id=\"attachment_4773\" aria-describedby=\"caption-attachment-4773\" style=\"width: 300px\" class=\"wp-caption alignnone\"><img loading=\"lazy\" decoding=\"async\" class=\"wp-image-4773 size-medium\" src=\"https:\/\/df-abstract.com\/wp-content\/uploads\/2026\/02\/nexus-300x300.png\" alt=\"\" width=\"300\" height=\"300\" srcset=\"https:\/\/df-abstract.com\/wp-content\/uploads\/2026\/02\/nexus-300x300.png 300w, https:\/\/df-abstract.com\/wp-content\/uploads\/2026\/02\/nexus-150x150.png 150w, https:\/\/df-abstract.com\/wp-content\/uploads\/2026\/02\/nexus-768x768.png 768w, https:\/\/df-abstract.com\/wp-content\/uploads\/2026\/02\/nexus-12x12.png 12w, https:\/\/df-abstract.com\/wp-content\/uploads\/2026\/02\/nexus-600x600.png 600w, https:\/\/df-abstract.com\/wp-content\/uploads\/2026\/02\/nexus-100x100.png 100w, https:\/\/df-abstract.com\/wp-content\/uploads\/2026\/02\/nexus.png 1024w\" sizes=\"auto, (max-width: 300px) 100vw, 300px\" \/><figcaption id=\"caption-attachment-4773\" class=\"wp-caption-text\">mock-up: non-contractual presentation (indicative proportions)<\/figcaption><\/figure>\n<p>&nbsp;<\/p>","protected":false},"excerpt":{"rendered":"<p><em>nexus<\/em> organise la relation entre des \u00e9l\u00e9ments distincts.<br data-start=\"228\" data-end=\"231\" \/>les segments s\u2019articulent, se r\u00e9pondent et se compl\u00e8tent, formant un ensemble coh\u00e9rent malgr\u00e9 les discontinuit\u00e9s.<\/p>\n<p data-start=\"350\" data-end=\"479\">l\u2019unit\u00e9 ne na\u00eet pas de la fusion, mais de l\u2019agencement pr\u00e9cis des parties : un \u00e9quilibre construit, maintenu par la relation.<\/p>","protected":false},"featured_media":2443,"template":"","meta":[],"product_brand":[],"product_cat":[104,40],"product_tag":[41,42,49],"class_list":{"0":"post-2322","1":"product","2":"type-product","3":"status-publish","4":"has-post-thumbnail","6":"product_cat-harmonia","7":"product_cat-evocatio","8":"product_tag-df-abstract","9":"product_tag-evocatio","10":"product_tag-nexus","12":"first","13":"instock","14":"shipping-taxable","15":"purchasable","16":"product-type-variable"},"_links":{"self":[{"href":"https:\/\/df-abstract.com\/en\/wp-json\/wp\/v2\/product\/2322","targetHints":{"allow":["GET"]}}],"collection":[{"href":"https:\/\/df-abstract.com\/en\/wp-json\/wp\/v2\/product"}],"about":[{"href":"https:\/\/df-abstract.com\/en\/wp-json\/wp\/v2\/types\/product"}],"wp:featuredmedia":[{"embeddable":true,"href":"https:\/\/df-abstract.com\/en\/wp-json\/wp\/v2\/media\/2443"}],"wp:attachment":[{"href":"https:\/\/df-abstract.com\/en\/wp-json\/wp\/v2\/media?parent=2322"}],"wp:term":[{"taxonomy":"product_brand","embeddable":true,"href":"https:\/\/df-abstract.com\/en\/wp-json\/wp\/v2\/product_brand?post=2322"},{"taxonomy":"product_cat","embeddable":true,"href":"https:\/\/df-abstract.com\/en\/wp-json\/wp\/v2\/product_cat?post=2322"},{"taxonomy":"product_tag","embeddable":true,"href":"https:\/\/df-abstract.com\/en\/wp-json\/wp\/v2\/product_tag?post=2322"}],"curies":[{"name":"wp","href":"https:\/\/api.w.org\/{rel}","templated":true}]}}