{"id":2324,"date":"2026-01-22T09:26:02","date_gmt":"2026-01-22T09:26:02","guid":{"rendered":"https:\/\/df-abstract.com\/?post_type=product&#038;p=2324"},"modified":"2026-02-22T13:52:38","modified_gmt":"2026-02-22T13:52:38","slug":"evocatio-strata","status":"publish","type":"product","link":"https:\/\/df-abstract.com\/en\/editions\/evocatio-strata\/","title":{"rendered":"<em>evocatio strata<\/em>"},"content":{"rendered":"<p><strong data-start=\"995\" data-end=\"1024\"><em>evocatio \u00ab strata \u00bb<\/em><\/strong><\/p>\n<p class=\"translation-block\">\u2022 limited edition:<br>\neach version, medium, and format is issued as an independent print run.<br>\n\u2022 each piece is numbered, signed, and accompanied by a certificate of authenticity, in accordance with the DF-ABSTRACT charter.<br>\n\u2022 quantities may vary depending on the selected variation.<\/p>\n<figure id=\"attachment_4669\" aria-describedby=\"caption-attachment-4669\" style=\"width: 269px\" class=\"wp-caption alignnone\"><img loading=\"lazy\" decoding=\"async\" class=\"wp-image-4669\" src=\"https:\/\/df-abstract.com\/wp-content\/uploads\/2026\/01\/moke-up-strata-200x300.png\" alt=\"\" width=\"269\" height=\"404\" srcset=\"https:\/\/df-abstract.com\/wp-content\/uploads\/2026\/01\/moke-up-strata-200x300.png 200w, https:\/\/df-abstract.com\/wp-content\/uploads\/2026\/01\/moke-up-strata-683x1024.png 683w, https:\/\/df-abstract.com\/wp-content\/uploads\/2026\/01\/moke-up-strata-768x1152.png 768w, https:\/\/df-abstract.com\/wp-content\/uploads\/2026\/01\/moke-up-strata-8x12.png 8w, https:\/\/df-abstract.com\/wp-content\/uploads\/2026\/01\/moke-up-strata-600x900.png 600w, https:\/\/df-abstract.com\/wp-content\/uploads\/2026\/01\/moke-up-strata.png 1024w\" sizes=\"auto, (max-width: 269px) 100vw, 269px\" \/><figcaption id=\"caption-attachment-4669\" class=\"wp-caption-text\">mock-up: non-contractual presentation (indicative proportions)<\/figcaption><\/figure>\n<h6><\/h6>","protected":false},"excerpt":{"rendered":"<p data-start=\"181\" data-end=\"313\"><em><em>strata<\/em><\/em> organise l\u2019espace par superposition.<br data-start=\"224\" data-end=\"227\" \/>chaque bloc s\u2019ajoute au pr\u00e9c\u00e9dent, portant la trace du temps et de l\u2019accumulation.<\/p>\n<p data-start=\"315\" data-end=\"433\">la stabilit\u00e9 n\u2019est jamais acquise : elle r\u00e9sulte d\u2019un \u00e9quilibre de masses, maintenu par la r\u00e9p\u00e9tition et le poids.<\/p>\n<p>&nbsp;<\/p>\n<h6><\/h6>","protected":false},"featured_media":1921,"template":"","meta":[],"product_brand":[],"product_cat":[107,40],"product_tag":[41,42,51],"class_list":{"0":"post-2324","1":"product","2":"type-product","3":"status-publish","4":"has-post-thumbnail","6":"product_cat-gravitas","7":"product_cat-evocatio","8":"product_tag-df-abstract","9":"product_tag-evocatio","10":"product_tag-strata","12":"first","13":"instock","14":"shipping-taxable","15":"purchasable","16":"product-type-variable"},"_links":{"self":[{"href":"https:\/\/df-abstract.com\/en\/wp-json\/wp\/v2\/product\/2324","targetHints":{"allow":["GET"]}}],"collection":[{"href":"https:\/\/df-abstract.com\/en\/wp-json\/wp\/v2\/product"}],"about":[{"href":"https:\/\/df-abstract.com\/en\/wp-json\/wp\/v2\/types\/product"}],"wp:featuredmedia":[{"embeddable":true,"href":"https:\/\/df-abstract.com\/en\/wp-json\/wp\/v2\/media\/1921"}],"wp:attachment":[{"href":"https:\/\/df-abstract.com\/en\/wp-json\/wp\/v2\/media?parent=2324"}],"wp:term":[{"taxonomy":"product_brand","embeddable":true,"href":"https:\/\/df-abstract.com\/en\/wp-json\/wp\/v2\/product_brand?post=2324"},{"taxonomy":"product_cat","embeddable":true,"href":"https:\/\/df-abstract.com\/en\/wp-json\/wp\/v2\/product_cat?post=2324"},{"taxonomy":"product_tag","embeddable":true,"href":"https:\/\/df-abstract.com\/en\/wp-json\/wp\/v2\/product_tag?post=2324"}],"curies":[{"name":"wp","href":"https:\/\/api.w.org\/{rel}","templated":true}]}}