{"id":2820,"date":"2026-01-31T13:30:46","date_gmt":"2026-01-31T13:30:46","guid":{"rendered":"https:\/\/df-abstract.com\/?post_type=product&#038;p=2820"},"modified":"2026-02-22T13:55:09","modified_gmt":"2026-02-22T13:55:09","slug":"evocatio-inertia","status":"publish","type":"product","link":"https:\/\/df-abstract.com\/en\/editions\/evocatio-inertia\/","title":{"rendered":"<em>evocatio inertia<\/em>"},"content":{"rendered":"<p><strong data-start=\"995\" data-end=\"1024\">e<em>vocatio \u00ab inertia \u00bb<\/em><\/strong><\/p>\n<p class=\"translation-block\">\u2022 limited edition:<br>\neach version, medium, and format is issued as an independent print run.<br>\n\u2022 each piece is numbered, signed, and accompanied by a certificate of authenticity, in accordance with the DF-ABSTRACT charter.<br>\n\u2022 quantities vary depending on the selected variation.<\/p>\n<figure id=\"attachment_4790\" aria-describedby=\"caption-attachment-4790\" style=\"width: 200px\" class=\"wp-caption alignnone\"><img loading=\"lazy\" decoding=\"async\" class=\"wp-image-4790 size-medium\" src=\"https:\/\/df-abstract.com\/wp-content\/uploads\/2026\/02\/file_0000000097a07243b25d166d7a41425d-1-200x300.png\" alt=\"\" width=\"200\" height=\"300\" srcset=\"https:\/\/df-abstract.com\/wp-content\/uploads\/2026\/02\/file_0000000097a07243b25d166d7a41425d-1-200x300.png 200w, https:\/\/df-abstract.com\/wp-content\/uploads\/2026\/02\/file_0000000097a07243b25d166d7a41425d-1-683x1024.png 683w, https:\/\/df-abstract.com\/wp-content\/uploads\/2026\/02\/file_0000000097a07243b25d166d7a41425d-1-768x1152.png 768w, https:\/\/df-abstract.com\/wp-content\/uploads\/2026\/02\/file_0000000097a07243b25d166d7a41425d-1-8x12.png 8w, https:\/\/df-abstract.com\/wp-content\/uploads\/2026\/02\/file_0000000097a07243b25d166d7a41425d-1-600x900.png 600w, https:\/\/df-abstract.com\/wp-content\/uploads\/2026\/02\/file_0000000097a07243b25d166d7a41425d-1.png 1024w\" sizes=\"auto, (max-width: 200px) 100vw, 200px\" \/><figcaption id=\"caption-attachment-4790\" class=\"wp-caption-text\">mock-up: non-contractual presentation (indicative proportions)<\/figcaption><\/figure>","protected":false},"excerpt":{"rendered":"<p><em>inertia<\/em> explore l\u2019\u00e9tat de tension silencieuse o\u00f9 tout semble immobile alors qu\u2019une force persiste.<br data-start=\"270\" data-end=\"273\" \/>la composition traduit une r\u00e9sistance interne, une \u00e9nergie contenue qui ne se dissipe pas mais se maintient, stable et irr\u00e9versible.<\/p>","protected":false},"featured_media":1893,"template":"","meta":[],"product_brand":[],"product_cat":[40],"product_tag":[91,41,42],"class_list":{"0":"post-2820","1":"product","2":"type-product","3":"status-publish","4":"has-post-thumbnail","6":"product_cat-evocatio","7":"product_tag-inertia","8":"product_tag-df-abstract","9":"product_tag-evocatio","11":"first","12":"instock","13":"shipping-taxable","14":"purchasable","15":"product-type-variable"},"_links":{"self":[{"href":"https:\/\/df-abstract.com\/en\/wp-json\/wp\/v2\/product\/2820","targetHints":{"allow":["GET"]}}],"collection":[{"href":"https:\/\/df-abstract.com\/en\/wp-json\/wp\/v2\/product"}],"about":[{"href":"https:\/\/df-abstract.com\/en\/wp-json\/wp\/v2\/types\/product"}],"wp:featuredmedia":[{"embeddable":true,"href":"https:\/\/df-abstract.com\/en\/wp-json\/wp\/v2\/media\/1893"}],"wp:attachment":[{"href":"https:\/\/df-abstract.com\/en\/wp-json\/wp\/v2\/media?parent=2820"}],"wp:term":[{"taxonomy":"product_brand","embeddable":true,"href":"https:\/\/df-abstract.com\/en\/wp-json\/wp\/v2\/product_brand?post=2820"},{"taxonomy":"product_cat","embeddable":true,"href":"https:\/\/df-abstract.com\/en\/wp-json\/wp\/v2\/product_cat?post=2820"},{"taxonomy":"product_tag","embeddable":true,"href":"https:\/\/df-abstract.com\/en\/wp-json\/wp\/v2\/product_tag?post=2820"}],"curies":[{"name":"wp","href":"https:\/\/api.w.org\/{rel}","templated":true}]}}