{"id":3438,"date":"2026-02-05T15:10:22","date_gmt":"2026-02-05T15:10:22","guid":{"rendered":"https:\/\/df-abstract.com\/?post_type=product&#038;p=3438"},"modified":"2026-02-24T09:20:14","modified_gmt":"2026-02-24T09:20:14","slug":"cesura","status":"publish","type":"product","link":"https:\/\/df-abstract.com\/en\/editions\/cesura\/","title":{"rendered":"<em>evocatio cesura<\/em>"},"content":{"rendered":"<p><em><strong data-start=\"995\" data-end=\"1024\">evocatio \u00ab\u00a0cesura\u00a0\u00bb<\/strong><\/em><\/p>\n<p class=\"translation-block\">\u2022 limited edition:<br>\neach version, medium, and format is issued as an independent print run.<br>\n\u2022 each piece is numbered, signed, and accompanied by a certificate of authenticity, in accordance with the DF-ABSTRACT charter.<br>\n\u2022 quantities vary depending on the selected variation.<\/p>\n<figure id=\"attachment_4775\" aria-describedby=\"caption-attachment-4775\" style=\"width: 200px\" class=\"wp-caption alignnone\"><img loading=\"lazy\" decoding=\"async\" class=\"wp-image-4775 size-medium\" src=\"https:\/\/df-abstract.com\/wp-content\/uploads\/2026\/02\/moke-up-cesura-200x300.png\" alt=\"\" width=\"200\" height=\"300\" srcset=\"https:\/\/df-abstract.com\/wp-content\/uploads\/2026\/02\/moke-up-cesura-200x300.png 200w, https:\/\/df-abstract.com\/wp-content\/uploads\/2026\/02\/moke-up-cesura-683x1024.png 683w, https:\/\/df-abstract.com\/wp-content\/uploads\/2026\/02\/moke-up-cesura-768x1152.png 768w, https:\/\/df-abstract.com\/wp-content\/uploads\/2026\/02\/moke-up-cesura-8x12.png 8w, https:\/\/df-abstract.com\/wp-content\/uploads\/2026\/02\/moke-up-cesura-600x900.png 600w, https:\/\/df-abstract.com\/wp-content\/uploads\/2026\/02\/moke-up-cesura.png 1024w\" sizes=\"auto, (max-width: 200px) 100vw, 200px\" \/><figcaption id=\"caption-attachment-4775\" class=\"wp-caption-text\">mock-up: non-contractual presentation (indicative proportions)<\/figcaption><\/figure>","protected":false},"excerpt":{"rendered":"<p data-start=\"171\" data-end=\"342\"><em><em>cesura<\/em><\/em>\u00a0 mat\u00e9rialise l\u2019instant de rupture : une tension continue brusquement interrompue, o\u00f9 l\u2019\u00e9nergie ne dispara\u00eet pas mais se concentre, se condense, puis bascule.<\/p>\n<p data-start=\"344\" data-end=\"529\">l\u2019axe lumineux agit comme une coupure nette dans le champ, s\u00e9parant le flux en un avant et un apr\u00e8s irr\u00e9versibles.<br data-start=\"460\" data-end=\"463\" \/>la forme ne raconte pas l\u2019\u00e9v\u00e9nement : elle en isole la fracture.<\/p>\n<p>&nbsp;<\/p>","protected":false},"featured_media":2446,"template":"","meta":[],"product_brand":[],"product_cat":[40,106],"product_tag":[41,42,103],"class_list":{"0":"post-3438","1":"product","2":"type-product","3":"status-publish","4":"has-post-thumbnail","6":"product_cat-evocatio","7":"product_cat-interruptio","8":"product_tag-df-abstract","9":"product_tag-evocatio","10":"product_tag-cesura","12":"first","13":"instock","14":"shipping-taxable","15":"purchasable","16":"product-type-variable"},"_links":{"self":[{"href":"https:\/\/df-abstract.com\/en\/wp-json\/wp\/v2\/product\/3438","targetHints":{"allow":["GET"]}}],"collection":[{"href":"https:\/\/df-abstract.com\/en\/wp-json\/wp\/v2\/product"}],"about":[{"href":"https:\/\/df-abstract.com\/en\/wp-json\/wp\/v2\/types\/product"}],"wp:featuredmedia":[{"embeddable":true,"href":"https:\/\/df-abstract.com\/en\/wp-json\/wp\/v2\/media\/2446"}],"wp:attachment":[{"href":"https:\/\/df-abstract.com\/en\/wp-json\/wp\/v2\/media?parent=3438"}],"wp:term":[{"taxonomy":"product_brand","embeddable":true,"href":"https:\/\/df-abstract.com\/en\/wp-json\/wp\/v2\/product_brand?post=3438"},{"taxonomy":"product_cat","embeddable":true,"href":"https:\/\/df-abstract.com\/en\/wp-json\/wp\/v2\/product_cat?post=3438"},{"taxonomy":"product_tag","embeddable":true,"href":"https:\/\/df-abstract.com\/en\/wp-json\/wp\/v2\/product_tag?post=3438"}],"curies":[{"name":"wp","href":"https:\/\/api.w.org\/{rel}","templated":true}]}}