{"id":3464,"date":"2026-02-05T15:39:54","date_gmt":"2026-02-05T15:39:54","guid":{"rendered":"https:\/\/df-abstract.com\/?post_type=product&#038;p=3464"},"modified":"2026-02-24T09:17:28","modified_gmt":"2026-02-24T09:17:28","slug":"coniunctio","status":"publish","type":"product","link":"https:\/\/df-abstract.com\/en\/editions\/coniunctio\/","title":{"rendered":"<em>Coniunctio<\/em>"},"content":{"rendered":"<p><strong data-start=\"995\" data-end=\"1024\"><em>evocatio \u00ab coniunctio \u00bb<\/em><\/strong><\/p>\n<p class=\"translation-block\">\u2022 limited edition:<br>\neach version, medium, and format is issued as an independent print run.<br>\n\u2022 each piece is numbered, signed, and accompanied by a certificate of authenticity, in accordance with the DF-ABSTRACT charter.<br>\n\u2022 quantities vary depending on the selected variation.<\/p>\n<figure id=\"attachment_4772\" aria-describedby=\"caption-attachment-4772\" style=\"width: 200px\" class=\"wp-caption alignnone\"><img loading=\"lazy\" decoding=\"async\" class=\"wp-image-4772 size-medium\" src=\"https:\/\/df-abstract.com\/wp-content\/uploads\/2026\/02\/moke-up-coniunctio-200x300.png\" alt=\"\" width=\"200\" height=\"300\" srcset=\"https:\/\/df-abstract.com\/wp-content\/uploads\/2026\/02\/moke-up-coniunctio-200x300.png 200w, https:\/\/df-abstract.com\/wp-content\/uploads\/2026\/02\/moke-up-coniunctio-683x1024.png 683w, https:\/\/df-abstract.com\/wp-content\/uploads\/2026\/02\/moke-up-coniunctio-768x1152.png 768w, https:\/\/df-abstract.com\/wp-content\/uploads\/2026\/02\/moke-up-coniunctio-8x12.png 8w, https:\/\/df-abstract.com\/wp-content\/uploads\/2026\/02\/moke-up-coniunctio-600x900.png 600w, https:\/\/df-abstract.com\/wp-content\/uploads\/2026\/02\/moke-up-coniunctio.png 1024w\" sizes=\"auto, (max-width: 200px) 100vw, 200px\" \/><figcaption id=\"caption-attachment-4772\" class=\"wp-caption-text\">mock-up: non-contractual presentation (indicative proportions)<\/figcaption><\/figure>","protected":false},"excerpt":{"rendered":"<div dir=\"auto\"><em><em>coniunctio<\/em><\/em> explore l\u2019union de trajectoires distinctes au sein d\u2019un m\u00eame flux.<\/div>\n<div dir=\"auto\">l\u2019\u0153uvre met en tension deux mouvements compl\u00e9mentaires qui s\u2019entrelacent pour g\u00e9n\u00e9rer un \u00e9quilibre dynamique.<\/div>\n<div dir=\"auto\">elle traduit la rencontre de forces oppos\u00e9es dont la convergence produit une continuit\u00e9 nouvelle, r\u00e9v\u00e9lant une harmonie construite par l\u2019interaction.<\/div>","protected":false},"featured_media":1740,"template":"","meta":[],"product_brand":[],"product_cat":[104,40],"product_tag":[102,41,42],"class_list":{"0":"post-3464","1":"product","2":"type-product","3":"status-publish","4":"has-post-thumbnail","6":"product_cat-harmonia","7":"product_cat-evocatio","8":"product_tag-coniunctio","9":"product_tag-df-abstract","10":"product_tag-evocatio","12":"first","13":"instock","14":"shipping-taxable","15":"purchasable","16":"product-type-variable"},"_links":{"self":[{"href":"https:\/\/df-abstract.com\/en\/wp-json\/wp\/v2\/product\/3464","targetHints":{"allow":["GET"]}}],"collection":[{"href":"https:\/\/df-abstract.com\/en\/wp-json\/wp\/v2\/product"}],"about":[{"href":"https:\/\/df-abstract.com\/en\/wp-json\/wp\/v2\/types\/product"}],"wp:featuredmedia":[{"embeddable":true,"href":"https:\/\/df-abstract.com\/en\/wp-json\/wp\/v2\/media\/1740"}],"wp:attachment":[{"href":"https:\/\/df-abstract.com\/en\/wp-json\/wp\/v2\/media?parent=3464"}],"wp:term":[{"taxonomy":"product_brand","embeddable":true,"href":"https:\/\/df-abstract.com\/en\/wp-json\/wp\/v2\/product_brand?post=3464"},{"taxonomy":"product_cat","embeddable":true,"href":"https:\/\/df-abstract.com\/en\/wp-json\/wp\/v2\/product_cat?post=3464"},{"taxonomy":"product_tag","embeddable":true,"href":"https:\/\/df-abstract.com\/en\/wp-json\/wp\/v2\/product_tag?post=3464"}],"curies":[{"name":"wp","href":"https:\/\/api.w.org\/{rel}","templated":true}]}}