{"id":4791,"date":"2026-02-22T10:18:52","date_gmt":"2026-02-22T10:18:52","guid":{"rendered":"https:\/\/df-abstract.com\/?post_type=product&#038;p=4791"},"modified":"2026-02-24T09:12:12","modified_gmt":"2026-02-24T09:12:12","slug":"evocatio-medius","status":"publish","type":"product","link":"https:\/\/df-abstract.com\/en\/editions\/evocatio-medius\/","title":{"rendered":"<em>evocatio medius<\/em>"},"content":{"rendered":"<p><strong data-start=\"995\" data-end=\"1024\"><em>evocatio \u00ab medius\u00bb<\/em><\/strong><\/p>\n<p class=\"translation-block\">\u2022 limited edition:<br>\neach version, medium, and format is issued as an independent print run.<br>\n\u2022 each piece is numbered, signed, and accompanied by a certificate of authenticity, in accordance with the DF-ABSTRACT charter.<br>\n\u2022 quantities vary depending on the selected variation.<\/p>\n<figure id=\"attachment_4770\" aria-describedby=\"caption-attachment-4770\" style=\"width: 200px\" class=\"wp-caption alignnone\"><img loading=\"lazy\" decoding=\"async\" class=\"wp-image-4770 size-medium\" src=\"https:\/\/df-abstract.com\/wp-content\/uploads\/2026\/02\/moke-up-medius-200x300.png\" alt=\"\" width=\"200\" height=\"300\" srcset=\"https:\/\/df-abstract.com\/wp-content\/uploads\/2026\/02\/moke-up-medius-200x300.png 200w, https:\/\/df-abstract.com\/wp-content\/uploads\/2026\/02\/moke-up-medius-683x1024.png 683w, https:\/\/df-abstract.com\/wp-content\/uploads\/2026\/02\/moke-up-medius-768x1152.png 768w, https:\/\/df-abstract.com\/wp-content\/uploads\/2026\/02\/moke-up-medius-8x12.png 8w, https:\/\/df-abstract.com\/wp-content\/uploads\/2026\/02\/moke-up-medius-600x900.png 600w, https:\/\/df-abstract.com\/wp-content\/uploads\/2026\/02\/moke-up-medius.png 1024w\" sizes=\"auto, (max-width: 200px) 100vw, 200px\" \/><figcaption id=\"caption-attachment-4770\" class=\"wp-caption-text\">mock-up: non-contractual presentation (indicative proportions)<\/figcaption><\/figure>","protected":false},"excerpt":{"rendered":"<p data-start=\"168\" data-end=\"338\"><em>medius<\/em> organise le centre comme point de stabilit\u00e9.<br data-start=\"219\" data-end=\"222\" \/>les volumes se distribuent autour d\u2019un axe implicite, se compensent et se r\u00e9gulent, maintenant une tension contenue.<\/p>\n<p data-start=\"340\" data-end=\"490\">l\u2019\u00e9quilibre ne proc\u00e8de ni de la sym\u00e9trie ni de l\u2019opposition, mais d\u2019un ajustement continu des forces :<br data-start=\"442\" data-end=\"445\" \/>une coh\u00e9rence interne, tenue par la mesure.<\/p>","protected":false},"featured_media":857,"template":"","meta":[],"product_brand":[],"product_cat":[40,104],"product_tag":[],"class_list":{"0":"post-4791","1":"product","2":"type-product","3":"status-publish","4":"has-post-thumbnail","6":"product_cat-evocatio","7":"product_cat-harmonia","9":"first","10":"instock","11":"shipping-taxable","12":"purchasable","13":"product-type-variable"},"_links":{"self":[{"href":"https:\/\/df-abstract.com\/en\/wp-json\/wp\/v2\/product\/4791","targetHints":{"allow":["GET"]}}],"collection":[{"href":"https:\/\/df-abstract.com\/en\/wp-json\/wp\/v2\/product"}],"about":[{"href":"https:\/\/df-abstract.com\/en\/wp-json\/wp\/v2\/types\/product"}],"wp:featuredmedia":[{"embeddable":true,"href":"https:\/\/df-abstract.com\/en\/wp-json\/wp\/v2\/media\/857"}],"wp:attachment":[{"href":"https:\/\/df-abstract.com\/en\/wp-json\/wp\/v2\/media?parent=4791"}],"wp:term":[{"taxonomy":"product_brand","embeddable":true,"href":"https:\/\/df-abstract.com\/en\/wp-json\/wp\/v2\/product_brand?post=4791"},{"taxonomy":"product_cat","embeddable":true,"href":"https:\/\/df-abstract.com\/en\/wp-json\/wp\/v2\/product_cat?post=4791"},{"taxonomy":"product_tag","embeddable":true,"href":"https:\/\/df-abstract.com\/en\/wp-json\/wp\/v2\/product_tag?post=4791"}],"curies":[{"name":"wp","href":"https:\/\/api.w.org\/{rel}","templated":true}]}}